{"id":737032,"date":"2025-08-27T23:19:59","date_gmt":"2025-08-27T20:19:59","guid":{"rendered":"https:\/\/roveyayinevi.com.tr\/index.php\/urun\/gencler-icin-ikigai\/"},"modified":"2026-04-05T02:53:17","modified_gmt":"2026-04-04T23:53:17","slug":"gencler-icin-ikigai","status":"publish","type":"product","link":"https:\/\/roveyayinevi.com.tr\/index.php\/urun\/gencler-icin-ikigai\/","title":{"rendered":"Gen\u00e7ler \u0130\u00e7in \u0130kigai"},"content":{"rendered":"<p>Var olma nedenini ke\u015ffet!   Japonlar\u0131n g\u00fcnl\u00fck ya\u015famda mutlulu\u011fu bulma felsefesine dayanan d\u00fcnyaca \u00fcnl\u00fc motivasyon kitab\u0131, \u015fimdi gen\u00e7 okurlar i\u00e7in!   Uluslararas\u0131 \u00e7oksatan Ikigai\u2019nin yazarlar\u0131 H\u00e9ctor Garc\u00eda ve Francesc Miralles, bu kitaplar\u0131nda rotalar\u0131n\u0131 gen\u00e7 okurlar\u0131na \u00e7eviriyor. Gen\u00e7lerin hayat ama\u00e7lar\u0131n\u0131 bulup keyif alacaklar\u0131 bir hayat kurmalar\u0131 i\u00e7in onlara harika bir rehber sunuyor.   Mutlu bir hayat s\u00fcrme f\u0131rsat\u0131n\u0131 elde etmek asl\u0131nda \u015fansa ba\u011fl\u0131 de\u011fil, Japonlar\u0131n ikigai felsefesini kullanarak bu yolda ad\u0131mlar atabilecek herkesin elinde. Ikigaini ke\u015ffetti\u011finde zorluklarla kar\u015f\u0131la\u015fsan bile ba\u015far\u0131s\u0131zl\u0131klardan korkmayacak, reddedilmeyi olumsuz kar\u015f\u0131lamayacak, sana inanacak ki\u015filer bulacak ve kar\u015f\u0131na \u00e7\u0131kan f\u0131rsatlardan yararlanacaks\u0131n.    Bu kitapta hayat ama\u00e7lar\u0131n\u0131n pe\u015finden gitmi\u015f d\u00fcnyaca \u00fcnl\u00fc ki\u015filerin de deneyimleri e\u015fli\u011finde ikigaini bulma yolundaki t\u00fcm ara\u00e7lar\u0131 edineceksin! Gen\u00e7ler \u0130\u00e7in Ikigai\u2019yi okudu\u011funda kendinin en iyi versiyonuna d\u00f6n\u00fc\u015fecek ve hayat\u0131na farkl\u0131 bir perspektifle devam edeceksin\u2026 <\/p>\n","protected":false},"excerpt":{"rendered":"<p>Var olma nedenini ke\u015ffet! Japonlar\u0131n g\u00fcnl\u00fck ya\u015famda mutlulu\u011fu bulma felsefesine dayanan d\u00fcnyaca \u00fcnl\u00fc motivasyon kitab\u0131, \u015fimdi gen\u00e7 okurlar i\u00e7in! Uluslararas\u0131 \u00e7oksatan Ikigai\u2019nin yazarlar\u0131 H\u00e9ctor Garc\u00eda ve<span class=\"excerpt-hellip\"> [\u2026]<\/span><\/p>\n","protected":false},"featured_media":0,"template":"","meta":{"_monsterinsights_skip_tracking":false,"_monsterinsights_sitenote_active":false,"_monsterinsights_sitenote_note":"","_monsterinsights_sitenote_category":0},"product_brand":[],"product_cat":[12364,12376],"product_tag":[],"class_list":{"0":"post-737032","1":"product","2":"type-product","3":"status-publish","5":"product_cat-genel-konular","6":"product_cat-kisisel-gelisim","7":"pa_cilt-ciltsiz","8":"pa_tur-kitap","9":"pa_yayinevi-indigo-kitap","10":"pa_yazar-hector-garcia-francesc-miralles","12":"first","13":"instock","14":"sale","15":"shipping-taxable","16":"purchasable","17":"product-type-simple"},"_links":{"self":[{"href":"https:\/\/roveyayinevi.com.tr\/index.php\/wp-json\/wp\/v2\/product\/737032","targetHints":{"allow":["GET"]}}],"collection":[{"href":"https:\/\/roveyayinevi.com.tr\/index.php\/wp-json\/wp\/v2\/product"}],"about":[{"href":"https:\/\/roveyayinevi.com.tr\/index.php\/wp-json\/wp\/v2\/types\/product"}],"wp:attachment":[{"href":"https:\/\/roveyayinevi.com.tr\/index.php\/wp-json\/wp\/v2\/media?parent=737032"}],"wp:term":[{"taxonomy":"product_brand","embeddable":true,"href":"https:\/\/roveyayinevi.com.tr\/index.php\/wp-json\/wp\/v2\/product_brand?post=737032"},{"taxonomy":"product_cat","embeddable":true,"href":"https:\/\/roveyayinevi.com.tr\/index.php\/wp-json\/wp\/v2\/product_cat?post=737032"},{"taxonomy":"product_tag","embeddable":true,"href":"https:\/\/roveyayinevi.com.tr\/index.php\/wp-json\/wp\/v2\/product_tag?post=737032"}],"curies":[{"name":"wp","href":"https:\/\/api.w.org\/{rel}","templated":true}]}}