{"id":737029,"date":"2025-08-27T23:19:48","date_gmt":"2025-08-27T20:19:48","guid":{"rendered":"https:\/\/roveyayinevi.com.tr\/index.php\/urun\/anne-okulumu-seviyorum-ciltli\/"},"modified":"2026-04-16T02:46:01","modified_gmt":"2026-04-15T23:46:01","slug":"anne-okulumu-seviyorum-ciltli","status":"publish","type":"product","link":"https:\/\/roveyayinevi.com.tr\/index.php\/urun\/anne-okulumu-seviyorum-ciltli\/","title":{"rendered":"Anne Okulumu Seviyorum (Ciltli)"},"content":{"rendered":"<p>Yusuf biraz heyecanl\u0131. \u0130lk defa okula gidiyor. Neler d\u00fc\u015f\u00fcn\u00fcyor? Neler hissediyor? Neler oluyor? Ve okuluna al\u0131\u015fabiliyor mu? Merak ettiysen, haydi sana bu kitab\u0131 okuyan\u0131 dikkatlice dinle. G\u00fczel okumalar! Ben, Kumru.  <\/p>\n","protected":false},"excerpt":{"rendered":"<p>Yusuf biraz heyecanl\u0131. \u0130lk defa okula gidiyor. Neler d\u00fc\u015f\u00fcn\u00fcyor? Neler hissediyor? Neler oluyor? Ve okuluna al\u0131\u015fabiliyor mu? Merak ettiysen, haydi sana bu kitab\u0131 okuyan\u0131 dikkatlice dinle.<span class=\"excerpt-hellip\"> [\u2026]<\/span><\/p>\n","protected":false},"featured_media":0,"template":"","meta":{"_monsterinsights_skip_tracking":false,"_monsterinsights_sitenote_active":false,"_monsterinsights_sitenote_note":"","_monsterinsights_sitenote_category":0},"product_brand":[],"product_cat":[12274,12284],"product_tag":[],"class_list":{"0":"post-737029","1":"product","2":"type-product","3":"status-publish","5":"product_cat-cocuk-ve-genclik-kitaplari","6":"product_cat-hikayeler","7":"pa_cilt-ciltli","8":"pa_tur-kitap","9":"pa_yayinevi-nesil-cocuk-yayinlari","10":"pa_yazar-fazilet-seyitoglu","12":"first","13":"instock","14":"sale","15":"shipping-taxable","16":"purchasable","17":"product-type-simple"},"_links":{"self":[{"href":"https:\/\/roveyayinevi.com.tr\/index.php\/wp-json\/wp\/v2\/product\/737029","targetHints":{"allow":["GET"]}}],"collection":[{"href":"https:\/\/roveyayinevi.com.tr\/index.php\/wp-json\/wp\/v2\/product"}],"about":[{"href":"https:\/\/roveyayinevi.com.tr\/index.php\/wp-json\/wp\/v2\/types\/product"}],"wp:attachment":[{"href":"https:\/\/roveyayinevi.com.tr\/index.php\/wp-json\/wp\/v2\/media?parent=737029"}],"wp:term":[{"taxonomy":"product_brand","embeddable":true,"href":"https:\/\/roveyayinevi.com.tr\/index.php\/wp-json\/wp\/v2\/product_brand?post=737029"},{"taxonomy":"product_cat","embeddable":true,"href":"https:\/\/roveyayinevi.com.tr\/index.php\/wp-json\/wp\/v2\/product_cat?post=737029"},{"taxonomy":"product_tag","embeddable":true,"href":"https:\/\/roveyayinevi.com.tr\/index.php\/wp-json\/wp\/v2\/product_tag?post=737029"}],"curies":[{"name":"wp","href":"https:\/\/api.w.org\/{rel}","templated":true}]}}