{"id":737028,"date":"2025-08-27T23:19:47","date_gmt":"2025-08-27T20:19:47","guid":{"rendered":"https:\/\/roveyayinevi.com.tr\/index.php\/urun\/tom-sawyerin-maceralari-12\/"},"modified":"2025-11-07T07:30:59","modified_gmt":"2025-11-07T04:30:59","slug":"tom-sawyerin-maceralari-12","status":"publish","type":"product","link":"https:\/\/roveyayinevi.com.tr\/index.php\/urun\/tom-sawyerin-maceralari-12\/","title":{"rendered":"Tom Sawyer&#8217;\u0131n Maceralar\u0131"},"content":{"rendered":"<p>Tom insano\u011flunun eylemleriyle ilgili \u00f6nemli bir kural\u0131n fark\u0131na varm\u0131\u015ft\u0131: Yeti\u015fkin veya \u00e7ocuk, insan elde edilmesi kolay olmayan \u015feyi arzu ediyordu.   Becerikli anlat\u0131m\u0131 ve zekice tasarlad\u0131\u011f\u0131 kurgusuyla yediden yetmi\u015fe okurlar\u0131n sevgisini kazanan Amerikal\u0131 hiciv ustas\u0131 Mark Twain\u2019in, \u00e7ocukluk \u00e7a\u011f\u0131n\u0131n simgesi haline gelen yaramaz ve korkusuz karakteri Tom Sawyer\u2019la birlikte maceralara at\u0131lmaya haz\u0131r m\u0131s\u0131n\u0131z?   Polly Teyze\u2019siyle birlikte ya\u015fayan Tom\u2019un ba\u015f\u0131 bir t\u00fcrl\u00fc beladan kurtulmazken, o ve arkada\u015flar\u0131yla birlikte siz de maceradan maceraya ko\u015facak, on dokuzuncu y\u00fczy\u0131l\u0131n \u0131rk\u00e7\u0131l\u0131k sorunuyla m\u00fccadele edecek, Mississippi Nehri\u2019nin g\u00fczelliklerini ke\u015ffedeceksiniz. Tom\u2019un ki\u015fili\u011fini bulma hik\u00e2yesinde ayr\u0131ca sevgili arkada\u015f\u0131 Huckleberry Finn\u2019le tan\u0131\u015facaks\u0131n\u0131z. \u0130lk defa 1876 y\u0131l\u0131nda yay\u0131mlanan Tom Sawyer\u2019\u0131n Maceralar\u0131, g\u00fcn\u00fcm\u00fcze kadar d\u00fcnya \u00e7ap\u0131nda pek \u00e7ok sinema filmi ve televizyon dizisinin, ayn\u0131 zamanda y\u00fcz binlerce \u00e7ocu\u011fun ilham kayna\u011f\u0131 olmu\u015ftur. <\/p>\n","protected":false},"excerpt":{"rendered":"<p>Tom insano\u011flunun eylemleriyle ilgili \u00f6nemli bir kural\u0131n fark\u0131na varm\u0131\u015ft\u0131: Yeti\u015fkin veya \u00e7ocuk, insan elde edilmesi kolay olmayan \u015feyi arzu ediyordu. Becerikli anlat\u0131m\u0131 ve zekice tasarlad\u0131\u011f\u0131 kurgusuyla<span class=\"excerpt-hellip\"> [\u2026]<\/span><\/p>\n","protected":false},"featured_media":0,"template":"","meta":{"_monsterinsights_skip_tracking":false,"_monsterinsights_sitenote_active":false,"_monsterinsights_sitenote_note":"","_monsterinsights_sitenote_category":0},"product_brand":[],"product_cat":[12274,12467],"product_tag":[],"class_list":{"0":"post-737028","1":"product","2":"type-product","3":"status-publish","5":"product_cat-cocuk-ve-genclik-kitaplari","6":"product_cat-dunya-klasikleri","7":"pa_cilt-ciltsiz","8":"pa_tur-kitap","9":"pa_yayinevi-indigo-cocuk","10":"pa_yazar-mark-twain","12":"first","13":"instock","14":"sale","15":"shipping-taxable","16":"purchasable","17":"product-type-simple"},"_links":{"self":[{"href":"https:\/\/roveyayinevi.com.tr\/index.php\/wp-json\/wp\/v2\/product\/737028","targetHints":{"allow":["GET"]}}],"collection":[{"href":"https:\/\/roveyayinevi.com.tr\/index.php\/wp-json\/wp\/v2\/product"}],"about":[{"href":"https:\/\/roveyayinevi.com.tr\/index.php\/wp-json\/wp\/v2\/types\/product"}],"wp:attachment":[{"href":"https:\/\/roveyayinevi.com.tr\/index.php\/wp-json\/wp\/v2\/media?parent=737028"}],"wp:term":[{"taxonomy":"product_brand","embeddable":true,"href":"https:\/\/roveyayinevi.com.tr\/index.php\/wp-json\/wp\/v2\/product_brand?post=737028"},{"taxonomy":"product_cat","embeddable":true,"href":"https:\/\/roveyayinevi.com.tr\/index.php\/wp-json\/wp\/v2\/product_cat?post=737028"},{"taxonomy":"product_tag","embeddable":true,"href":"https:\/\/roveyayinevi.com.tr\/index.php\/wp-json\/wp\/v2\/product_tag?post=737028"}],"curies":[{"name":"wp","href":"https:\/\/api.w.org\/{rel}","templated":true}]}}