{"id":737027,"date":"2025-08-27T23:19:46","date_gmt":"2025-08-27T20:19:46","guid":{"rendered":"https:\/\/roveyayinevi.com.tr\/index.php\/urun\/huckleberry-finnin-maceralari-7\/"},"modified":"2026-04-16T02:46:01","modified_gmt":"2026-04-15T23:46:01","slug":"huckleberry-finnin-maceralari-7","status":"publish","type":"product","link":"https:\/\/roveyayinevi.com.tr\/index.php\/urun\/huckleberry-finnin-maceralari-7\/","title":{"rendered":"Huckleberry Finn&#8217;in Maceralar\u0131"},"content":{"rendered":"<p>Tom Sawyer ve Huckleberry Finn yeniden bir araya geliyor ve i\u015fler iyice kar\u0131\u015f\u0131yor. Onlarla bir kez daha maceralara at\u0131lmaya var m\u0131s\u0131n\u0131z?   Sevgili arkada\u015f\u0131 Tom\u2019un aksine toplumun geneline uygun ya\u015famay\u0131 reddeden Huckleberry Finn, Dul Douglas\u2019\u0131n evindeki rahat ya\u015fam\u0131ndan ka\u00e7arak sokaklara s\u0131\u011f\u0131n\u0131r. Daha sonra arkada\u015flar\u0131yla birlikte ba\u015f\u0131n\u0131 t\u00fcrl\u00fc belalara sokar.   Twain\u2019in ne\u015feli, zeki ve i\u011fneleyici diliyle kaleme ald\u0131\u011f\u0131, ilk defa 1884 y\u0131l\u0131nda yay\u0131mlanan Huckleberry Finn\u2019in Maceralar\u0131\u2019nda Huck\u2019\u0131n \u00f6zg\u00fcrl\u00fc\u011f\u00fcn\u00fc ilan edi\u015fine tan\u0131k olurken, ayn\u0131 zamanda ba\u015fkalar\u0131n\u0131 da d\u00fc\u015f\u00fcnmenin \u00f6nemini ke\u015ffedeceksiniz. <\/p>\n","protected":false},"excerpt":{"rendered":"<p>Tom Sawyer ve Huckleberry Finn yeniden bir araya geliyor ve i\u015fler iyice kar\u0131\u015f\u0131yor. Onlarla bir kez daha maceralara at\u0131lmaya var m\u0131s\u0131n\u0131z? Sevgili arkada\u015f\u0131 Tom\u2019un aksine toplumun<span class=\"excerpt-hellip\"> [\u2026]<\/span><\/p>\n","protected":false},"featured_media":0,"template":"","meta":{"_monsterinsights_skip_tracking":false,"_monsterinsights_sitenote_active":false,"_monsterinsights_sitenote_note":"","_monsterinsights_sitenote_category":0},"product_brand":[],"product_cat":[12274,12467],"product_tag":[],"class_list":{"0":"post-737027","1":"product","2":"type-product","3":"status-publish","5":"product_cat-cocuk-ve-genclik-kitaplari","6":"product_cat-dunya-klasikleri","7":"pa_cilt-ciltsiz","8":"pa_tur-kitap","9":"pa_yayinevi-indigo-kitap","10":"pa_yazar-mark-twain","12":"first","13":"instock","14":"sale","15":"shipping-taxable","16":"purchasable","17":"product-type-simple"},"_links":{"self":[{"href":"https:\/\/roveyayinevi.com.tr\/index.php\/wp-json\/wp\/v2\/product\/737027","targetHints":{"allow":["GET"]}}],"collection":[{"href":"https:\/\/roveyayinevi.com.tr\/index.php\/wp-json\/wp\/v2\/product"}],"about":[{"href":"https:\/\/roveyayinevi.com.tr\/index.php\/wp-json\/wp\/v2\/types\/product"}],"wp:attachment":[{"href":"https:\/\/roveyayinevi.com.tr\/index.php\/wp-json\/wp\/v2\/media?parent=737027"}],"wp:term":[{"taxonomy":"product_brand","embeddable":true,"href":"https:\/\/roveyayinevi.com.tr\/index.php\/wp-json\/wp\/v2\/product_brand?post=737027"},{"taxonomy":"product_cat","embeddable":true,"href":"https:\/\/roveyayinevi.com.tr\/index.php\/wp-json\/wp\/v2\/product_cat?post=737027"},{"taxonomy":"product_tag","embeddable":true,"href":"https:\/\/roveyayinevi.com.tr\/index.php\/wp-json\/wp\/v2\/product_tag?post=737027"}],"curies":[{"name":"wp","href":"https:\/\/api.w.org\/{rel}","templated":true}]}}