{"id":737026,"date":"2025-08-27T23:19:45","date_gmt":"2025-08-27T20:19:45","guid":{"rendered":"https:\/\/roveyayinevi.com.tr\/index.php\/urun\/merope\/"},"modified":"2026-04-16T02:46:01","modified_gmt":"2026-04-15T23:46:01","slug":"merope","status":"publish","type":"product","link":"https:\/\/roveyayinevi.com.tr\/index.php\/urun\/merope\/","title":{"rendered":"Merope"},"content":{"rendered":"<p>G\u00f6ky\u00fcz\u00fcndeki say\u0131s\u0131z y\u0131ld\u0131zdan biri, Merope. Biraz titrek, biraz \u00fcrkek! Peki ama niye? \u00c7\u00fcnk\u00fc korkuyor \u0131\u015f\u0131\u011f\u0131n\u0131 sa\u00e7amazsa diye&#8230; Buz gibi so\u011fukta, \u00e7ok \u00fc\u015f\u00fcd\u00fc\u011f\u00fc bir gece, tutunup r\u00fczg\u00e2ra, iniveriyor yery\u00fcz\u00fcne. Hem de s\u0131cac\u0131k koyun y\u00fcnlerinin \u00fczerine!   G\u00f6knur Birincio\u011flu\u2019nun yazd\u0131\u011f\u0131 bu \u015fiirsel \u00f6yk\u00fcde, \u00dclker y\u0131ld\u0131z k\u00fcmesinin en s\u00f6n\u00fck y\u0131ld\u0131z\u0131 Merope yery\u00fcz\u00fcne iniyor ve \u0131\u015f\u0131l \u0131\u015f\u0131l tozlar\u0131n\u0131n etrafa sa\u00e7\u0131lmas\u0131yla i\u00e7indeki g\u00fcc\u00fc ke\u015ffediyor. Koyunlar\u0131n y\u00fcnlerinde, \u00e7oban\u0131n ellerinde par\u0131ld\u0131yor ve b\u00f6ylece bizi \u00f6nce g\u00f6ky\u00fcz\u00fcnde, sonra ormanda izini s\u00fcrece\u011fimiz bir ke\u015fif ser\u00fcvenine davet ediyor. Merve At\u0131lgan\u2019\u0131n g\u00f6z al\u0131c\u0131 resimleriyle Merope, okurlar\u0131na benzersiz bir \u0131\u015f\u0131lt\u0131 sa\u00e7\u0131yor. <\/p>\n","protected":false},"excerpt":{"rendered":"<p>G\u00f6ky\u00fcz\u00fcndeki say\u0131s\u0131z y\u0131ld\u0131zdan biri, Merope. Biraz titrek, biraz \u00fcrkek! Peki ama niye? \u00c7\u00fcnk\u00fc korkuyor \u0131\u015f\u0131\u011f\u0131n\u0131 sa\u00e7amazsa diye&#8230; Buz gibi so\u011fukta, \u00e7ok \u00fc\u015f\u00fcd\u00fc\u011f\u00fc bir gece, tutunup r\u00fczg\u00e2ra,<span class=\"excerpt-hellip\"> [\u2026]<\/span><\/p>\n","protected":false},"featured_media":0,"template":"","meta":{"_monsterinsights_skip_tracking":false,"_monsterinsights_sitenote_active":false,"_monsterinsights_sitenote_note":"","_monsterinsights_sitenote_category":0},"product_brand":[],"product_cat":[12913,12274],"product_tag":[],"class_list":{"0":"post-737026","1":"product","2":"type-product","3":"status-publish","5":"product_cat-3-6-yas-kitaplari","6":"product_cat-cocuk-ve-genclik-kitaplari","7":"pa_cilt-ciltsiz","8":"pa_tur-kitap","9":"pa_yayinevi-redhouse-kidz-yayinlari","10":"pa_yazar-goknur-birincioglu","12":"first","13":"instock","14":"sale","15":"shipping-taxable","16":"purchasable","17":"product-type-simple"},"_links":{"self":[{"href":"https:\/\/roveyayinevi.com.tr\/index.php\/wp-json\/wp\/v2\/product\/737026","targetHints":{"allow":["GET"]}}],"collection":[{"href":"https:\/\/roveyayinevi.com.tr\/index.php\/wp-json\/wp\/v2\/product"}],"about":[{"href":"https:\/\/roveyayinevi.com.tr\/index.php\/wp-json\/wp\/v2\/types\/product"}],"wp:attachment":[{"href":"https:\/\/roveyayinevi.com.tr\/index.php\/wp-json\/wp\/v2\/media?parent=737026"}],"wp:term":[{"taxonomy":"product_brand","embeddable":true,"href":"https:\/\/roveyayinevi.com.tr\/index.php\/wp-json\/wp\/v2\/product_brand?post=737026"},{"taxonomy":"product_cat","embeddable":true,"href":"https:\/\/roveyayinevi.com.tr\/index.php\/wp-json\/wp\/v2\/product_cat?post=737026"},{"taxonomy":"product_tag","embeddable":true,"href":"https:\/\/roveyayinevi.com.tr\/index.php\/wp-json\/wp\/v2\/product_tag?post=737026"}],"curies":[{"name":"wp","href":"https:\/\/api.w.org\/{rel}","templated":true}]}}