{"id":737023,"date":"2025-08-27T23:19:42","date_gmt":"2025-08-27T20:19:42","guid":{"rendered":"https:\/\/roveyayinevi.com.tr\/index.php\/urun\/meshurlarin-son-anlari\/"},"modified":"2026-04-16T02:46:01","modified_gmt":"2026-04-15T23:46:01","slug":"meshurlarin-son-anlari","status":"publish","type":"product","link":"https:\/\/roveyayinevi.com.tr\/index.php\/urun\/meshurlarin-son-anlari\/","title":{"rendered":"Me\u015fhurlar\u0131n Son Anlar\u0131"},"content":{"rendered":"<p>\u201c\u00d6l\u00fcm, bize ne uzak bize ne yak\u0131n \u00f6l\u00fcm. \u00d6l\u00fcms\u00fczl\u00fc\u011f\u00fc tatt\u0131k, bize ne yaps\u0131n \u00f6l\u00fcm?\u201d (Erdem Bayaz\u0131t) \u0130nsan, do\u011fdu \u00f6lecek. B\u00fct\u00fcn di\u011fer varl\u0131klar gibi. \u00d6l\u00fcm var ancak \u00f6l\u00fcms\u00fczl\u00fc\u011f\u00fc ar\u0131yoruz. Bu duygu ve istek verilmi\u015f bize. \u00c7\u00fcnk\u00fc bu m\u00fcmk\u00fcn. M\u00fcmk\u00fcn ama \u00f6ld\u00fckten sonra. Ve o m\u00fcmk\u00fcn, cennet ve cehennem olarak tecelli edecek; bir de aradakiler i\u00e7in araf var. Hangimiz cennette talip olmaz ki? Hangimiz cehennemden korkmaz ki? Oradaki sonsuz hayat i\u00e7in burada bir hayat kurmak, bir \u00f6m\u00fcr ya\u015famak gerekiyor. Elinizdeki kitap bir katalog. Biraz so\u011fuk gibi ama bir \u00f6l\u00fcm katalo\u011fu. En me\u015fhurlar\u0131n, en iyilerin veya en k\u00f6t\u00fclerin \u00f6mr\u00fcnden ve \u00f6l\u00fcm\u00fcnden sahici, as\u0131l renkler. Burada ya\u015fananlar, beklenen sonlar ve as\u0131l sonras\u0131ndaki sonsuzluk i\u00e7in bir \u0131\u015f\u0131k, bir i\u015faret. Bu kadar \u00f6rnekten kendimize bir ibret, bir bak\u0131\u015f \u00e7\u0131karabiliriz. Nihayet bizi de bekleyen ak\u0131bet, gelip \u00e7atacak. Haz\u0131r m\u0131y\u0131z, haz\u0131rl\u0131kl\u0131 m\u0131y\u0131z? \u00d6l\u00fcme ve \u00f6l\u00fcms\u00fczl\u00fc\u011fe. <\/p>\n","protected":false},"excerpt":{"rendered":"<p>\u201c\u00d6l\u00fcm, bize ne uzak bize ne yak\u0131n \u00f6l\u00fcm. \u00d6l\u00fcms\u00fczl\u00fc\u011f\u00fc tatt\u0131k, bize ne yaps\u0131n \u00f6l\u00fcm?\u201d (Erdem Bayaz\u0131t) \u0130nsan, do\u011fdu \u00f6lecek. B\u00fct\u00fcn di\u011fer varl\u0131klar gibi. \u00d6l\u00fcm var ancak<span class=\"excerpt-hellip\"> [\u2026]<\/span><\/p>\n","protected":false},"featured_media":0,"template":"","meta":{"_monsterinsights_skip_tracking":false,"_monsterinsights_sitenote_active":false,"_monsterinsights_sitenote_note":"","_monsterinsights_sitenote_category":0},"product_brand":[],"product_cat":[12777,12291],"product_tag":[],"class_list":{"0":"post-737023","1":"product","2":"type-product","3":"status-publish","5":"product_cat-deneme","6":"product_cat-edebiyat","7":"pa_cilt-ciltsiz","8":"pa_tur-kitap","9":"pa_yayinevi-muhit-kitap","10":"pa_yazar-burhan-bozgeyik","12":"first","13":"instock","14":"sale","15":"shipping-taxable","16":"purchasable","17":"product-type-simple"},"_links":{"self":[{"href":"https:\/\/roveyayinevi.com.tr\/index.php\/wp-json\/wp\/v2\/product\/737023","targetHints":{"allow":["GET"]}}],"collection":[{"href":"https:\/\/roveyayinevi.com.tr\/index.php\/wp-json\/wp\/v2\/product"}],"about":[{"href":"https:\/\/roveyayinevi.com.tr\/index.php\/wp-json\/wp\/v2\/types\/product"}],"wp:attachment":[{"href":"https:\/\/roveyayinevi.com.tr\/index.php\/wp-json\/wp\/v2\/media?parent=737023"}],"wp:term":[{"taxonomy":"product_brand","embeddable":true,"href":"https:\/\/roveyayinevi.com.tr\/index.php\/wp-json\/wp\/v2\/product_brand?post=737023"},{"taxonomy":"product_cat","embeddable":true,"href":"https:\/\/roveyayinevi.com.tr\/index.php\/wp-json\/wp\/v2\/product_cat?post=737023"},{"taxonomy":"product_tag","embeddable":true,"href":"https:\/\/roveyayinevi.com.tr\/index.php\/wp-json\/wp\/v2\/product_tag?post=737023"}],"curies":[{"name":"wp","href":"https:\/\/api.w.org\/{rel}","templated":true}]}}