{"id":737020,"date":"2025-08-27T23:19:39","date_gmt":"2025-08-27T20:19:39","guid":{"rendered":"https:\/\/roveyayinevi.com.tr\/index.php\/urun\/marlene\/"},"modified":"2026-04-16T02:46:01","modified_gmt":"2026-04-15T23:46:01","slug":"marlene","status":"publish","type":"product","link":"https:\/\/roveyayinevi.com.tr\/index.php\/urun\/marlene\/","title":{"rendered":"Marlene"},"content":{"rendered":"<p>Eski asker ve \u00e7ocukluk arkada\u015f\u0131 olan Dan ve Richard, sava\u015f\u0131n ard\u0131ndan ayn\u0131 \u015fehirde sivil ya\u015famlar\u0131na d\u00f6nme m\u00fccadelesi verirler. Sava\u015f\u0131n yorgunlu\u011funu h\u00e2l\u00e2 \u00fczerlerinde ta\u015f\u0131salar da kendilerine normal bir ya\u015fam kurmaya \u00e7al\u0131\u015f\u0131rken farkl\u0131 yollar se\u00e7erler: Dan dikkat \u00e7ekmemek ve uyum sa\u011flamak i\u00e7in \u00e7abalar. \u0130\u00e7g\u00fcd\u00fclerine kar\u015f\u0131 koyamayan Richard ise kavgac\u0131, yasalar\u0131 hi\u00e7e sayan bir tutum edinir. Richard\u2019\u0131n e\u015fi Nath ve k\u0131z\u0131 Mona\u2019dan m\u00fcrekkep ama kendi yoklu\u011funda da\u011f\u0131lan ailesine bir de e\u015finin k\u0131z karde\u015fi Marl\u00e8ne eklenir.\u201cKaybedecek ne kadar \u00e7ok \u015feyimiz varsa o kadar g\u00fc\u00e7l\u00fc oluruz&#8230;\u201d\u00d6n\u00fcne gelenle yatmas\u0131yla ve gitti\u011fi her yere beraberinde u\u011fursuzluk g\u00f6t\u00fcrmesiyle nam salan bald\u0131z\u0131 Marl\u00e8ne\u2019in geli\u015fi, Richard\u2019\u0131n hem dostu Dan hem kar\u0131s\u0131 Nath hem de k\u0131z\u0131 Mona\u2019yla ili\u015fkilerini g\u00fc\u00e7lendirip iyile\u015ftirecek midir, yoksa bu d\u00f6rtl\u00fcn\u00fcn huzurunu mu ka\u00e7\u0131racakt\u0131r?\u201cDan onu hem bu y\u00fczden hem de bu ters karakteri, ho\u015fg\u00f6r\u00fcs\u00fczl\u00fc\u011f\u00fc i\u00e7in seviyordu ama bu sefer i\u015fler fazla k\u0131z\u0131\u015fm\u0131\u015ft\u0131. Bu at\u0131\u015f\u0131n geli\u015fini kimse g\u00f6rmemi\u015fti. Bomba etkisiyle t\u00fcm lobutlar\u0131 deviren bir at\u0131\u015ft\u0131. Her \u015fey parampar\u00e7a olmu\u015ftu.\u201dPhilippe Dijan\u2019\u0131n psikolojik gerilim roman\u0131 Marl\u00e8ne, okurlar\u0131 sivil ya\u015famlar\u0131na al\u0131\u015fmaya \u00e7al\u0131\u015fan iki askerin testten ge\u00e7en dostluklar\u0131na ortak ederken evlilik, arkada\u015fl\u0131k, k\u0131z karde\u015flik, ebeveynlik \u00fczerine d\u00fc\u015f\u00fcnd\u00fcrt\u00fcyor.<\/p>\n","protected":false},"excerpt":{"rendered":"<p>Eski asker ve \u00e7ocukluk arkada\u015f\u0131 olan Dan ve Richard, sava\u015f\u0131n ard\u0131ndan ayn\u0131 \u015fehirde sivil ya\u015famlar\u0131na d\u00f6nme m\u00fccadelesi verirler. Sava\u015f\u0131n yorgunlu\u011funu h\u00e2l\u00e2 \u00fczerlerinde ta\u015f\u0131salar da kendilerine normal<span class=\"excerpt-hellip\"> [\u2026]<\/span><\/p>\n","protected":false},"featured_media":0,"template":"","meta":{"_monsterinsights_skip_tracking":false,"_monsterinsights_sitenote_active":false,"_monsterinsights_sitenote_note":"","_monsterinsights_sitenote_category":0},"product_brand":[],"product_cat":[12291,12711],"product_tag":[],"class_list":{"0":"post-737020","1":"product","2":"type-product","3":"status-publish","5":"product_cat-edebiyat","6":"product_cat-roman-oyku","7":"pa_cilt-ciltsiz","8":"pa_tur-kitap","9":"pa_yayinevi-dusbaz-kitaplar","10":"pa_yazar-philippe-djian","12":"first","13":"instock","14":"sale","15":"shipping-taxable","16":"purchasable","17":"product-type-simple"},"_links":{"self":[{"href":"https:\/\/roveyayinevi.com.tr\/index.php\/wp-json\/wp\/v2\/product\/737020","targetHints":{"allow":["GET"]}}],"collection":[{"href":"https:\/\/roveyayinevi.com.tr\/index.php\/wp-json\/wp\/v2\/product"}],"about":[{"href":"https:\/\/roveyayinevi.com.tr\/index.php\/wp-json\/wp\/v2\/types\/product"}],"wp:attachment":[{"href":"https:\/\/roveyayinevi.com.tr\/index.php\/wp-json\/wp\/v2\/media?parent=737020"}],"wp:term":[{"taxonomy":"product_brand","embeddable":true,"href":"https:\/\/roveyayinevi.com.tr\/index.php\/wp-json\/wp\/v2\/product_brand?post=737020"},{"taxonomy":"product_cat","embeddable":true,"href":"https:\/\/roveyayinevi.com.tr\/index.php\/wp-json\/wp\/v2\/product_cat?post=737020"},{"taxonomy":"product_tag","embeddable":true,"href":"https:\/\/roveyayinevi.com.tr\/index.php\/wp-json\/wp\/v2\/product_tag?post=737020"}],"curies":[{"name":"wp","href":"https:\/\/api.w.org\/{rel}","templated":true}]}}