{"id":737019,"date":"2025-08-27T23:19:39","date_gmt":"2025-08-27T20:19:39","guid":{"rendered":"https:\/\/roveyayinevi.com.tr\/index.php\/urun\/gelecek-siyaseti\/"},"modified":"2026-04-16T02:46:01","modified_gmt":"2026-04-15T23:46:01","slug":"gelecek-siyaseti","status":"publish","type":"product","link":"https:\/\/roveyayinevi.com.tr\/index.php\/urun\/gelecek-siyaseti\/","title":{"rendered":"Gelecek Siyaseti"},"content":{"rendered":"<p>Bu kitap k\u00fcreselle\u015fmenin, devletin, kentlerin, kolektif kimliklerin ve ya\u015fad\u0131\u011f\u0131m\u0131z d\u00fcnyan\u0131n gelece\u011fine bak\u0131yor. Sosyal bilimin sadece bug\u00fcn\u00fc a\u00e7\u0131klamak de\u011fil, ayn\u0131 zamanda gelece\u011fe do\u011fru hayal g\u00fcc\u00fcn\u00fc harekete ge\u00e7iren bir i\u015fleve sahip olmas\u0131 gerekti\u011finin alt\u0131n\u0131 \u00e7iziyor. Salg\u0131n\u0131 bir kritik d\u00f6neme\u00e7 olarak g\u00f6r\u00fcp, bug\u00fcn alaca\u011f\u0131m\u0131z kararlar\u0131n, se\u00e7ece\u011fimiz patikalar\u0131n gelece\u011fimizi belirlemede \u00f6nemli bir rol oynayaca\u011f\u0131n\u0131 g\u00f6stermeye \u00e7al\u0131\u015f\u0131yor. Gelecek siyaseti ne ge\u00e7mi\u015fe y\u00f6nelik bir nostalji ne de gelmekte olan krizin ara\u00e7salla\u015ft\u0131r\u0131lmas\u0131 anlam\u0131na geliyor. Gelecek siyaseti ya\u015fanabilir demokratik bir gelecek i\u00e7in ya\u015fanabilir ve demokratik bir \u015fimdiyi in\u015fa etmek demek.<\/p>\n","protected":false},"excerpt":{"rendered":"<p>Bu kitap k\u00fcreselle\u015fmenin, devletin, kentlerin, kolektif kimliklerin ve ya\u015fad\u0131\u011f\u0131m\u0131z d\u00fcnyan\u0131n gelece\u011fine bak\u0131yor. Sosyal bilimin sadece bug\u00fcn\u00fc a\u00e7\u0131klamak de\u011fil, ayn\u0131 zamanda gelece\u011fe do\u011fru hayal g\u00fcc\u00fcn\u00fc harekete ge\u00e7iren<span class=\"excerpt-hellip\"> [\u2026]<\/span><\/p>\n","protected":false},"featured_media":0,"template":"","meta":{"_monsterinsights_skip_tracking":false,"_monsterinsights_sitenote_active":false,"_monsterinsights_sitenote_note":"","_monsterinsights_sitenote_category":0},"product_brand":[],"product_cat":[13059,12337],"product_tag":[],"class_list":{"0":"post-737019","1":"product","2":"type-product","3":"status-publish","5":"product_cat-diger-politika-siyaset","6":"product_cat-politika-siyaset","7":"pa_cilt-ciltsiz","8":"pa_tur-kitap","9":"pa_yayinevi-ayrinti-yayinlari","10":"pa_yazar-evren-balta-e-fuat-keyman","12":"first","13":"instock","14":"sale","15":"shipping-taxable","16":"purchasable","17":"product-type-simple"},"_links":{"self":[{"href":"https:\/\/roveyayinevi.com.tr\/index.php\/wp-json\/wp\/v2\/product\/737019","targetHints":{"allow":["GET"]}}],"collection":[{"href":"https:\/\/roveyayinevi.com.tr\/index.php\/wp-json\/wp\/v2\/product"}],"about":[{"href":"https:\/\/roveyayinevi.com.tr\/index.php\/wp-json\/wp\/v2\/types\/product"}],"wp:attachment":[{"href":"https:\/\/roveyayinevi.com.tr\/index.php\/wp-json\/wp\/v2\/media?parent=737019"}],"wp:term":[{"taxonomy":"product_brand","embeddable":true,"href":"https:\/\/roveyayinevi.com.tr\/index.php\/wp-json\/wp\/v2\/product_brand?post=737019"},{"taxonomy":"product_cat","embeddable":true,"href":"https:\/\/roveyayinevi.com.tr\/index.php\/wp-json\/wp\/v2\/product_cat?post=737019"},{"taxonomy":"product_tag","embeddable":true,"href":"https:\/\/roveyayinevi.com.tr\/index.php\/wp-json\/wp\/v2\/product_tag?post=737019"}],"curies":[{"name":"wp","href":"https:\/\/api.w.org\/{rel}","templated":true}]}}