{"id":737018,"date":"2025-08-27T23:19:38","date_gmt":"2025-08-27T20:19:38","guid":{"rendered":"https:\/\/roveyayinevi.com.tr\/index.php\/urun\/zygmunt-bauman\/"},"modified":"2026-04-16T02:46:01","modified_gmt":"2026-04-15T23:46:01","slug":"zygmunt-bauman","status":"publish","type":"product","link":"https:\/\/roveyayinevi.com.tr\/index.php\/urun\/zygmunt-bauman\/","title":{"rendered":"Zygmunt Bauman"},"content":{"rendered":"<p>Bauman g\u00fcndelik ya\u015fam\u0131n ritmini, kendisini sosyolojik tahayy\u00fcllere kaz\u0131yan bilge ve ele\u015ftirel bir prati\u011fe d\u00f6n\u00fc\u015ft\u00fcr\u00fcr. \u00c7o\u011fumuz belki de Bauman\u2019\u0131n sosyolojisinde ele ald\u0131\u011f\u0131 temalar\u0131n \u00e7o\u011funu ay\u0131rt edebiliriz ama Bauman onlar\u0131 ger\u00e7ek insanlar ve onlar\u0131n ya\u015famlar\u0131yla ilgili anlat\u0131lara d\u00f6n\u00fc\u015ft\u00fcrme \u00fcstad\u0131d\u0131r.Bu kitap, yazar\u0131n\u0131n tabiriyle \u201cd\u00fcnyay\u0131 de\u011fi\u015ftirmek i\u00e7in sosyoloj olan\u201d bir kuramc\u0131 hakk\u0131nda. Bauman\u2019\u0131n sosyolojisi ya\u015fad\u0131\u011f\u0131m\u0131z d\u00fcnyan\u0131n karma\u015f\u0131kl\u0131\u011f\u0131n\u0131 tek bir modelle a\u00e7\u0131klamaya \u00e7al\u0131\u015fmayan, insani deneyimlerin t\u00fcm\u00fcn\u00fc kucaklama iddias\u0131nda bulunmayan bir modernite ele\u015ftirisi. \u0130nsanlar\u0131n toplumsal ili\u015fkilerini hem mikro hem de makro \u00f6l\u00e7ekte ele\u015ftiren, aralardaki ge\u00e7i\u015fleri neredeyse p\u00fcr\u00fczs\u00fcz ve ilmek ilmek dokuyan bir sosyolog Bauman. Bu eser \u00e7al\u0131\u015fmalar\u0131n\u0131 daha iyi anlamaya, fikirlerine yeni merceklerle bakmaya, d\u00fcnyam\u0131z\u0131 ve toplumumuzu ele\u015ftirel bir g\u00f6zle de\u011ferlendirmeye merakl\u0131 okurlar i\u00e7in ba\u015fucunda tutulmas\u0131 gereken bir \u00e7al\u0131\u015fma.<\/p>\n","protected":false},"excerpt":{"rendered":"<p>Bauman g\u00fcndelik ya\u015fam\u0131n ritmini, kendisini sosyolojik tahayy\u00fcllere kaz\u0131yan bilge ve ele\u015ftirel bir prati\u011fe d\u00f6n\u00fc\u015ft\u00fcr\u00fcr. \u00c7o\u011fumuz belki de Bauman\u2019\u0131n sosyolojisinde ele ald\u0131\u011f\u0131 temalar\u0131n \u00e7o\u011funu ay\u0131rt edebiliriz ama<span class=\"excerpt-hellip\"> [\u2026]<\/span><\/p>\n","protected":false},"featured_media":0,"template":"","meta":{"_monsterinsights_skip_tracking":false,"_monsterinsights_sitenote_active":false,"_monsterinsights_sitenote_note":"","_monsterinsights_sitenote_category":0},"product_brand":[],"product_cat":[12325,12324],"product_tag":[],"class_list":{"0":"post-737018","1":"product","2":"type-product","3":"status-publish","5":"product_cat-diger-sosyoloji","6":"product_cat-sosyoloji","7":"pa_cilt-ciltsiz","8":"pa_tur-kitap","9":"pa_yayinevi-ayrinti-yayinlari","10":"pa_yazar-tony-blackshaw","12":"first","13":"instock","14":"sale","15":"shipping-taxable","16":"purchasable","17":"product-type-simple"},"_links":{"self":[{"href":"https:\/\/roveyayinevi.com.tr\/index.php\/wp-json\/wp\/v2\/product\/737018","targetHints":{"allow":["GET"]}}],"collection":[{"href":"https:\/\/roveyayinevi.com.tr\/index.php\/wp-json\/wp\/v2\/product"}],"about":[{"href":"https:\/\/roveyayinevi.com.tr\/index.php\/wp-json\/wp\/v2\/types\/product"}],"wp:attachment":[{"href":"https:\/\/roveyayinevi.com.tr\/index.php\/wp-json\/wp\/v2\/media?parent=737018"}],"wp:term":[{"taxonomy":"product_brand","embeddable":true,"href":"https:\/\/roveyayinevi.com.tr\/index.php\/wp-json\/wp\/v2\/product_brand?post=737018"},{"taxonomy":"product_cat","embeddable":true,"href":"https:\/\/roveyayinevi.com.tr\/index.php\/wp-json\/wp\/v2\/product_cat?post=737018"},{"taxonomy":"product_tag","embeddable":true,"href":"https:\/\/roveyayinevi.com.tr\/index.php\/wp-json\/wp\/v2\/product_tag?post=737018"}],"curies":[{"name":"wp","href":"https:\/\/api.w.org\/{rel}","templated":true}]}}