{"id":737017,"date":"2025-08-27T23:19:37","date_gmt":"2025-08-27T20:19:37","guid":{"rendered":"https:\/\/roveyayinevi.com.tr\/index.php\/urun\/yesilin-kizi-anne-okula-gidiyor\/"},"modified":"2026-04-16T02:46:01","modified_gmt":"2026-04-15T23:46:01","slug":"yesilin-kizi-anne-okula-gidiyor","status":"publish","type":"product","link":"https:\/\/roveyayinevi.com.tr\/index.php\/urun\/yesilin-kizi-anne-okula-gidiyor\/","title":{"rendered":"Ye\u015filin K\u0131z\u0131 Anne Okula Gidiyor"},"content":{"rendered":"<p>Avonlea\u2019ye sonbahar geldi. Do\u011fa g\u00f6z kama\u015ft\u0131ran renklere b\u00fcr\u00fcnd\u00fc. Ve en g\u00fczeli de Anne Shirley okula ba\u015flad\u0131! Okula en yak\u0131n arkada\u015f\u0131 Diana ile gidip gelen, onunla ayn\u0131 s\u0131ray\u0131 payla\u015fan ve yeni yeni arkada\u015flar edinen Anne\u2019in mutlulu\u011funa diyecek yok. \u00dcstelik daha \u015fimdiden s\u0131n\u0131f\u0131n\u0131n birincisi. Derken bir g\u00fcn Gilbert Blythe\u2019\u0131n okula gelmesiyle her \u015fey de\u011fi\u015fiyor. Hele bir de Anne\u2019in sa\u00e7\u0131n\u0131 \u00e7ekip onunla alay etmesi barda\u011f\u0131 ta\u015f\u0131yor. Acaba Anne, Gilbert\u2019\u0131 affedecek mi? Yoksa \u00e7ok sevdi\u011fi okuluna onun y\u00fcz\u00fcnden veda m\u0131 edecek? <\/p>\n","protected":false},"excerpt":{"rendered":"<p>Avonlea\u2019ye sonbahar geldi. Do\u011fa g\u00f6z kama\u015ft\u0131ran renklere b\u00fcr\u00fcnd\u00fc. Ve en g\u00fczeli de Anne Shirley okula ba\u015flad\u0131! Okula en yak\u0131n arkada\u015f\u0131 Diana ile gidip gelen, onunla ayn\u0131<span class=\"excerpt-hellip\"> [\u2026]<\/span><\/p>\n","protected":false},"featured_media":0,"template":"","meta":{"_monsterinsights_skip_tracking":false,"_monsterinsights_sitenote_active":false,"_monsterinsights_sitenote_note":"","_monsterinsights_sitenote_category":0},"product_brand":[],"product_cat":[12275,12274],"product_tag":[],"class_list":{"0":"post-737017","1":"product","2":"type-product","3":"status-publish","5":"product_cat-6-12-yas-kitaplari","6":"product_cat-cocuk-ve-genclik-kitaplari","7":"pa_cilt-ciltli","8":"pa_tur-kitap","9":"pa_yayinevi-beyaz-balina-yayinlari","10":"pa_yazar-l-m-montgomery","12":"first","13":"instock","14":"sale","15":"shipping-taxable","16":"purchasable","17":"product-type-simple"},"_links":{"self":[{"href":"https:\/\/roveyayinevi.com.tr\/index.php\/wp-json\/wp\/v2\/product\/737017","targetHints":{"allow":["GET"]}}],"collection":[{"href":"https:\/\/roveyayinevi.com.tr\/index.php\/wp-json\/wp\/v2\/product"}],"about":[{"href":"https:\/\/roveyayinevi.com.tr\/index.php\/wp-json\/wp\/v2\/types\/product"}],"wp:attachment":[{"href":"https:\/\/roveyayinevi.com.tr\/index.php\/wp-json\/wp\/v2\/media?parent=737017"}],"wp:term":[{"taxonomy":"product_brand","embeddable":true,"href":"https:\/\/roveyayinevi.com.tr\/index.php\/wp-json\/wp\/v2\/product_brand?post=737017"},{"taxonomy":"product_cat","embeddable":true,"href":"https:\/\/roveyayinevi.com.tr\/index.php\/wp-json\/wp\/v2\/product_cat?post=737017"},{"taxonomy":"product_tag","embeddable":true,"href":"https:\/\/roveyayinevi.com.tr\/index.php\/wp-json\/wp\/v2\/product_tag?post=737017"}],"curies":[{"name":"wp","href":"https:\/\/api.w.org\/{rel}","templated":true}]}}