{"id":737015,"date":"2025-08-27T23:19:35","date_gmt":"2025-08-27T20:19:35","guid":{"rendered":"https:\/\/roveyayinevi.com.tr\/index.php\/urun\/ters-yuz-satosu\/"},"modified":"2026-04-16T02:46:01","modified_gmt":"2026-04-15T23:46:01","slug":"ters-yuz-satosu","status":"publish","type":"product","link":"https:\/\/roveyayinevi.com.tr\/index.php\/urun\/ters-yuz-satosu\/","title":{"rendered":"Ters Y\u00fcz \u015eatosu"},"content":{"rendered":"<p>\u201cYedi ya\u015f ve \u00fcst\u00fc \u00e7ocuklar\u0131 mutluluktan u\u00e7uraca\u011f\u0131 kesin.\u201d \u2013The Times   Okul i\u00e7in bir \u00f6dev yazmas\u0131 gereken k\u00fc\u00e7\u00fck Lorina, siyah bir tav\u015fan\u0131n yard\u0131m\u0131yla, orman\u0131n i\u00e7inden sihirli bir d\u00fcnyaya gider. Oraya vard\u0131\u011f\u0131nda, yak\u0131ndaki bir \u015fatodan \u00e7\u0131kan zehirli dumanlara maruz kalan a\u00e7 ve sefil haldeki ye\u015fil insan \u0131rk\u0131yla kar\u015f\u0131la\u015f\u0131r. Lorina \u015fatoya girip onlar i\u00e7in yard\u0131m istemeye karar verir. Fakat \u015fatonun i\u00e7indekilerin b\u00fct\u00fcn yemekleri kendilerine saklayan ve d\u0131\u015far\u0131dakileri k\u00f6le olarak g\u00f6ren bencil ki\u015filer oldu\u011funu anlar. Lorina\u2019n\u0131n maceras\u0131 onu b\u00fcrokrat s\u0131\u00e7an, denetlemeci y\u0131lan, \u00e7ift\u00e7i armadillo ve en sonunda da Ba\u015fkan Domuz\u2019la tan\u0131\u015ft\u0131racakt\u0131r.   Chris Riddell\u2019\u0131n harika resimleriyle bezedi\u011fi Ters Y\u00fcz \u015eatosu sizi, cesur ve merhametli bir k\u0131z\u0131n a\u00e7g\u00f6zl\u00fcl\u00fckle usanmadan sava\u015ft\u0131\u011f\u0131 bir d\u00fcnyada, unutulmaz ve e\u011flenceli bir maceraya \u00e7a\u011f\u0131r\u0131yor! <\/p>\n","protected":false},"excerpt":{"rendered":"<p>\u201cYedi ya\u015f ve \u00fcst\u00fc \u00e7ocuklar\u0131 mutluluktan u\u00e7uraca\u011f\u0131 kesin.\u201d \u2013The Times Okul i\u00e7in bir \u00f6dev yazmas\u0131 gereken k\u00fc\u00e7\u00fck Lorina, siyah bir tav\u015fan\u0131n yard\u0131m\u0131yla, orman\u0131n i\u00e7inden sihirli bir<span class=\"excerpt-hellip\"> [\u2026]<\/span><\/p>\n","protected":false},"featured_media":0,"template":"","meta":{"_monsterinsights_skip_tracking":false,"_monsterinsights_sitenote_active":false,"_monsterinsights_sitenote_note":"","_monsterinsights_sitenote_category":0},"product_brand":[],"product_cat":[12275,12274],"product_tag":[],"class_list":{"0":"post-737015","1":"product","2":"type-product","3":"status-publish","5":"product_cat-6-12-yas-kitaplari","6":"product_cat-cocuk-ve-genclik-kitaplari","7":"pa_cilt-ciltsiz","8":"pa_tur-kitap","9":"pa_yayinevi-ithaki-yayinlari","10":"pa_yazar-david-henry-wilson","12":"first","13":"instock","14":"sale","15":"shipping-taxable","16":"purchasable","17":"product-type-simple"},"_links":{"self":[{"href":"https:\/\/roveyayinevi.com.tr\/index.php\/wp-json\/wp\/v2\/product\/737015","targetHints":{"allow":["GET"]}}],"collection":[{"href":"https:\/\/roveyayinevi.com.tr\/index.php\/wp-json\/wp\/v2\/product"}],"about":[{"href":"https:\/\/roveyayinevi.com.tr\/index.php\/wp-json\/wp\/v2\/types\/product"}],"wp:attachment":[{"href":"https:\/\/roveyayinevi.com.tr\/index.php\/wp-json\/wp\/v2\/media?parent=737015"}],"wp:term":[{"taxonomy":"product_brand","embeddable":true,"href":"https:\/\/roveyayinevi.com.tr\/index.php\/wp-json\/wp\/v2\/product_brand?post=737015"},{"taxonomy":"product_cat","embeddable":true,"href":"https:\/\/roveyayinevi.com.tr\/index.php\/wp-json\/wp\/v2\/product_cat?post=737015"},{"taxonomy":"product_tag","embeddable":true,"href":"https:\/\/roveyayinevi.com.tr\/index.php\/wp-json\/wp\/v2\/product_tag?post=737015"}],"curies":[{"name":"wp","href":"https:\/\/api.w.org\/{rel}","templated":true}]}}