{"id":737014,"date":"2025-08-27T23:19:34","date_gmt":"2025-08-27T20:19:34","guid":{"rendered":"https:\/\/roveyayinevi.com.tr\/index.php\/urun\/dusmus-varis\/"},"modified":"2026-04-13T02:53:48","modified_gmt":"2026-04-12T23:53:48","slug":"dusmus-varis","status":"publish","type":"product","link":"https:\/\/roveyayinevi.com.tr\/index.php\/urun\/dusmus-varis\/","title":{"rendered":"D\u00fc\u015fm\u00fc\u015f Varis"},"content":{"rendered":"<p>Bu ailenin tasar\u0131m hatas\u0131 benim.   Easton Royal, g\u00f6r\u00fcn\u00fc\u015fte her t\u00fcrl\u00fc avantaja sahipti: Yak\u0131\u015f\u0131kl\u0131yd\u0131, zengindi ve \u00e7ok zekiydi. Ama onun tek hedefi sonuna kadar e\u011flenmekti. Sonu\u00e7lar\u0131n\u0131 hi\u00e7 d\u00fc\u015f\u00fcnmek zorunda kalmadan akl\u0131na eseni yapmak tam da ona g\u00f6reydi. Bu oyunu bozacak ki\u015fi ise Astor Park\u2019a yeni gelen Hartley Wright\u2019tan ba\u015fkas\u0131 de\u011fildi.   \u0130lk kez bir k\u0131z ona hay\u0131r diyordu, hem de ondan ho\u015flanmas\u0131na ra\u011fmen. Easton onu bir t\u00fcrl\u00fc \u00e7\u00f6zemiyor ve bu da durumu daha \u00e7ekici k\u0131l\u0131yordu. Fakat bir yeti\u015fkin gibi davranmazsa Hartley\u2019yi tamamen kaybedece\u011fi kesindi.   Royal isminin ge\u00e7medi\u011fi tek sava\u015fta Easton kurallar\u0131 kabul etmek, rakiplerini anlamak ve hayat\u0131nda ilk kez pi\u015fman olmay\u0131 \u00f6\u011frenmek zorunda kalacakt\u0131.   \u201cErin Watt ikilisinin kalemi her kitapta daha da g\u00fc\u00e7leniyor.\u201d \u2014The Romance Bibliophile   \u201cD\u00fc\u015fm\u00fc\u015f V\u00e2ris bu harika serinin bir ba\u015fka muhte\u015fem kitab\u0131.\u201d \u2014BJ\u2019s Book Blog   \u201cKarakterler o kadar ger\u00e7ek, hik\u00e2ye ve kurgu o kadar \u00e7arp\u0131c\u0131 ki sizi kitab\u0131n i\u00e7ine \u00e7ekip son sayfas\u0131nda bile b\u0131rakmayacak.\u201d \u2014FMA Book Reviews   \u201cKitab\u0131 bitirdi\u011fimden beri Easton\u2019\u0131n hik\u00e2yesinin ikinci b\u00f6l\u00fcm\u00fcn\u00fc okumak i\u00e7in sab\u0131rs\u0131zlan\u0131yorum.\u201d \u2014Hypable   \u201cKesinlikle be\u015f y\u0131ld\u0131z\u0131 hak ediyor. Ne i\u015finiz varsa b\u0131rak\u0131n ve hemen okumaya ba\u015flay\u0131n.\u201d \u2014Book Starlets <\/p>\n","protected":false},"excerpt":{"rendered":"<p>Bu ailenin tasar\u0131m hatas\u0131 benim. Easton Royal, g\u00f6r\u00fcn\u00fc\u015fte her t\u00fcrl\u00fc avantaja sahipti: Yak\u0131\u015f\u0131kl\u0131yd\u0131, zengindi ve \u00e7ok zekiydi. Ama onun tek hedefi sonuna kadar e\u011flenmekti. Sonu\u00e7lar\u0131n\u0131 hi\u00e7<span class=\"excerpt-hellip\"> [\u2026]<\/span><\/p>\n","protected":false},"featured_media":0,"template":"","meta":{"_monsterinsights_skip_tracking":false,"_monsterinsights_sitenote_active":false,"_monsterinsights_sitenote_note":"","_monsterinsights_sitenote_category":0},"product_brand":[],"product_cat":[12291,12711],"product_tag":[],"class_list":{"0":"post-737014","1":"product","2":"type-product","3":"status-publish","5":"product_cat-edebiyat","6":"product_cat-roman-oyku","7":"pa_cilt-ciltsiz","8":"pa_tur-kitap","9":"pa_yayinevi-yabanci-yayinevi","10":"pa_yazar-erin-watt","12":"first","13":"instock","14":"sale","15":"shipping-taxable","16":"purchasable","17":"product-type-simple"},"_links":{"self":[{"href":"https:\/\/roveyayinevi.com.tr\/index.php\/wp-json\/wp\/v2\/product\/737014","targetHints":{"allow":["GET"]}}],"collection":[{"href":"https:\/\/roveyayinevi.com.tr\/index.php\/wp-json\/wp\/v2\/product"}],"about":[{"href":"https:\/\/roveyayinevi.com.tr\/index.php\/wp-json\/wp\/v2\/types\/product"}],"wp:attachment":[{"href":"https:\/\/roveyayinevi.com.tr\/index.php\/wp-json\/wp\/v2\/media?parent=737014"}],"wp:term":[{"taxonomy":"product_brand","embeddable":true,"href":"https:\/\/roveyayinevi.com.tr\/index.php\/wp-json\/wp\/v2\/product_brand?post=737014"},{"taxonomy":"product_cat","embeddable":true,"href":"https:\/\/roveyayinevi.com.tr\/index.php\/wp-json\/wp\/v2\/product_cat?post=737014"},{"taxonomy":"product_tag","embeddable":true,"href":"https:\/\/roveyayinevi.com.tr\/index.php\/wp-json\/wp\/v2\/product_tag?post=737014"}],"curies":[{"name":"wp","href":"https:\/\/api.w.org\/{rel}","templated":true}]}}