{"id":737012,"date":"2025-08-27T23:19:31","date_gmt":"2025-08-27T20:19:31","guid":{"rendered":"https:\/\/roveyayinevi.com.tr\/index.php\/urun\/leyla-mektubum-eline-ulasti-mi\/"},"modified":"2026-04-16T02:46:01","modified_gmt":"2026-04-15T23:46:01","slug":"leyla-mektubum-eline-ulasti-mi","status":"publish","type":"product","link":"https:\/\/roveyayinevi.com.tr\/index.php\/urun\/leyla-mektubum-eline-ulasti-mi\/","title":{"rendered":"Leyla, Mektubum Eline Ula\u015ft\u0131 M\u0131?"},"content":{"rendered":"<p>Bulup yitiren bir \u015fey olarak kalp, ar\u0131yor, deneyip yan\u0131l\u0131yor ama yine de devam ediyor oyununu oynamaya. Hep \u00f6zleyip bekledi\u011fi bir yer var. Bir ev, bir insan, bir hayal&#8230;   Leyl\u00e2, Hayriye, Y\u0131lmaz, \u00d6zlem, Neriman ve isimli isimsiz daha bir\u00e7ok insan, bularak ve yitirerek, hayat\u0131n damarlar\u0131nda dinliyorlar kalplerinin oyununu. Sonra kanat \u00e7\u0131rp\u0131p yitirdiklerinin uzakla\u015fmas\u0131n\u0131 seyrediyorlar \u00f6m\u00fcr boyu. \u0130lay Bilgili, ikinci \u00f6yk\u00fc kitab\u0131 Leyl\u00e2, Mektubum Eline Ula\u015ft\u0131 m\u0131? ile yeniden merhaba diyor okurlar\u0131na. Birbirinden farkl\u0131 hayatlar\u0131n i\u00e7ine \u00e7ekip bir ayna veriyor okurunun eline.   &#8220;\u2018Ben,\u2019 dedim, \u2018cehennemi b\u00fcy\u00fck bir hasret san\u0131yordum hep. Bir hapishane, hi\u00e7 ya\u015flanamadan ve \u00f6lmeden, sonsuza kadar kalmak. Bitmeyen bir bekleyi\u015f\u2026 Bir umut edi\u015f ama inatla hi\u00e7bir \u015feyin olmamas\u0131\u2026\u2019 Titreyen, kanla kapl\u0131 metronoma bakt\u0131m. \u2018Yine de ya\u015famak istedim,\u2019 dedim. Tanr\u0131, bir kad\u0131nm\u0131\u015f gibi, bir kad\u0131n\u0131nki gibi g\u00fcl\u00fcmsedi Leyl\u00e2.&#8221; <\/p>\n","protected":false},"excerpt":{"rendered":"<p>Bulup yitiren bir \u015fey olarak kalp, ar\u0131yor, deneyip yan\u0131l\u0131yor ama yine de devam ediyor oyununu oynamaya. Hep \u00f6zleyip bekledi\u011fi bir yer var. Bir ev, bir insan,<span class=\"excerpt-hellip\"> [\u2026]<\/span><\/p>\n","protected":false},"featured_media":0,"template":"","meta":{"_monsterinsights_skip_tracking":false,"_monsterinsights_sitenote_active":false,"_monsterinsights_sitenote_note":"","_monsterinsights_sitenote_category":0},"product_brand":[],"product_cat":[12291,12711],"product_tag":[],"class_list":{"0":"post-737012","1":"product","2":"type-product","3":"status-publish","5":"product_cat-edebiyat","6":"product_cat-roman-oyku","7":"pa_cilt-ciltsiz","8":"pa_tur-kitap","9":"pa_yayinevi-ithaki-yayinlari","10":"pa_yazar-ilay-bilgili","12":"first","13":"instock","14":"sale","15":"shipping-taxable","16":"purchasable","17":"product-type-simple"},"_links":{"self":[{"href":"https:\/\/roveyayinevi.com.tr\/index.php\/wp-json\/wp\/v2\/product\/737012","targetHints":{"allow":["GET"]}}],"collection":[{"href":"https:\/\/roveyayinevi.com.tr\/index.php\/wp-json\/wp\/v2\/product"}],"about":[{"href":"https:\/\/roveyayinevi.com.tr\/index.php\/wp-json\/wp\/v2\/types\/product"}],"wp:attachment":[{"href":"https:\/\/roveyayinevi.com.tr\/index.php\/wp-json\/wp\/v2\/media?parent=737012"}],"wp:term":[{"taxonomy":"product_brand","embeddable":true,"href":"https:\/\/roveyayinevi.com.tr\/index.php\/wp-json\/wp\/v2\/product_brand?post=737012"},{"taxonomy":"product_cat","embeddable":true,"href":"https:\/\/roveyayinevi.com.tr\/index.php\/wp-json\/wp\/v2\/product_cat?post=737012"},{"taxonomy":"product_tag","embeddable":true,"href":"https:\/\/roveyayinevi.com.tr\/index.php\/wp-json\/wp\/v2\/product_tag?post=737012"}],"curies":[{"name":"wp","href":"https:\/\/api.w.org\/{rel}","templated":true}]}}