{"id":737011,"date":"2025-08-27T23:19:30","date_gmt":"2025-08-27T20:19:30","guid":{"rendered":"https:\/\/roveyayinevi.com.tr\/index.php\/urun\/bir-dunya-dert-kiyamet-polisi-3\/"},"modified":"2026-04-16T02:46:01","modified_gmt":"2026-04-15T23:46:01","slug":"bir-dunya-dert-kiyamet-polisi-3","status":"publish","type":"product","link":"https:\/\/roveyayinevi.com.tr\/index.php\/urun\/bir-dunya-dert-kiyamet-polisi-3\/","title":{"rendered":"Bir D\u00fcnya Dert &#8211; K\u0131yamet Polisi 3"},"content":{"rendered":"<p>\u201cBunun bir r\u00fcya oldu\u011funu, g\u00f6zlerimi s\u0131k\u0131ca kapat\u0131p a\u00e7arsam her \u015feyin eskisi gibi olaca\u011f\u0131n\u0131 d\u00fc\u015f\u00fcnmeye \u00e7al\u0131\u015f\u0131yorum.\u201dK\u0131yamete on d\u00f6rt g\u00fcn kald\u0131. Uzaydaki k\u00fc\u00e7\u00fck mavi noktaya, yery\u00fcz\u00fcne, d\u00fcnyam\u0131za, 2011GV1 isimli bir asteroit \u00e7arpacak, ya\u015fam sona erecek. Amerika\u2019ya tam bir kaos h\u00e2kim. \u0130nsanlar bodrum katlar\u0131na, s\u0131\u011f\u0131naklara kapatm\u0131\u015f kendini, marketler ya\u011fmalanm\u0131\u015f. Paran\u0131n hi\u00e7bir anlam\u0131 yok art\u0131k; i\u00e7me suyu paha bi\u00e7ilemeyecek kadar de\u011ferli.   Fakat Dedektif Hank Palace\u2019\u0131n \u00e7\u00f6zmesi gereken son bir gizem daha var. K\u0131z karde\u015fi Nico, g\u00f6kta\u015f\u0131n\u0131 durdurabileceklerini d\u00fc\u015f\u00fcnen bir grubun aras\u0131ndayd\u0131 en son. K\u0131yameti engellemenin m\u00fcmk\u00fcn olmad\u0131\u011f\u0131na inanan Hank ise bu d\u00fcnyadaki tek yak\u0131n\u0131 olan karde\u015fiyle beraber kar\u015f\u0131lamak istiyor her \u015feyin sonunu. Fakat zaman azal\u0131yor ve karde\u015fini arayan Hank terk edilmi\u015f hayvanat bah\u00e7elerinden, fast food restoranlar\u0131ndan ge\u00e7iyor, en sonunda ula\u015ft\u0131\u011f\u0131 \u0131ss\u0131z karakoldaysa korkun\u00e7 bir su\u00e7 mahalliyle kar\u015f\u0131la\u015f\u0131yor.   K\u0131yamet Polisi \u00fc\u00e7lemesinin son roman\u0131 Bir D\u00fcnya Dert her \u015feyin aniden nas\u0131l bitebilece\u011fiyle y\u00fczle\u015fiyor ve Hank \u201ckatil kim\u201d sorusunun \u00f6tesinde bir gizemle son defa kar\u015f\u0131 kar\u015f\u0131ya kal\u0131yor: Sevdiklerinizi korumak i\u00e7in neleri g\u00f6ze al\u0131rs\u0131n\u0131z? Ve D\u00fcnya\u2019daki son g\u00fcnlerinizi nas\u0131l ge\u00e7irmeyi tercih edersiniz?   \u201cS\u00fcr\u00fckleyici ve merhametli bir kitap; aceleci de\u011fil, gergin ve bunalt\u0131c\u0131 de\u011fil, dokunakl\u0131.\u201d \u2013Tor.com\u201cWinters, Cormac McCarthy\u2019den sonra yok olu\u015fun e\u015fi\u011findeki bir d\u00fcnyan\u0131n en ger\u00e7ek\u00e7i tasvirini sunuyor bize.\u201d \u2013Sci Fi Magazine   \u201cWinters\u2019\u0131n k\u0131yamet polisiyesinde \u00f6yle sars\u0131c\u0131 bir bilimkurgu niteli\u011fi var ki klasik bir dedektif hik\u00e2yesi olmaktan \u00e7\u0131kar\u0131yor onu.\u201d \u2013New York Times Book Review <\/p>\n","protected":false},"excerpt":{"rendered":"<p>\u201cBunun bir r\u00fcya oldu\u011funu, g\u00f6zlerimi s\u0131k\u0131ca kapat\u0131p a\u00e7arsam her \u015feyin eskisi gibi olaca\u011f\u0131n\u0131 d\u00fc\u015f\u00fcnmeye \u00e7al\u0131\u015f\u0131yorum.\u201dK\u0131yamete on d\u00f6rt g\u00fcn kald\u0131. Uzaydaki k\u00fc\u00e7\u00fck mavi noktaya, yery\u00fcz\u00fcne, d\u00fcnyam\u0131za, 2011GV1<span class=\"excerpt-hellip\"> [\u2026]<\/span><\/p>\n","protected":false},"featured_media":0,"template":"","meta":{"_monsterinsights_skip_tracking":false,"_monsterinsights_sitenote_active":false,"_monsterinsights_sitenote_note":"","_monsterinsights_sitenote_category":0},"product_brand":[],"product_cat":[12540,12291],"product_tag":[],"class_list":{"0":"post-737011","1":"product","2":"type-product","3":"status-publish","5":"product_cat-bilim-kurgu","6":"product_cat-edebiyat","7":"pa_cilt-ciltsiz","8":"pa_tur-kitap","9":"pa_yayinevi-ithaki-yayinlari","10":"pa_yazar-ben-h-winters","12":"first","13":"instock","14":"sale","15":"shipping-taxable","16":"purchasable","17":"product-type-simple"},"_links":{"self":[{"href":"https:\/\/roveyayinevi.com.tr\/index.php\/wp-json\/wp\/v2\/product\/737011","targetHints":{"allow":["GET"]}}],"collection":[{"href":"https:\/\/roveyayinevi.com.tr\/index.php\/wp-json\/wp\/v2\/product"}],"about":[{"href":"https:\/\/roveyayinevi.com.tr\/index.php\/wp-json\/wp\/v2\/types\/product"}],"wp:attachment":[{"href":"https:\/\/roveyayinevi.com.tr\/index.php\/wp-json\/wp\/v2\/media?parent=737011"}],"wp:term":[{"taxonomy":"product_brand","embeddable":true,"href":"https:\/\/roveyayinevi.com.tr\/index.php\/wp-json\/wp\/v2\/product_brand?post=737011"},{"taxonomy":"product_cat","embeddable":true,"href":"https:\/\/roveyayinevi.com.tr\/index.php\/wp-json\/wp\/v2\/product_cat?post=737011"},{"taxonomy":"product_tag","embeddable":true,"href":"https:\/\/roveyayinevi.com.tr\/index.php\/wp-json\/wp\/v2\/product_tag?post=737011"}],"curies":[{"name":"wp","href":"https:\/\/api.w.org\/{rel}","templated":true}]}}