{"id":737010,"date":"2025-08-27T23:19:29","date_gmt":"2025-08-27T20:19:29","guid":{"rendered":"https:\/\/roveyayinevi.com.tr\/index.php\/urun\/hagakure-sakli-yapraklar\/"},"modified":"2026-04-16T02:46:01","modified_gmt":"2026-04-15T23:46:01","slug":"hagakure-sakli-yapraklar","status":"publish","type":"product","link":"https:\/\/roveyayinevi.com.tr\/index.php\/urun\/hagakure-sakli-yapraklar\/","title":{"rendered":"Hagakure &#8211; Sakl\u0131 Yapraklar"},"content":{"rendered":"<p>\u201cSava\u015f\u00e7\u0131n\u0131n yolu deli cesaretiyle \u00f6l\u00fcme at\u0131lmakt\u0131r. Ya\u015fam\u0131 ciddiye alanlar b\u00fcy\u00fck ba\u015far\u0131lara ula\u015famazlar. En do\u011frusu \u00e7\u0131lg\u0131nca ve deli cesaretiyle \u00f6l\u00fcme at\u0131lmakt\u0131r.\u201d\u00dc\u00e7 y\u00fcz sene \u00f6nce samuray Tsunetomo Yamamoto taraf\u0131ndan kaleme al\u0131nan Hagakure: Sakl\u0131 Yapraklar, samuray felsefesini anlatan en \u00f6nemli metinlerden biri. \u201cSava\u015f Yolu\u201d anlam\u0131na gelen bu\u015fido \u00f6\u011fretisine dair detaylar i\u00e7eren kitap, yaz\u0131ld\u0131\u011f\u0131 beylik haricinde gizlenen bir metinken g\u00fcn y\u00fcz\u00fcne \u00e7\u0131kt\u0131\u011f\u0131 1930\u2019lar ve 1940\u2019lar\u0131n militarist atmosferinde az\u0131msanmayacak bir ilgiyle kar\u015f\u0131land\u0131. O d\u00f6nemden itibaren yasaklamalar\u0131n g\u00f6lgesinde g\u00fcn\u00fcm\u00fcze ula\u015fan metin, tart\u0131\u015fmalar\u0131 beraberinde getirse de samurayl\u0131k \u00fczerine yaz\u0131lm\u0131\u015f temel kaynaklardan biri olma \u00f6zelli\u011fini koruyor.D\u00f6neminin \u00f6nde gelen beyleri ve ke\u015fi\u015flerinin anekdotlar\u0131yla bezeli metinde, bir sava\u015f\u00e7\u0131n\u0131n zorluklarla nas\u0131l ba\u015f edece\u011finden seppukunun \u00f6nemine kadar d\u00fc\u015f\u00fcnsel ve pratik talimatlar bir araya geliyor. G\u00fcn\u00fcm\u00fcz bak\u0131\u015f\u0131yla ele\u015ftiriye \u00e7ok\u00e7a a\u00e7\u0131k olan ancak Yukio Mi\u015fima taraf\u0131ndan Japon k\u00fclt\u00fcr\u00fcn\u00fcn \u201cen g\u00fczel\u201d y\u00f6nlerini yans\u0131tt\u0131\u011f\u0131 s\u00f6ylenen Hagakure, Japonya\u2019n\u0131n on sekizinci y\u00fczy\u0131ldan beri g\u00f6sterdi\u011fi de\u011fi\u015fimleri ve geli\u015fmeleri anlamak ad\u0131na benzersiz bir eser. <\/p>\n","protected":false},"excerpt":{"rendered":"<p>\u201cSava\u015f\u00e7\u0131n\u0131n yolu deli cesaretiyle \u00f6l\u00fcme at\u0131lmakt\u0131r. Ya\u015fam\u0131 ciddiye alanlar b\u00fcy\u00fck ba\u015far\u0131lara ula\u015famazlar. En do\u011frusu \u00e7\u0131lg\u0131nca ve deli cesaretiyle \u00f6l\u00fcme at\u0131lmakt\u0131r.\u201d\u00dc\u00e7 y\u00fcz sene \u00f6nce samuray Tsunetomo Yamamoto<span class=\"excerpt-hellip\"> [\u2026]<\/span><\/p>\n","protected":false},"featured_media":0,"template":"","meta":{"_monsterinsights_skip_tracking":false,"_monsterinsights_sitenote_active":false,"_monsterinsights_sitenote_note":"","_monsterinsights_sitenote_category":0},"product_brand":[],"product_cat":[12389,12388],"product_tag":[],"class_list":{"0":"post-737010","1":"product","2":"type-product","3":"status-publish","5":"product_cat-diger-felsefe","6":"product_cat-felsefe","7":"pa_cilt-ciltsiz","8":"pa_tur-kitap","9":"pa_yayinevi-ithaki-yayinlari","10":"pa_yazar-yamamoto-tsunetomo","12":"first","13":"instock","14":"sale","15":"shipping-taxable","16":"purchasable","17":"product-type-simple"},"_links":{"self":[{"href":"https:\/\/roveyayinevi.com.tr\/index.php\/wp-json\/wp\/v2\/product\/737010","targetHints":{"allow":["GET"]}}],"collection":[{"href":"https:\/\/roveyayinevi.com.tr\/index.php\/wp-json\/wp\/v2\/product"}],"about":[{"href":"https:\/\/roveyayinevi.com.tr\/index.php\/wp-json\/wp\/v2\/types\/product"}],"wp:attachment":[{"href":"https:\/\/roveyayinevi.com.tr\/index.php\/wp-json\/wp\/v2\/media?parent=737010"}],"wp:term":[{"taxonomy":"product_brand","embeddable":true,"href":"https:\/\/roveyayinevi.com.tr\/index.php\/wp-json\/wp\/v2\/product_brand?post=737010"},{"taxonomy":"product_cat","embeddable":true,"href":"https:\/\/roveyayinevi.com.tr\/index.php\/wp-json\/wp\/v2\/product_cat?post=737010"},{"taxonomy":"product_tag","embeddable":true,"href":"https:\/\/roveyayinevi.com.tr\/index.php\/wp-json\/wp\/v2\/product_tag?post=737010"}],"curies":[{"name":"wp","href":"https:\/\/api.w.org\/{rel}","templated":true}]}}