{"id":737007,"date":"2025-08-27T23:19:26","date_gmt":"2025-08-27T20:19:26","guid":{"rendered":"https:\/\/roveyayinevi.com.tr\/index.php\/urun\/ciftlikte-renkleri-ogrenelim-boyama-kitabim\/"},"modified":"2026-04-16T02:46:00","modified_gmt":"2026-04-15T23:46:00","slug":"ciftlikte-renkleri-ogrenelim-boyama-kitabim","status":"publish","type":"product","link":"https:\/\/roveyayinevi.com.tr\/index.php\/urun\/ciftlikte-renkleri-ogrenelim-boyama-kitabim\/","title":{"rendered":"\u00c7iftlikte Renkleri \u00d6\u011frenelim Boyama Kitab\u0131m"},"content":{"rendered":"<p>Renkleri \u00f6\u011frenmek hi\u00e7 bu kadar e\u011flenceli olmam\u0131\u015ft\u0131. Bu harika boyama kitab\u0131n\u0131n ilk 20 sayfas\u0131nda, ayn\u0131 resmin boyanm\u0131\u015f ve boyanmam\u0131\u015f hali yer almaktad\u0131r. Bu \u015fekilde \u00e7ocu\u011funuz resimleri hangi renklere boyayabilece\u011fini, renkleri nas\u0131l kullanabilece\u011fini \u00f6\u011frenir. Kitab\u0131n devam\u0131nda yer alan resimlerde de hangi renkleri kullanaca\u011f\u0131na kendi karar verebilir. \u00c7ocu\u011funuz birbirinden e\u011flenceli \u00e7iftlik sahnelerini boyarken renkleri \u00f6\u011frenmenin yan\u0131 s\u0131ra el g\u00f6z koordinasyonunu da geli\u015ftirecektir. <\/p>\n","protected":false},"excerpt":{"rendered":"<p>Renkleri \u00f6\u011frenmek hi\u00e7 bu kadar e\u011flenceli olmam\u0131\u015ft\u0131. Bu harika boyama kitab\u0131n\u0131n ilk 20 sayfas\u0131nda, ayn\u0131 resmin boyanm\u0131\u015f ve boyanmam\u0131\u015f hali yer almaktad\u0131r. Bu \u015fekilde \u00e7ocu\u011funuz resimleri<span class=\"excerpt-hellip\"> [\u2026]<\/span><\/p>\n","protected":false},"featured_media":0,"template":"","meta":{"_monsterinsights_skip_tracking":false,"_monsterinsights_sitenote_active":false,"_monsterinsights_sitenote_note":"","_monsterinsights_sitenote_category":0},"product_brand":[],"product_cat":[12644,12274],"product_tag":[],"class_list":{"0":"post-737007","1":"product","2":"type-product","3":"status-publish","5":"product_cat-boyama-kitaplari","6":"product_cat-cocuk-ve-genclik-kitaplari","7":"pa_cilt-ciltsiz","8":"pa_tur-kitap","9":"pa_yayinevi-is-bankasi-kultur-yayinlari","10":"pa_yazar-is-bankasi-kultur-yayinlari-kolektif","12":"first","13":"instock","14":"sale","15":"shipping-taxable","16":"purchasable","17":"product-type-simple"},"_links":{"self":[{"href":"https:\/\/roveyayinevi.com.tr\/index.php\/wp-json\/wp\/v2\/product\/737007","targetHints":{"allow":["GET"]}}],"collection":[{"href":"https:\/\/roveyayinevi.com.tr\/index.php\/wp-json\/wp\/v2\/product"}],"about":[{"href":"https:\/\/roveyayinevi.com.tr\/index.php\/wp-json\/wp\/v2\/types\/product"}],"wp:attachment":[{"href":"https:\/\/roveyayinevi.com.tr\/index.php\/wp-json\/wp\/v2\/media?parent=737007"}],"wp:term":[{"taxonomy":"product_brand","embeddable":true,"href":"https:\/\/roveyayinevi.com.tr\/index.php\/wp-json\/wp\/v2\/product_brand?post=737007"},{"taxonomy":"product_cat","embeddable":true,"href":"https:\/\/roveyayinevi.com.tr\/index.php\/wp-json\/wp\/v2\/product_cat?post=737007"},{"taxonomy":"product_tag","embeddable":true,"href":"https:\/\/roveyayinevi.com.tr\/index.php\/wp-json\/wp\/v2\/product_tag?post=737007"}],"curies":[{"name":"wp","href":"https:\/\/api.w.org\/{rel}","templated":true}]}}