{"id":737006,"date":"2025-08-27T23:19:25","date_gmt":"2025-08-27T20:19:25","guid":{"rendered":"https:\/\/roveyayinevi.com.tr\/index.php\/urun\/kivrik-kuyruk-ile-cesur-yele-ara-bul-kesfet-kitabim\/"},"modified":"2026-04-16T02:46:00","modified_gmt":"2026-04-15T23:46:00","slug":"kivrik-kuyruk-ile-cesur-yele-ara-bul-kesfet-kitabim","status":"publish","type":"product","link":"https:\/\/roveyayinevi.com.tr\/index.php\/urun\/kivrik-kuyruk-ile-cesur-yele-ara-bul-kesfet-kitabim\/","title":{"rendered":"K\u0131vr\u0131k Kuyruk \u0130le Cesur Yele &#8211; Ara Bul Ke\u015ffet Kitab\u0131m"},"content":{"rendered":"<p>K\u0131vr\u0131k Kuyruk \u0130le Cesur Yele iki yak\u0131n arkada\u015f. Birlikte oyun oynuyorlar, yemek yap\u0131yorlar, al\u0131\u015fveri\u015fe gidiyorlar. Bu iki arkada\u015f\u0131n maceralar\u0131na sen de kat\u0131lmak ister misin? Ara-Bul-Ke\u015ffet Kitab\u0131m \u00c7ocu\u011funuza kitab\u0131 okurken birlikte e\u011flenceli detaylar ke\u015ffedebilir, kelime hazinesini geli\u015ftirmek i\u00e7in resimler \u00fczerine konu\u015fabilir ve sayfalar\u0131n alt\u0131ndaki k\u00fc\u00e7\u00fck resimleri sayfalarda aray\u0131p bulabilirsiniz. <\/p>\n","protected":false},"excerpt":{"rendered":"<p>K\u0131vr\u0131k Kuyruk \u0130le Cesur Yele iki yak\u0131n arkada\u015f. Birlikte oyun oynuyorlar, yemek yap\u0131yorlar, al\u0131\u015fveri\u015fe gidiyorlar. Bu iki arkada\u015f\u0131n maceralar\u0131na sen de kat\u0131lmak ister misin? Ara-Bul-Ke\u015ffet Kitab\u0131m<span class=\"excerpt-hellip\"> [\u2026]<\/span><\/p>\n","protected":false},"featured_media":0,"template":"","meta":{"_monsterinsights_skip_tracking":false,"_monsterinsights_sitenote_active":false,"_monsterinsights_sitenote_note":"","_monsterinsights_sitenote_category":0},"product_brand":[],"product_cat":[12913,12274],"product_tag":[],"class_list":{"0":"post-737006","1":"product","2":"type-product","3":"status-publish","5":"product_cat-3-6-yas-kitaplari","6":"product_cat-cocuk-ve-genclik-kitaplari","7":"pa_cilt-ciltsiz","8":"pa_tur-kitap","9":"pa_yayinevi-is-bankasi-kultur-yayinlari","10":"pa_yazar-anna-karina-birkenstock","12":"first","13":"instock","14":"sale","15":"shipping-taxable","16":"purchasable","17":"product-type-simple"},"_links":{"self":[{"href":"https:\/\/roveyayinevi.com.tr\/index.php\/wp-json\/wp\/v2\/product\/737006","targetHints":{"allow":["GET"]}}],"collection":[{"href":"https:\/\/roveyayinevi.com.tr\/index.php\/wp-json\/wp\/v2\/product"}],"about":[{"href":"https:\/\/roveyayinevi.com.tr\/index.php\/wp-json\/wp\/v2\/types\/product"}],"wp:attachment":[{"href":"https:\/\/roveyayinevi.com.tr\/index.php\/wp-json\/wp\/v2\/media?parent=737006"}],"wp:term":[{"taxonomy":"product_brand","embeddable":true,"href":"https:\/\/roveyayinevi.com.tr\/index.php\/wp-json\/wp\/v2\/product_brand?post=737006"},{"taxonomy":"product_cat","embeddable":true,"href":"https:\/\/roveyayinevi.com.tr\/index.php\/wp-json\/wp\/v2\/product_cat?post=737006"},{"taxonomy":"product_tag","embeddable":true,"href":"https:\/\/roveyayinevi.com.tr\/index.php\/wp-json\/wp\/v2\/product_tag?post=737006"}],"curies":[{"name":"wp","href":"https:\/\/api.w.org\/{rel}","templated":true}]}}