{"id":737005,"date":"2025-08-27T23:19:24","date_gmt":"2025-08-27T20:19:24","guid":{"rendered":"https:\/\/roveyayinevi.com.tr\/index.php\/urun\/minik-2\/"},"modified":"2026-04-16T02:46:00","modified_gmt":"2026-04-15T23:46:00","slug":"minik-2","status":"publish","type":"product","link":"https:\/\/roveyayinevi.com.tr\/index.php\/urun\/minik-2\/","title":{"rendered":"Minik"},"content":{"rendered":"<p>Minik, karde\u015fleriyle birlikte d\u00fcnyay\u0131 ke\u015ffederken maceradan maceraya at\u0131l\u0131yordu. \u0130smi gibi minik oldu\u011fu i\u00e7in karde\u015fleri onu her \u015feyden koruyordu. Beklenmedik bir olay Minik\u2019in asl\u0131nda ne kadar cesur oldu\u011funu g\u00f6sterecek mi? <\/p>\n","protected":false},"excerpt":{"rendered":"<p>Minik, karde\u015fleriyle birlikte d\u00fcnyay\u0131 ke\u015ffederken maceradan maceraya at\u0131l\u0131yordu. \u0130smi gibi minik oldu\u011fu i\u00e7in karde\u015fleri onu her \u015feyden koruyordu. Beklenmedik bir olay Minik\u2019in asl\u0131nda ne kadar cesur<span class=\"excerpt-hellip\"> [\u2026]<\/span><\/p>\n","protected":false},"featured_media":0,"template":"","meta":{"_monsterinsights_skip_tracking":false,"_monsterinsights_sitenote_active":false,"_monsterinsights_sitenote_note":"","_monsterinsights_sitenote_category":0},"product_brand":[],"product_cat":[12274,12518],"product_tag":[],"class_list":{"0":"post-737005","1":"product","2":"type-product","3":"status-publish","5":"product_cat-cocuk-ve-genclik-kitaplari","6":"product_cat-okul-oncesi-kitaplar","7":"pa_cilt-ciltsiz","8":"pa_tur-kitap","9":"pa_yayinevi-is-bankasi-kultur-yayinlari","10":"pa_yazar-regina-kehn","12":"first","13":"instock","14":"sale","15":"shipping-taxable","16":"purchasable","17":"product-type-simple"},"_links":{"self":[{"href":"https:\/\/roveyayinevi.com.tr\/index.php\/wp-json\/wp\/v2\/product\/737005","targetHints":{"allow":["GET"]}}],"collection":[{"href":"https:\/\/roveyayinevi.com.tr\/index.php\/wp-json\/wp\/v2\/product"}],"about":[{"href":"https:\/\/roveyayinevi.com.tr\/index.php\/wp-json\/wp\/v2\/types\/product"}],"wp:attachment":[{"href":"https:\/\/roveyayinevi.com.tr\/index.php\/wp-json\/wp\/v2\/media?parent=737005"}],"wp:term":[{"taxonomy":"product_brand","embeddable":true,"href":"https:\/\/roveyayinevi.com.tr\/index.php\/wp-json\/wp\/v2\/product_brand?post=737005"},{"taxonomy":"product_cat","embeddable":true,"href":"https:\/\/roveyayinevi.com.tr\/index.php\/wp-json\/wp\/v2\/product_cat?post=737005"},{"taxonomy":"product_tag","embeddable":true,"href":"https:\/\/roveyayinevi.com.tr\/index.php\/wp-json\/wp\/v2\/product_tag?post=737005"}],"curies":[{"name":"wp","href":"https:\/\/api.w.org\/{rel}","templated":true}]}}