{"id":737004,"date":"2025-08-27T23:19:23","date_gmt":"2025-08-27T20:19:23","guid":{"rendered":"https:\/\/roveyayinevi.com.tr\/index.php\/urun\/kirpi-kekik-ile-kaybolan-penguen\/"},"modified":"2026-04-16T02:46:00","modified_gmt":"2026-04-15T23:46:00","slug":"kirpi-kekik-ile-kaybolan-penguen","status":"publish","type":"product","link":"https:\/\/roveyayinevi.com.tr\/index.php\/urun\/kirpi-kekik-ile-kaybolan-penguen\/","title":{"rendered":"Kirpi Kekik \u0130le Kaybolan Penguen"},"content":{"rendered":"<p>Kirpi Kekik keyifle kitab\u0131n\u0131 okurken kap\u0131da b\u00fcy\u00fck bir pat\u0131rt\u0131 duydu. Kap\u0131y\u0131 a\u00e7t\u0131\u011f\u0131nda kar\u015f\u0131s\u0131nda kocaman bir yumurta buldu. Yumurta \u00e7at\u0131r \u00e7utur \u00e7atlad\u0131 ve i\u00e7inden yavru bir penguen \u00e7\u0131kt\u0131. Kekik, yavru pengueni ailesine kavu\u015fturmak i\u00e7in hemen yola \u00e7\u0131kt\u0131. Yolda tan\u0131\u015ft\u0131\u011f\u0131 hayvanlarla birlikte yavru penguenin ailesini aramaya ba\u015flad\u0131&#8230; Be\u015f b\u00fcy\u00fck labirentin ve \u00e7\u00f6z\u00fcmlerinin yer ald\u0131\u011f\u0131 e\u011flenceli bir \u00f6yk\u00fc.<\/p>\n","protected":false},"excerpt":{"rendered":"<p>Kirpi Kekik keyifle kitab\u0131n\u0131 okurken kap\u0131da b\u00fcy\u00fck bir pat\u0131rt\u0131 duydu. Kap\u0131y\u0131 a\u00e7t\u0131\u011f\u0131nda kar\u015f\u0131s\u0131nda kocaman bir yumurta buldu. Yumurta \u00e7at\u0131r \u00e7utur \u00e7atlad\u0131 ve i\u00e7inden yavru bir penguen<span class=\"excerpt-hellip\"> [\u2026]<\/span><\/p>\n","protected":false},"featured_media":0,"template":"","meta":{"_monsterinsights_skip_tracking":false,"_monsterinsights_sitenote_active":false,"_monsterinsights_sitenote_note":"","_monsterinsights_sitenote_category":0},"product_brand":[],"product_cat":[12274,12518],"product_tag":[],"class_list":{"0":"post-737004","1":"product","2":"type-product","3":"status-publish","5":"product_cat-cocuk-ve-genclik-kitaplari","6":"product_cat-okul-oncesi-kitaplar","7":"pa_cilt-ciltsiz","8":"pa_tur-kitap","9":"pa_yayinevi-is-bankasi-kultur-yayinlari","10":"pa_yazar-dirk-hennig","12":"first","13":"instock","14":"sale","15":"shipping-taxable","16":"purchasable","17":"product-type-simple"},"_links":{"self":[{"href":"https:\/\/roveyayinevi.com.tr\/index.php\/wp-json\/wp\/v2\/product\/737004","targetHints":{"allow":["GET"]}}],"collection":[{"href":"https:\/\/roveyayinevi.com.tr\/index.php\/wp-json\/wp\/v2\/product"}],"about":[{"href":"https:\/\/roveyayinevi.com.tr\/index.php\/wp-json\/wp\/v2\/types\/product"}],"wp:attachment":[{"href":"https:\/\/roveyayinevi.com.tr\/index.php\/wp-json\/wp\/v2\/media?parent=737004"}],"wp:term":[{"taxonomy":"product_brand","embeddable":true,"href":"https:\/\/roveyayinevi.com.tr\/index.php\/wp-json\/wp\/v2\/product_brand?post=737004"},{"taxonomy":"product_cat","embeddable":true,"href":"https:\/\/roveyayinevi.com.tr\/index.php\/wp-json\/wp\/v2\/product_cat?post=737004"},{"taxonomy":"product_tag","embeddable":true,"href":"https:\/\/roveyayinevi.com.tr\/index.php\/wp-json\/wp\/v2\/product_tag?post=737004"}],"curies":[{"name":"wp","href":"https:\/\/api.w.org\/{rel}","templated":true}]}}