{"id":737000,"date":"2025-08-27T23:19:18","date_gmt":"2025-08-27T20:19:18","guid":{"rendered":"https:\/\/roveyayinevi.com.tr\/index.php\/urun\/virusler-kisa-bir-giris\/"},"modified":"2026-04-16T02:46:00","modified_gmt":"2026-04-15T23:46:00","slug":"virusler-kisa-bir-giris","status":"publish","type":"product","link":"https:\/\/roveyayinevi.com.tr\/index.php\/urun\/virusler-kisa-bir-giris\/","title":{"rendered":"Vir\u00fcsler &#8211; K\u0131sa Bir Giri\u015f"},"content":{"rendered":"<p>\u201cVir\u00fcsler her yerdeler ve vir\u00fcs evreni ak\u0131l almaz b\u00fcy\u00fckl\u00fckte\u2026 Bu devasa depodan zaman zaman insanda hastal\u0131k olu\u015fturacak yeni patojenler \u00e7\u0131kmas\u0131 ka\u00e7\u0131n\u0131lmaz. \u015eimdi as\u0131l sormam\u0131z gereken soru \u015fu: Biz buna haz\u0131rl\u0131kl\u0131 m\u0131y\u0131z?\u201d COVID-19 pandemisi t\u00fcm d\u00fcnyay\u0131 yak\u0131n tarihimizde benzeri g\u00f6r\u00fclmemi\u015f bir \u015fekilde etkiledi, etkilemeye de devam ediyor. HIV, domuz gribi ve SARS gibi pandemiler \u00e7ok say\u0131da \u00f6l\u00fcme neden oldu ya da farkl\u0131 \u015fekillerde insanlar\u0131n hayatlar\u0131n\u0131 etkiledi. T\u00fcm bu s\u00fcre\u00e7ler boyunca vir\u00fcsler ve \u00f6l\u00fcmc\u00fcl enfeksiyonlarla ilgili s\u00fcrekli bir bilgi bombard\u0131man\u0131 alt\u0131nda kal\u0131yoruz. Uzmanlar\u0131n g\u00f6r\u00fc\u015flerinin yan\u0131 s\u0131ra farkl\u0131 pek \u00e7ok kaynaktan gelen do\u011frulu\u011fu \u015f\u00fcpheli bilgiler, s\u00f6ylentileri ger\u00e7eklerden ay\u0131rmay\u0131 g\u00fc\u00e7le\u015ftiriyor. Vir\u00fcslerin ke\u015fiflerinden karma\u015f\u0131k yap\u0131lar\u0131na kadar incelendi\u011fi, orijinali Oxford \u00dcniversitesi taraf\u0131ndan yay\u0131mlanan bu kitapta minik parazitlerin yery\u00fcz\u00fcn\u00fcn en bol bulunan ya\u015fam bi\u00e7imi haline nas\u0131l geldiklerine \u015fahit olacaks\u0131n\u0131z. Ebola ve Zika gibi d\u00fcnyan\u0131n daha uzak k\u00f6\u015felerini etkilemi\u015f gibi g\u00f6r\u00fcnen salg\u0131nlar\u0131n asl\u0131nda nas\u0131l bir k\u00fcresel sorun oldu\u011funu, u\u00e7ak yolculuklar\u0131n\u0131n vir\u00fcslerin geni\u015f co\u011frafyalara nas\u0131l h\u0131zla yay\u0131lmas\u0131n\u0131 sa\u011flad\u0131\u011f\u0131n\u0131, iklim krizinin gelecekte salg\u0131nlar\u0131n seyrini nas\u0131l de\u011fi\u015ftirebilece\u011fini, vir\u00fcslerle m\u00fccadelede kullan\u0131lan a\u015f\u0131 ve ila\u00e7lar\u0131n tarih\u00e7elerini okuyacak, her \u015fart ve durumda varl\u0131klar\u0131n\u0131 s\u00fcrd\u00fcrmeyi ba\u015faracak vir\u00fcslerle nas\u0131l uyum i\u00e7inde ya\u015fayabilece\u011fimizin ipu\u00e7lar\u0131na ula\u015facaks\u0131n\u0131z. <\/p>\n","protected":false},"excerpt":{"rendered":"<p>\u201cVir\u00fcsler her yerdeler ve vir\u00fcs evreni ak\u0131l almaz b\u00fcy\u00fckl\u00fckte\u2026 Bu devasa depodan zaman zaman insanda hastal\u0131k olu\u015fturacak yeni patojenler \u00e7\u0131kmas\u0131 ka\u00e7\u0131n\u0131lmaz. \u015eimdi as\u0131l sormam\u0131z gereken soru<span class=\"excerpt-hellip\"> [\u2026]<\/span><\/p>\n","protected":false},"featured_media":0,"template":"","meta":{"_monsterinsights_skip_tracking":false,"_monsterinsights_sitenote_active":false,"_monsterinsights_sitenote_note":"","_monsterinsights_sitenote_category":0},"product_brand":[],"product_cat":[13005,13006],"product_tag":[],"class_list":{"0":"post-737000","1":"product","2":"type-product","3":"status-publish","5":"product_cat-bilim-muhendislik","6":"product_cat-populer-bilim","7":"pa_cilt-ciltsiz","8":"pa_tur-kitap","9":"pa_yayinevi-is-bankasi-kultur-yayinlari","10":"pa_yazar-dorothy-h-crawford","12":"first","13":"instock","14":"sale","15":"shipping-taxable","16":"purchasable","17":"product-type-simple"},"_links":{"self":[{"href":"https:\/\/roveyayinevi.com.tr\/index.php\/wp-json\/wp\/v2\/product\/737000","targetHints":{"allow":["GET"]}}],"collection":[{"href":"https:\/\/roveyayinevi.com.tr\/index.php\/wp-json\/wp\/v2\/product"}],"about":[{"href":"https:\/\/roveyayinevi.com.tr\/index.php\/wp-json\/wp\/v2\/types\/product"}],"wp:attachment":[{"href":"https:\/\/roveyayinevi.com.tr\/index.php\/wp-json\/wp\/v2\/media?parent=737000"}],"wp:term":[{"taxonomy":"product_brand","embeddable":true,"href":"https:\/\/roveyayinevi.com.tr\/index.php\/wp-json\/wp\/v2\/product_brand?post=737000"},{"taxonomy":"product_cat","embeddable":true,"href":"https:\/\/roveyayinevi.com.tr\/index.php\/wp-json\/wp\/v2\/product_cat?post=737000"},{"taxonomy":"product_tag","embeddable":true,"href":"https:\/\/roveyayinevi.com.tr\/index.php\/wp-json\/wp\/v2\/product_tag?post=737000"}],"curies":[{"name":"wp","href":"https:\/\/api.w.org\/{rel}","templated":true}]}}