{"id":736994,"date":"2025-08-27T23:19:11","date_gmt":"2025-08-27T20:19:11","guid":{"rendered":"https:\/\/roveyayinevi.com.tr\/index.php\/urun\/elde-var-huzun\/"},"modified":"2026-04-16T02:46:00","modified_gmt":"2026-04-15T23:46:00","slug":"elde-var-huzun","status":"publish","type":"product","link":"https:\/\/roveyayinevi.com.tr\/index.php\/urun\/elde-var-huzun\/","title":{"rendered":"Elde Var H\u00fcz\u00fcn"},"content":{"rendered":"<p>\u015eehrin sokaklar\u0131nda ihanet y\u00fcr\u00fcyor bu \u015fiirlerde; tan\u0131d\u0131k birileri \u00f6l\u00fcyor, mahk\u00fbmlar ko\u011fu\u015flar\u0131nda sevda, \u00f6zlem, \u00f6zg\u00fcrl\u00fck, sevgili \u00f6r\u00fcyorlar gizlice, gen\u00e7 ayr\u0131l\u0131klar, tutsak mutluluklar ya\u015fan\u0131yor&#8230; Ayk\u0131r\u0131 hayatlar\u0131n resmi ge\u00e7itinde hep bir a\u011f\u0131zdan s\u00f6yl\u00fcyoruz: \u201chayat zamanda iz b\u0131rakmaz \/ bir bo\u015flu\u011fa d\u00fc\u015fersin bir bo\u015fluktan \/ birikip yeniden s\u0131\u00e7ramak i\u00e7in \/ elde var h\u00fcz\u00fcn\u201d&#8230; \u201cAttil\u00e2 \u0130lhan toplumcu \u015fiirimize oldu\u011fu kadar, bireyci \u015fiirimize de yeni boyutlar kazand\u0131rm\u0131\u015ft\u0131r.\u201d                                                                                                                                    As\u0131m Bezirci *Ya\u011fmurda Sis D\u00fcd\u00fckleri \/Tut ki Gecedir \/O Vahim Orospu \/T \/K\u0131sa Devre 1 \/K\u0131sa Devre 2 \/K\u0131sa Devre 3 \/Kurtalan Treni\u2019ne Gazel \/R\u00fcya Bu Ya 1 \/ R\u00fcya Bu Ya 2 \/ R\u00fcya Bu Ya 3 \/G\u00f6zleriyle Cellat \/Zeynep Beni Bekle *Rast \u2018Zenci\u2019 Pe\u015frevi \/1.Bunlar \u0130nsan\u0131 Par\u00e7alar \/2.Zenci \u00c7engi mi\u2026 \/3.Fokur Fokur \/4.Sunturlu Bir Karanl\u0131k \/Ay\u0131p Resimler 1 \/Ay\u0131p Resimler 2 \/Ay\u0131p Resimler 3 \/Ay\u0131p Resimler 4 \/Ay\u0131p Resimler 5 \/Ay\u0131p Resimler 6 *Rubaiyat \/Zulmetmeyi Ye\u011fler \/S\u00fcrekli Bir Dalg\u0131nl\u0131kt\u0131r \/D\u00f6ne D\u00f6ne \/Bir Vapur Gibi U\u011fuldayarak \/Ya\u011fmurlu K\u0131\u015f G\u00fcn\u00fc \/Trenler Katar Katar \/Korkunun Kulak Gibi \/Buz Ku\u015flar\u0131 \/Sabah Uyan\u0131rs\u0131n *Serbest Gazeller \/Gibi Redifli Gazeller \/An Gelir \/Kim Kald\u0131 \/Harem-i H\u00fcmayun \/B\u00e2ki\u2019ye Gazel \/Elde Var H\u00fcz\u00fcn *Drang Nach Osten \/1.Raviy\u00e2n-\u0131 Ahbar\u2026\/2.N\u00e2kil\u00e2n-\u0131 \u00c2s\u00e2r\u2026\/3.\u015e\u00f6yle Rivayet Ederler Kim\u2026*Merakl\u0131s\u0131 \u0130\u00e7in Ekler \/\u02baKelime&#8221; \/Deryan\u0131n G\u00fcnah\u0131 Ne? \/\u02baGen\u00e7 Ozanlar\u02ba \u00dczerine S\u00f6yle\u015fi \/\u015eiir \u00dcst\u00fcne Konu\u015fma \/Avuntu mu? \/&#8221;Kocatepe\u02ba ile S\u00f6yle\u015fi \/T\u00fcrk \u015eiirinde Gen\u00e7ler (Ustalar Ne Diyor?) \/\u015eiirde, Kurtulu\u015f Sava\u015f\u0131 \/\u015eiir S\u00f6ylemek \/\u015eiirden \u00c7ok, Laf\u2026 <\/p>\n","protected":false},"excerpt":{"rendered":"<p>\u015eehrin sokaklar\u0131nda ihanet y\u00fcr\u00fcyor bu \u015fiirlerde; tan\u0131d\u0131k birileri \u00f6l\u00fcyor, mahk\u00fbmlar ko\u011fu\u015flar\u0131nda sevda, \u00f6zlem, \u00f6zg\u00fcrl\u00fck, sevgili \u00f6r\u00fcyorlar gizlice, gen\u00e7 ayr\u0131l\u0131klar, tutsak mutluluklar ya\u015fan\u0131yor&#8230; Ayk\u0131r\u0131 hayatlar\u0131n resmi ge\u00e7itinde<span class=\"excerpt-hellip\"> [\u2026]<\/span><\/p>\n","protected":false},"featured_media":0,"template":"","meta":{"_monsterinsights_skip_tracking":false,"_monsterinsights_sitenote_active":false,"_monsterinsights_sitenote_note":"","_monsterinsights_sitenote_category":0},"product_brand":[],"product_cat":[12291,12292],"product_tag":[],"class_list":{"0":"post-736994","1":"product","2":"type-product","3":"status-publish","5":"product_cat-edebiyat","6":"product_cat-turk-edebiyati","7":"pa_cilt-ciltsiz","8":"pa_tur-kitap","9":"pa_yayinevi-is-bankasi-kultur-yayinlari","10":"pa_yazar-attila-ilhan","12":"first","13":"instock","14":"sale","15":"shipping-taxable","16":"purchasable","17":"product-type-simple"},"_links":{"self":[{"href":"https:\/\/roveyayinevi.com.tr\/index.php\/wp-json\/wp\/v2\/product\/736994","targetHints":{"allow":["GET"]}}],"collection":[{"href":"https:\/\/roveyayinevi.com.tr\/index.php\/wp-json\/wp\/v2\/product"}],"about":[{"href":"https:\/\/roveyayinevi.com.tr\/index.php\/wp-json\/wp\/v2\/types\/product"}],"wp:attachment":[{"href":"https:\/\/roveyayinevi.com.tr\/index.php\/wp-json\/wp\/v2\/media?parent=736994"}],"wp:term":[{"taxonomy":"product_brand","embeddable":true,"href":"https:\/\/roveyayinevi.com.tr\/index.php\/wp-json\/wp\/v2\/product_brand?post=736994"},{"taxonomy":"product_cat","embeddable":true,"href":"https:\/\/roveyayinevi.com.tr\/index.php\/wp-json\/wp\/v2\/product_cat?post=736994"},{"taxonomy":"product_tag","embeddable":true,"href":"https:\/\/roveyayinevi.com.tr\/index.php\/wp-json\/wp\/v2\/product_tag?post=736994"}],"curies":[{"name":"wp","href":"https:\/\/api.w.org\/{rel}","templated":true}]}}