{"id":736991,"date":"2025-08-27T23:19:07","date_gmt":"2025-08-27T20:19:07","guid":{"rendered":"https:\/\/roveyayinevi.com.tr\/index.php\/urun\/durmayalim-duseriz\/"},"modified":"2026-04-16T02:46:00","modified_gmt":"2026-04-15T23:46:00","slug":"durmayalim-duseriz","status":"publish","type":"product","link":"https:\/\/roveyayinevi.com.tr\/index.php\/urun\/durmayalim-duseriz\/","title":{"rendered":"Durmayal\u0131m D\u00fc\u015feriz"},"content":{"rendered":"<p>T\u00fcrkiye\u2019de \u00e7ocuk sa\u011fl\u0131\u011f\u0131 denilince ilk akla gelen isimlerden Prof. Dr. Olcay Neyzi, \u0130stanbul \u00dcniversitesi\u2019ndeki \u00f6\u011frencilik y\u0131llar\u0131ndan itibaren kendini \u00f6zellikle \u00e7ocuk hastal\u0131klar\u0131 konusunda \u00fclkenin her taraf\u0131nda d\u00fcnya standartlar\u0131nda hizmet verilmesi i\u00e7in \u00e7al\u0131\u015fmaya adad\u0131. \u0130stanbul T\u0131p Fak\u00fcltesi\u2019nde Kad\u0131n ve \u00c7ocuk Sa\u011fl\u0131\u011f\u0131 Ara\u015ft\u0131rma ve E\u011fitim Birimi\u2019nin kurulmas\u0131n\u0131 sa\u011flad\u0131. 1979-94 y\u0131llar\u0131 aras\u0131nda \u0130stanbul T\u0131p Fak\u00fcltesi \u00c7ocuk Sa\u011fl\u0131\u011f\u0131 ve Hastal\u0131klar\u0131 Anabilim Dal\u0131 Ba\u015fkan\u0131 ve \u0130stanbul \u00dcniversitesi \u00c7ocuk Sa\u011fl\u0131\u011f\u0131 Enstit\u00fcs\u00fc M\u00fcd\u00fcr\u00fc olarak g\u00f6rev yapt\u0131. Ayr\u0131ca \u0130stanbul \u00dcniversitesi \u00c7ocuk Sa\u011fl\u0131\u011f\u0131 Enstit\u00fcs\u00fc b\u00fcnyesinde Aile Sa\u011fl\u0131\u011f\u0131 Anabilim Dal\u0131\u2019n\u0131n kurulmas\u0131nda rol oynad\u0131. Olcay Neyzi \u00e7ocukluk y\u0131llar\u0131ndan ba\u015flayarak kaleme ald\u0131\u011f\u0131 hat\u0131ralar\u0131nda hem kendi hem de e\u015fi Ali Neyzi\u2019nin ailesinin hik\u00e2yesini, Arnavutk\u00f6y K\u0131z Koleji\u2019nde ge\u00e7en e\u011fitim y\u0131llar\u0131nda, daha sonra her biri kendi alan\u0131nda \u00f6nemli g\u00f6revler \u00fcstlenecek s\u0131n\u0131f arkada\u015flar\u0131yla ili\u015fkilerini, \u0130stanbul, Michigan ve Boston\u2019daki y\u00fcksek\u00f6\u011frenim d\u00f6nemini, doktor olarak g\u00f6rev yapmaya ba\u015flad\u0131ktan sonra kar\u015f\u0131s\u0131na \u00e7\u0131kan zorluklar\u0131, bir hekim ve hoca olarak meslek y\u0131llar\u0131nda ya\u015fad\u0131klar\u0131n\u0131 sade ve samimi bir dille aktar\u0131yor okurlar\u0131na. <\/p>\n","protected":false},"excerpt":{"rendered":"<p>T\u00fcrkiye\u2019de \u00e7ocuk sa\u011fl\u0131\u011f\u0131 denilince ilk akla gelen isimlerden Prof. Dr. Olcay Neyzi, \u0130stanbul \u00dcniversitesi\u2019ndeki \u00f6\u011frencilik y\u0131llar\u0131ndan itibaren kendini \u00f6zellikle \u00e7ocuk hastal\u0131klar\u0131 konusunda \u00fclkenin her taraf\u0131nda d\u00fcnya<span class=\"excerpt-hellip\"> [\u2026]<\/span><\/p>\n","protected":false},"featured_media":0,"template":"","meta":{"_monsterinsights_skip_tracking":false,"_monsterinsights_sitenote_active":false,"_monsterinsights_sitenote_note":"","_monsterinsights_sitenote_category":0},"product_brand":[],"product_cat":[13701,12291],"product_tag":[],"class_list":{"0":"post-736991","1":"product","2":"type-product","3":"status-publish","5":"product_cat-ani-mektup-gunluk","6":"product_cat-edebiyat","7":"pa_cilt-ciltsiz","8":"pa_tur-kitap","9":"pa_yayinevi-is-bankasi-kultur-yayinlari","10":"pa_yazar-olcay-neyzi","12":"first","13":"instock","14":"sale","15":"shipping-taxable","16":"purchasable","17":"product-type-simple"},"_links":{"self":[{"href":"https:\/\/roveyayinevi.com.tr\/index.php\/wp-json\/wp\/v2\/product\/736991","targetHints":{"allow":["GET"]}}],"collection":[{"href":"https:\/\/roveyayinevi.com.tr\/index.php\/wp-json\/wp\/v2\/product"}],"about":[{"href":"https:\/\/roveyayinevi.com.tr\/index.php\/wp-json\/wp\/v2\/types\/product"}],"wp:attachment":[{"href":"https:\/\/roveyayinevi.com.tr\/index.php\/wp-json\/wp\/v2\/media?parent=736991"}],"wp:term":[{"taxonomy":"product_brand","embeddable":true,"href":"https:\/\/roveyayinevi.com.tr\/index.php\/wp-json\/wp\/v2\/product_brand?post=736991"},{"taxonomy":"product_cat","embeddable":true,"href":"https:\/\/roveyayinevi.com.tr\/index.php\/wp-json\/wp\/v2\/product_cat?post=736991"},{"taxonomy":"product_tag","embeddable":true,"href":"https:\/\/roveyayinevi.com.tr\/index.php\/wp-json\/wp\/v2\/product_tag?post=736991"}],"curies":[{"name":"wp","href":"https:\/\/api.w.org\/{rel}","templated":true}]}}