{"id":736988,"date":"2025-08-27T23:19:04","date_gmt":"2025-08-27T20:19:04","guid":{"rendered":"https:\/\/roveyayinevi.com.tr\/index.php\/urun\/goren-gozler\/"},"modified":"2026-04-16T02:46:00","modified_gmt":"2026-04-15T23:46:00","slug":"goren-gozler","status":"publish","type":"product","link":"https:\/\/roveyayinevi.com.tr\/index.php\/urun\/goren-gozler\/","title":{"rendered":"G\u00f6ren G\u00f6zler"},"content":{"rendered":"<p>\u201cEngellenecek bir hayat amac\u0131 kimseye se\u00e7tirilmez.\u201d \u201cBu g\u00f6rd\u00fcklerim bana g\u00f6sterildi. Harekete ge\u00e7mem gerek. \u0130\u00e7inde ne zamand\u0131r yatmakta oldu\u011fumu bilmedi\u011fim su dolu havuzdan yava\u015f\u00e7a \u00e7\u0131k\u0131yorum. G\u00f6rd\u00fc\u011f\u00fcm her \u015fey ayn\u0131 anda su taraf\u0131ndan bilindi. \u015eimdi suyu topra\u011fa aktarmal\u0131 ve t\u00fcm g\u00f6rd\u00fcklerimin toprak taraf\u0131ndan da bilinmesini sa\u011flamal\u0131y\u0131m. D\u00fcnya kurtar\u0131labilir. Umutlar\u0131n yeniden ye\u015ferme zaman\u0131.\u201dZamanlar, mek\u00e2nlar ve r\u00fcyalar aras\u0131nda ilk ne vakit hep bildiklerini ama hat\u0131rlayamad\u0131klar\u0131n\u0131 fark etti Esin? \u0130lk yang\u0131n\u0131ndan son tufan\u0131na dek Ani\u2019nin, Solis\u2019in, Ayasofya\u2019dan ba\u015flay\u0131p Nemrut\u2019a, Mevlana\u2019n\u0131n bilgisinden Yaz\u0131l\u0131kaya\u2019n\u0131n s\u0131rlar\u0131na dek izlerini s\u00fcrd\u00fc. Onun yolculu\u011fu kendine oldu\u011fu kadar t\u00fcm planlarda hakikatin, bereketin, refah\u0131n ve d\u00fcnyan\u0131n uyan\u0131\u015f\u0131na do\u011fruydu\u2026T\u00fcm i\u015faretleri birle\u015ftirdi\u011finde ortaya \u00e7\u0131kan m\u00fckemmellik, akl\u0131n\u0131 ba\u015f\u0131ndan almaya yetiyordu. Sinem Demird\u00f6ven, ilk roman\u0131 G\u00f6ren G\u00f6zler ile g\u00f6r\u00fcnenin \u00f6tesine ge\u00e7me cesaretini okurla payla\u015f\u0131yor. T\u00fcm zamanlar\u0131n evvelinden gelen bilginin, sembollerin, kadim topraklar\u0131m\u0131zdan aktar\u0131lan bilgeli\u011fin, hem varl\u0131\u011f\u0131m\u0131z\u0131n hem d\u00fcnyam\u0131z\u0131n binlerce kez d\u00fc\u015f\u00fc\u015f\u00fcyle beraber yine de ayaklan\u0131\u015f\u0131n\u0131n hik\u00e2yesi\u2026<\/p>\n","protected":false},"excerpt":{"rendered":"<p>\u201cEngellenecek bir hayat amac\u0131 kimseye se\u00e7tirilmez.\u201d \u201cBu g\u00f6rd\u00fcklerim bana g\u00f6sterildi. Harekete ge\u00e7mem gerek. \u0130\u00e7inde ne zamand\u0131r yatmakta oldu\u011fumu bilmedi\u011fim su dolu havuzdan yava\u015f\u00e7a \u00e7\u0131k\u0131yorum. G\u00f6rd\u00fc\u011f\u00fcm her<span class=\"excerpt-hellip\"> [\u2026]<\/span><\/p>\n","protected":false},"featured_media":0,"template":"","meta":{"_monsterinsights_skip_tracking":false,"_monsterinsights_sitenote_active":false,"_monsterinsights_sitenote_note":"","_monsterinsights_sitenote_category":0},"product_brand":[],"product_cat":[12291,12711],"product_tag":[],"class_list":{"0":"post-736988","1":"product","2":"type-product","3":"status-publish","5":"product_cat-edebiyat","6":"product_cat-roman-oyku","7":"pa_cilt-ciltsiz","8":"pa_tur-kitap","9":"pa_yayinevi-pika-yayinevi","10":"pa_yazar-sinem-demirdoven","12":"first","13":"instock","14":"sale","15":"shipping-taxable","16":"purchasable","17":"product-type-simple"},"_links":{"self":[{"href":"https:\/\/roveyayinevi.com.tr\/index.php\/wp-json\/wp\/v2\/product\/736988","targetHints":{"allow":["GET"]}}],"collection":[{"href":"https:\/\/roveyayinevi.com.tr\/index.php\/wp-json\/wp\/v2\/product"}],"about":[{"href":"https:\/\/roveyayinevi.com.tr\/index.php\/wp-json\/wp\/v2\/types\/product"}],"wp:attachment":[{"href":"https:\/\/roveyayinevi.com.tr\/index.php\/wp-json\/wp\/v2\/media?parent=736988"}],"wp:term":[{"taxonomy":"product_brand","embeddable":true,"href":"https:\/\/roveyayinevi.com.tr\/index.php\/wp-json\/wp\/v2\/product_brand?post=736988"},{"taxonomy":"product_cat","embeddable":true,"href":"https:\/\/roveyayinevi.com.tr\/index.php\/wp-json\/wp\/v2\/product_cat?post=736988"},{"taxonomy":"product_tag","embeddable":true,"href":"https:\/\/roveyayinevi.com.tr\/index.php\/wp-json\/wp\/v2\/product_tag?post=736988"}],"curies":[{"name":"wp","href":"https:\/\/api.w.org\/{rel}","templated":true}]}}