{"id":736987,"date":"2025-08-27T23:19:03","date_gmt":"2025-08-27T20:19:03","guid":{"rendered":"https:\/\/roveyayinevi.com.tr\/index.php\/urun\/pratik\/"},"modified":"2026-04-16T02:46:00","modified_gmt":"2026-04-15T23:46:00","slug":"pratik","status":"publish","type":"product","link":"https:\/\/roveyayinevi.com.tr\/index.php\/urun\/pratik\/","title":{"rendered":"Pratik"},"content":{"rendered":"<p>Dip ve Mor \u0130nek kitaplar\u0131n\u0131n yazar\u0131ndan sanat\u00e7\u0131lara, yazarlara ve giri\u015fimcilere kendilerini d\u00fcnyaya ellerinden gelenin en iyisini arma\u011fan etmeye adamalar\u0131 i\u00e7in ilham kayna\u011f\u0131 olacak \u00e7ok ho\u015f, k\u00fc\u00e7\u00fck bir kitap.Yarat\u0131c\u0131 i\u015fler, beraberinde bir garantiyle do\u011fmaz. Fakat kimin ba\u015far\u0131l\u0131 olaca\u011f\u0131 ya da olamayaca\u011f\u0131 bir kal\u0131ba ba\u011fl\u0131d\u0131r. Bunu tutarl\u0131 bir \u015fekilde tatbik etme aray\u0131\u015f\u0131 ise ilerlemenin en iyi yoludur.Efsanevi yazar Seth Godin\u2019in \u00f6nc\u00fcl\u00fc\u011f\u00fcn\u00fc yapt\u0131\u011f\u0131 \u00e7\u0131\u011f\u0131r a\u00e7an Akimbo at\u00f6lyesine dayanan Pratik, tak\u0131l\u0131p kald\u0131\u011f\u0131n\u0131z yerden kurtulman\u0131za ve yarat\u0131c\u0131 \u00e7al\u0131\u015fmalar meydana getirip bunlar\u0131 payla\u015fma cesaretini bulman\u0131za yard\u0131mc\u0131 olacakt\u0131r. Godin yazar t\u0131kanmas\u0131n\u0131n bir efsane oldu\u011fu, tutarl\u0131l\u0131\u011f\u0131n \u00f6zg\u00fcnl\u00fckten \u00e7ok daha \u00f6nemli oldu\u011fu ve imposter\/sahtek\u00e2rl\u0131k sendromunu ya\u015faman\u0131n uyumlu bir insan oldu\u011funuzun i\u015fareti say\u0131laca\u011f\u0131 konusunda \u0131srar ediyor. Her \u015feyden \u00f6nemlisi tutkunuzu, sizi me\u015fgul eden dikkat da\u011f\u0131n\u0131kl\u0131\u011f\u0131ndan uzakla\u015ft\u0131r\u0131p en ba\u015f\u0131ndan beri payla\u015fma aray\u0131\u015f\u0131nda oldu\u011funuz \u00fcretken bir katk\u0131ya nas\u0131l kanalize edece\u011finizi g\u00f6steriyor.Bu kitab\u0131n k\u0131lavuzlu\u011funda korkular\u0131n\u0131zla dans etmeyi \u00f6\u011freneceksiniz. Al\u0131nmaya de\u011fer riskleri g\u00f6ze almay\u0131 ve katk\u0131 sa\u011flayacak \u00e7al\u0131\u015fmalar\u0131 ger\u00e7ekle\u015ftirmek i\u00e7in gereken empatiyi keyifle ve samimiyetle benimsemeyi\u2026   Pratik s\u0131ra d\u0131\u015f\u0131 ve heyecan verici bir eylem \u00e7a\u011fr\u0131s\u0131! <\/p>\n","protected":false},"excerpt":{"rendered":"<p>Dip ve Mor \u0130nek kitaplar\u0131n\u0131n yazar\u0131ndan sanat\u00e7\u0131lara, yazarlara ve giri\u015fimcilere kendilerini d\u00fcnyaya ellerinden gelenin en iyisini arma\u011fan etmeye adamalar\u0131 i\u00e7in ilham kayna\u011f\u0131 olacak \u00e7ok ho\u015f, k\u00fc\u00e7\u00fck<span class=\"excerpt-hellip\"> [\u2026]<\/span><\/p>\n","protected":false},"featured_media":0,"template":"","meta":{"_monsterinsights_skip_tracking":false,"_monsterinsights_sitenote_active":false,"_monsterinsights_sitenote_note":"","_monsterinsights_sitenote_category":0},"product_brand":[],"product_cat":[13043,17647],"product_tag":[],"class_list":{"0":"post-736987","1":"product","2":"type-product","3":"status-publish","5":"product_cat-ekonomi","6":"product_cat-is-dunyasi","7":"pa_cilt-ciltsiz","8":"pa_tur-kitap","9":"pa_yayinevi-profil-kitap","10":"pa_yazar-seth-godin","12":"first","13":"instock","14":"sale","15":"shipping-taxable","16":"purchasable","17":"product-type-simple"},"_links":{"self":[{"href":"https:\/\/roveyayinevi.com.tr\/index.php\/wp-json\/wp\/v2\/product\/736987","targetHints":{"allow":["GET"]}}],"collection":[{"href":"https:\/\/roveyayinevi.com.tr\/index.php\/wp-json\/wp\/v2\/product"}],"about":[{"href":"https:\/\/roveyayinevi.com.tr\/index.php\/wp-json\/wp\/v2\/types\/product"}],"wp:attachment":[{"href":"https:\/\/roveyayinevi.com.tr\/index.php\/wp-json\/wp\/v2\/media?parent=736987"}],"wp:term":[{"taxonomy":"product_brand","embeddable":true,"href":"https:\/\/roveyayinevi.com.tr\/index.php\/wp-json\/wp\/v2\/product_brand?post=736987"},{"taxonomy":"product_cat","embeddable":true,"href":"https:\/\/roveyayinevi.com.tr\/index.php\/wp-json\/wp\/v2\/product_cat?post=736987"},{"taxonomy":"product_tag","embeddable":true,"href":"https:\/\/roveyayinevi.com.tr\/index.php\/wp-json\/wp\/v2\/product_tag?post=736987"}],"curies":[{"name":"wp","href":"https:\/\/api.w.org\/{rel}","templated":true}]}}