{"id":736985,"date":"2025-08-27T23:19:00","date_gmt":"2025-08-27T20:19:00","guid":{"rendered":"https:\/\/roveyayinevi.com.tr\/index.php\/urun\/auschwitzin-kulleri\/"},"modified":"2026-04-16T02:45:59","modified_gmt":"2026-04-15T23:45:59","slug":"auschwitzin-kulleri","status":"publish","type":"product","link":"https:\/\/roveyayinevi.com.tr\/index.php\/urun\/auschwitzin-kulleri\/","title":{"rendered":"Auschwitz&#8217;in K\u00fclleri"},"content":{"rendered":"<p>Charlotte Delbo, 1943&#8217;te me\u015fhur 24 Ocak konvoyuyla Auschwitz toplama kamp\u0131na g\u00f6nderilen 230 kad\u0131ndan biriydi. Yahudi de\u011fildi; Frans\u0131z direni\u015f hareketi i\u00e7inde yer ald\u0131\u011f\u0131 i\u00e7in tutuklanm\u0131\u015ft\u0131.   Delbo&#8217;nun \u00fc\u00e7 kitaptan olu\u015fan ve burada tek cilt halinde sunulan tan\u0131kl\u0131\u011f\u0131, \u00e7ekilen \u0131st\u0131raplar\u0131n ortas\u0131nda \u00e7ok ustaca \u00e7izilmi\u015f insan portrelerini g\u00fcn y\u00fcz\u00fcne \u00e7\u0131kar\u0131yor: A\u015fk ve \u00f6l\u00fcm, umut ve hayal k\u0131r\u0131kl\u0131\u011f\u0131, dostluk ve \u00e7aresizlik gibi izlekler ete kemi\u011fe b\u00fcr\u00fcnerek, \u00f6l\u00fcm kamplar\u0131n\u0131n bir deri bir kemik kalm\u0131\u015f tutuklular\u0131n\u0131n g\u00f6zlerinden okuyucuya yans\u0131yor.Holokost edebiyat\u0131n\u0131n klasi\u011fi Auschwitz\u2019in K\u00fclleri, 20. y\u00fczy\u0131l\u0131n ve belki de t\u00fcm insanl\u0131k tarihinin en karanl\u0131k, ya\u015famayanlar\u0131n hayal etmekte bile zorlanacaklar\u0131 sayfas\u0131n\u0131, Nazi toplama kamplar\u0131n\u0131 hem i\u00e7eriden bir bak\u0131\u015fla hem de ya\u015fanm\u0131\u015f ac\u0131y\u0131 da a\u015fan, \u00f6l\u00fcm\u00fc ve sevgiyi \u015fiirselle\u015ftiren bir dille anlat\u0131yor.   Belki de Delbo\u2019nun, \u201cya\u015famaya hak kazanmak i\u00e7in en az\u0131ndan dans etmeyi \u00f6\u011frenmemiz gerekti\u011fini\u201d s\u00f6yledi\u011fi dizelerine kulak vermenin tam zaman\u0131d\u0131r.   Yalvar\u0131r\u0131m Bir \u015feyler yap\u0131n Bir dans \u00f6\u011frenin Bir ad\u0131m Varl\u0131\u011f\u0131n\u0131z\u0131 hak ettirecek Derinizi ve t\u00fcylerinizi giyme hakk\u0131 verecek Y\u00fcr\u00fcmeyi ve g\u00fclmeyi \u00f6\u011frenin \u00c7\u00fcnk\u00fc \u00e7ok aptalca olur yoksa Sonunda Bu kadar insan \u00f6lm\u00fc\u015fken Siz ya\u015f\u0131yorsan\u0131z e\u011fer Hayatta hi\u00e7bir \u015fey \u00f6\u011frenmeden <\/p>\n","protected":false},"excerpt":{"rendered":"<p>Charlotte Delbo, 1943&#8217;te me\u015fhur 24 Ocak konvoyuyla Auschwitz toplama kamp\u0131na g\u00f6nderilen 230 kad\u0131ndan biriydi. Yahudi de\u011fildi; Frans\u0131z direni\u015f hareketi i\u00e7inde yer ald\u0131\u011f\u0131 i\u00e7in tutuklanm\u0131\u015ft\u0131. Delbo&#8217;nun \u00fc\u00e7<span class=\"excerpt-hellip\"> [\u2026]<\/span><\/p>\n","protected":false},"featured_media":0,"template":"","meta":{"_monsterinsights_skip_tracking":false,"_monsterinsights_sitenote_active":false,"_monsterinsights_sitenote_note":"","_monsterinsights_sitenote_category":0},"product_brand":[],"product_cat":[12291,12711],"product_tag":[],"class_list":{"0":"post-736985","1":"product","2":"type-product","3":"status-publish","5":"product_cat-edebiyat","6":"product_cat-roman-oyku","7":"pa_cilt-ciltsiz","8":"pa_tur-kitap","9":"pa_yayinevi-profil-kitap","10":"pa_yazar-charlotte-delbo","12":"first","13":"instock","14":"sale","15":"shipping-taxable","16":"purchasable","17":"product-type-simple"},"_links":{"self":[{"href":"https:\/\/roveyayinevi.com.tr\/index.php\/wp-json\/wp\/v2\/product\/736985","targetHints":{"allow":["GET"]}}],"collection":[{"href":"https:\/\/roveyayinevi.com.tr\/index.php\/wp-json\/wp\/v2\/product"}],"about":[{"href":"https:\/\/roveyayinevi.com.tr\/index.php\/wp-json\/wp\/v2\/types\/product"}],"wp:attachment":[{"href":"https:\/\/roveyayinevi.com.tr\/index.php\/wp-json\/wp\/v2\/media?parent=736985"}],"wp:term":[{"taxonomy":"product_brand","embeddable":true,"href":"https:\/\/roveyayinevi.com.tr\/index.php\/wp-json\/wp\/v2\/product_brand?post=736985"},{"taxonomy":"product_cat","embeddable":true,"href":"https:\/\/roveyayinevi.com.tr\/index.php\/wp-json\/wp\/v2\/product_cat?post=736985"},{"taxonomy":"product_tag","embeddable":true,"href":"https:\/\/roveyayinevi.com.tr\/index.php\/wp-json\/wp\/v2\/product_tag?post=736985"}],"curies":[{"name":"wp","href":"https:\/\/api.w.org\/{rel}","templated":true}]}}