{"id":736982,"date":"2025-08-27T23:18:57","date_gmt":"2025-08-27T20:18:57","guid":{"rendered":"https:\/\/roveyayinevi.com.tr\/index.php\/urun\/dun-gece-nerede-oldun\/"},"modified":"2026-04-12T02:51:37","modified_gmt":"2026-04-11T23:51:37","slug":"dun-gece-nerede-oldun","status":"publish","type":"product","link":"https:\/\/roveyayinevi.com.tr\/index.php\/urun\/dun-gece-nerede-oldun\/","title":{"rendered":"D\u00fcn Gece Nerede \u00d6ld\u00fcn?"},"content":{"rendered":"<p>\u201c\u0130nsano\u011flunun s\u00fcratle \u00e7ok farkl\u0131 bir yere gidece\u011fini fark ediyor o dakika. Bildi\u011fi, ya\u015fad\u0131\u011f\u0131 \u015fekliyle d\u00fcnyan\u0131n sonunun geldi\u011fini anl\u0131yor. Yeni bir t\u00fcr insan \u00e7\u0131k\u0131yor yerin dibinden. \u00d6lmeyen. \u00d6l\u00fcms\u00fcz. A\u00e7l\u0131\u011f\u0131n\u0131n vah\u015fili\u011fi durdurulamaz bir boyuta ula\u015fm\u0131\u015f, utanmaz bir yarat\u0131k y\u00fckseliyor. Bir \u00e7i\u00e7ek g\u00f6rmek i\u00e7in yerleri tar\u0131yor y\u00fcr\u00fcd\u00fc\u011f\u00fc patika boyunca. Hi\u00e7bir \u015fey g\u00f6remiyor. Nefes alam\u0131yor.\u201d     \u00d6l\u00fcm\u00fc yok sayan insan, \u00f6l\u00fcms\u00fczl\u00fckle kar\u015f\u0131la\u015f\u0131nca bir \u015fey de\u011fi\u015fir mi do\u011fas\u0131nda? Yoksa insan hep ayn\u0131 insan olarak m\u0131 kal\u0131r? G\u00fcn\u00fcm\u00fcz \u0130stanbul\u2019unda, birbirinden \u00e7ok farkl\u0131 karakterler, bu ve benzer sorular\u0131n y\u00fck\u00fcyle, zaman\u0131n kollar\u0131nda \u00f6l\u00fcms\u00fczl\u00fckle dans etmeye \u00e7al\u0131\u015f\u0131yor. \u00d6l\u00fcms\u00fczl\u00fck denilen ak\u0131lalmaz de\u011fi\u015fikli\u011fe ve birbirlerine direnirken; sevgiyi, ba\u011fl\u0131l\u0131\u011f\u0131, aileyi ve al\u0131\u015fkanl\u0131klar\u0131 sorguluyorlar kendi y\u00f6ntemleriyle. Belki de dertleri \u00f6l\u00fcp \u00f6lmemek de\u011fil, ya\u015fayamamak. <\/p>\n","protected":false},"excerpt":{"rendered":"<p>\u201c\u0130nsano\u011flunun s\u00fcratle \u00e7ok farkl\u0131 bir yere gidece\u011fini fark ediyor o dakika. Bildi\u011fi, ya\u015fad\u0131\u011f\u0131 \u015fekliyle d\u00fcnyan\u0131n sonunun geldi\u011fini anl\u0131yor. Yeni bir t\u00fcr insan \u00e7\u0131k\u0131yor yerin dibinden. \u00d6lmeyen.<span class=\"excerpt-hellip\"> [\u2026]<\/span><\/p>\n","protected":false},"featured_media":0,"template":"","meta":{"_monsterinsights_skip_tracking":false,"_monsterinsights_sitenote_active":false,"_monsterinsights_sitenote_note":"","_monsterinsights_sitenote_category":0},"product_brand":[],"product_cat":[12291,12711],"product_tag":[],"class_list":{"0":"post-736982","1":"product","2":"type-product","3":"status-publish","5":"product_cat-edebiyat","6":"product_cat-roman-oyku","7":"pa_cilt-ciltsiz","8":"pa_tur-kitap","9":"pa_yayinevi-mona-kitap","10":"pa_yazar-mustafa-nuri","12":"first","13":"instock","14":"sale","15":"shipping-taxable","16":"purchasable","17":"product-type-simple"},"_links":{"self":[{"href":"https:\/\/roveyayinevi.com.tr\/index.php\/wp-json\/wp\/v2\/product\/736982","targetHints":{"allow":["GET"]}}],"collection":[{"href":"https:\/\/roveyayinevi.com.tr\/index.php\/wp-json\/wp\/v2\/product"}],"about":[{"href":"https:\/\/roveyayinevi.com.tr\/index.php\/wp-json\/wp\/v2\/types\/product"}],"wp:attachment":[{"href":"https:\/\/roveyayinevi.com.tr\/index.php\/wp-json\/wp\/v2\/media?parent=736982"}],"wp:term":[{"taxonomy":"product_brand","embeddable":true,"href":"https:\/\/roveyayinevi.com.tr\/index.php\/wp-json\/wp\/v2\/product_brand?post=736982"},{"taxonomy":"product_cat","embeddable":true,"href":"https:\/\/roveyayinevi.com.tr\/index.php\/wp-json\/wp\/v2\/product_cat?post=736982"},{"taxonomy":"product_tag","embeddable":true,"href":"https:\/\/roveyayinevi.com.tr\/index.php\/wp-json\/wp\/v2\/product_tag?post=736982"}],"curies":[{"name":"wp","href":"https:\/\/api.w.org\/{rel}","templated":true}]}}