{"id":736979,"date":"2025-08-27T23:18:54","date_gmt":"2025-08-27T20:18:54","guid":{"rendered":"https:\/\/roveyayinevi.com.tr\/index.php\/urun\/cilgin-ren-geyikleri-dukkani\/"},"modified":"2026-04-16T02:45:59","modified_gmt":"2026-04-15T23:45:59","slug":"cilgin-ren-geyikleri-dukkani","status":"publish","type":"product","link":"https:\/\/roveyayinevi.com.tr\/index.php\/urun\/cilgin-ren-geyikleri-dukkani\/","title":{"rendered":"\u00c7\u0131lg\u0131n Ren Geyikleri D\u00fckkan\u0131"},"content":{"rendered":"<p>Kar, e\u011flence ve macera m\u0131 ar\u0131yorsunuz? Alaska\u2019ya ho\u015f geldiniz. Her an her yerden kahverengi Alaska ay\u0131lar\u0131 \u00e7\u0131kabilir. Kunduzlar, piknik sofran\u0131za otururken da\u011f ke\u00e7ileri \u00fcst\u00fcn\u00fczden atlayabilir. Dikk\u00e2tli olun. \u015ea\u015f\u0131rd\u0131n\u0131z m\u0131 yoksa? Durun! Daha, \u015eakac\u0131, Di\u015flek, Koca Kafa ve Benekli ile tan\u0131\u015fmad\u0131n\u0131z. Konu\u015fan, \u015fark\u0131 s\u00f6yleyen, kitap okuyan ren geyikleri ile sihirli bir maceraya \u00e7\u0131kmaya haz\u0131r olun! <\/p>\n","protected":false},"excerpt":{"rendered":"<p>Kar, e\u011flence ve macera m\u0131 ar\u0131yorsunuz? Alaska\u2019ya ho\u015f geldiniz. Her an her yerden kahverengi Alaska ay\u0131lar\u0131 \u00e7\u0131kabilir. Kunduzlar, piknik sofran\u0131za otururken da\u011f ke\u00e7ileri \u00fcst\u00fcn\u00fczden atlayabilir. Dikk\u00e2tli<span class=\"excerpt-hellip\"> [\u2026]<\/span><\/p>\n","protected":false},"featured_media":0,"template":"","meta":{"_monsterinsights_skip_tracking":false,"_monsterinsights_sitenote_active":false,"_monsterinsights_sitenote_note":"","_monsterinsights_sitenote_category":0},"product_brand":[],"product_cat":[12275,12274],"product_tag":[],"class_list":{"0":"post-736979","1":"product","2":"type-product","3":"status-publish","5":"product_cat-6-12-yas-kitaplari","6":"product_cat-cocuk-ve-genclik-kitaplari","7":"pa_cilt-ciltsiz","8":"pa_tur-kitap","9":"pa_yayinevi-luna-cocuk-yayinlari","10":"pa_yazar-dilsad-deniz-kaya","12":"first","13":"instock","14":"sale","15":"shipping-taxable","16":"purchasable","17":"product-type-simple"},"_links":{"self":[{"href":"https:\/\/roveyayinevi.com.tr\/index.php\/wp-json\/wp\/v2\/product\/736979","targetHints":{"allow":["GET"]}}],"collection":[{"href":"https:\/\/roveyayinevi.com.tr\/index.php\/wp-json\/wp\/v2\/product"}],"about":[{"href":"https:\/\/roveyayinevi.com.tr\/index.php\/wp-json\/wp\/v2\/types\/product"}],"wp:attachment":[{"href":"https:\/\/roveyayinevi.com.tr\/index.php\/wp-json\/wp\/v2\/media?parent=736979"}],"wp:term":[{"taxonomy":"product_brand","embeddable":true,"href":"https:\/\/roveyayinevi.com.tr\/index.php\/wp-json\/wp\/v2\/product_brand?post=736979"},{"taxonomy":"product_cat","embeddable":true,"href":"https:\/\/roveyayinevi.com.tr\/index.php\/wp-json\/wp\/v2\/product_cat?post=736979"},{"taxonomy":"product_tag","embeddable":true,"href":"https:\/\/roveyayinevi.com.tr\/index.php\/wp-json\/wp\/v2\/product_tag?post=736979"}],"curies":[{"name":"wp","href":"https:\/\/api.w.org\/{rel}","templated":true}]}}