{"id":736978,"date":"2025-08-27T23:18:53","date_gmt":"2025-08-27T20:18:53","guid":{"rendered":"https:\/\/roveyayinevi.com.tr\/index.php\/urun\/deyimler-sozlugu-ilkogretim-ve-ortaogretim\/"},"modified":"2026-04-16T02:45:59","modified_gmt":"2026-04-15T23:45:59","slug":"deyimler-sozlugu-ilkogretim-ve-ortaogretim","status":"publish","type":"product","link":"https:\/\/roveyayinevi.com.tr\/index.php\/urun\/deyimler-sozlugu-ilkogretim-ve-ortaogretim\/","title":{"rendered":"Deyimler S\u00f6zl\u00fc\u011f\u00fc &#8211; \u0130lk\u00f6\u011fretim ve Orta\u00f6\u011fretim"},"content":{"rendered":"<p>\u00d6mer As\u0131m Aksoy taraf\u0131ndan derlenen Atas\u00f6zleri ve Deyimler S\u00f6zl\u00fc\u011f\u00fc, bu alanda yar\u0131m asr\u0131 a\u015fk\u0131n bir s\u00fcredir temel ba\u015fvuru kaynaklar\u0131 aras\u0131nda yerini alm\u0131\u015f bir eserdir. \u0130lk bas\u0131m\u0131 1965 y\u0131l\u0131nda T\u00fcrk Dil Kurumu (TDK) taraf\u0131ndan yap\u0131lm\u0131\u015f olan bu klasikle\u015fmi\u015f dilbilim \u00e7al\u0131\u015fmas\u0131, uzun y\u0131llard\u0131r yay\u0131nevimiz taraf\u0131ndan yeni bask\u0131lar\u0131yla okurlara sunulmaktad\u0131r.Yazar\u0131n veciz nitelemesiyle, \u201cAtalar\u0131m\u0131z\u0131n, uzun denemelere dayanan yarg\u0131lar\u0131n\u0131 genel kural, bilgece d\u00fc\u015f\u00fcnce ya da \u00f6\u011f\u00fct olarak d\u00fcsturla\u015ft\u0131ran ve kal\u0131pla\u015fm\u0131\u015f bi\u00e7imleri bulunan kamuca benimsenmi\u015f \u00f6zs\u00f6zler\u201d olan atas\u00f6zleri ile \u201cbir kavram\u0131, bir durumu, ya \u00e7ekici bir anlat\u0131mla ya da \u00f6zel bir yap\u0131 i\u00e7inde belirten ve \u00e7o\u011funun ger\u00e7ek anlamlar\u0131ndan ayr\u0131 bir anlam\u0131 bulunan kal\u0131pla\u015fm\u0131\u015f s\u00f6zc\u00fck toplulu\u011fu ya da t\u00fcmce\u201dlerden ibaret olan deyimleri, ilk\u00f6\u011fretim ve orta\u00f6\u011fretim \u00e7a\u011f\u0131ndaki \u00f6\u011frenciler i\u00e7in anla\u015f\u0131labilir k\u0131lmak amac\u0131 elinizdeki derlemenin ortaya \u00e7\u0131kmas\u0131na vesile oldu.\u00d6mer As\u0131m Aksoy\u2019un klasikle\u015fmi\u015f eseri Atas\u00f6zleri ve Deyimler S\u00f6zl\u00fc\u011f\u00fc\u2019nden derlenerek gen\u00e7 okurun ilgisine sunulan bu \u00e7al\u0131\u015fma, e\u011fitmenlerin ve ebeveynlerin \u00f6\u011frenciler i\u00e7in rahatl\u0131kla tercih edebilmeleri ad\u0131na sadele\u015ftirilerek haz\u0131rlanm\u0131\u015ft\u0131r.<\/p>\n","protected":false},"excerpt":{"rendered":"<p>\u00d6mer As\u0131m Aksoy taraf\u0131ndan derlenen Atas\u00f6zleri ve Deyimler S\u00f6zl\u00fc\u011f\u00fc, bu alanda yar\u0131m asr\u0131 a\u015fk\u0131n bir s\u00fcredir temel ba\u015fvuru kaynaklar\u0131 aras\u0131nda yerini alm\u0131\u015f bir eserdir. \u0130lk bas\u0131m\u0131<span class=\"excerpt-hellip\"> [\u2026]<\/span><\/p>\n","protected":false},"featured_media":0,"template":"","meta":{"_monsterinsights_skip_tracking":false,"_monsterinsights_sitenote_active":false,"_monsterinsights_sitenote_note":"","_monsterinsights_sitenote_category":0},"product_brand":[],"product_cat":[19532,12566,13611],"product_tag":[],"class_list":{"0":"post-736978","1":"product","2":"type-product","3":"status-publish","5":"product_cat-atasozleri-deyimler-ve-terimleri-sozlugu","6":"product_cat-egitim","7":"product_cat-sozlukler-ve-konusma-kilavuzlari","8":"pa_cilt-ciltsiz","9":"pa_tur-kitap","10":"pa_yayinevi-inkilap-kitabevi","11":"pa_yazar-omer-asim-aksoy","13":"first","14":"instock","15":"sale","16":"shipping-taxable","17":"purchasable","18":"product-type-simple"},"_links":{"self":[{"href":"https:\/\/roveyayinevi.com.tr\/index.php\/wp-json\/wp\/v2\/product\/736978","targetHints":{"allow":["GET"]}}],"collection":[{"href":"https:\/\/roveyayinevi.com.tr\/index.php\/wp-json\/wp\/v2\/product"}],"about":[{"href":"https:\/\/roveyayinevi.com.tr\/index.php\/wp-json\/wp\/v2\/types\/product"}],"wp:attachment":[{"href":"https:\/\/roveyayinevi.com.tr\/index.php\/wp-json\/wp\/v2\/media?parent=736978"}],"wp:term":[{"taxonomy":"product_brand","embeddable":true,"href":"https:\/\/roveyayinevi.com.tr\/index.php\/wp-json\/wp\/v2\/product_brand?post=736978"},{"taxonomy":"product_cat","embeddable":true,"href":"https:\/\/roveyayinevi.com.tr\/index.php\/wp-json\/wp\/v2\/product_cat?post=736978"},{"taxonomy":"product_tag","embeddable":true,"href":"https:\/\/roveyayinevi.com.tr\/index.php\/wp-json\/wp\/v2\/product_tag?post=736978"}],"curies":[{"name":"wp","href":"https:\/\/api.w.org\/{rel}","templated":true}]}}