{"id":736974,"date":"2025-08-27T23:18:49","date_gmt":"2025-08-27T20:18:49","guid":{"rendered":"https:\/\/roveyayinevi.com.tr\/index.php\/urun\/canavar-pesinde-64-kralligin-kaderi-alev-kapani-flaymar\/"},"modified":"2026-04-13T02:53:48","modified_gmt":"2026-04-12T23:53:48","slug":"canavar-pesinde-64-kralligin-kaderi-alev-kapani-flaymar","status":"publish","type":"product","link":"https:\/\/roveyayinevi.com.tr\/index.php\/urun\/canavar-pesinde-64-kralligin-kaderi-alev-kapani-flaymar\/","title":{"rendered":"Canavar Pe\u015finde 64 &#8211; Krall\u0131\u011f\u0131n Kaderi \/ Alev Kapan\u0131 Flaymar"},"content":{"rendered":"<p>Yepyeni Canavar Pe\u015finde maceras\u0131na ho\u015f geldiniz: KRALLI\u011eIN KADER\u0130- ALEV KAPANI FLAYMAR Tom ve Elenna bu kez B\u00fcy\u00fcc\u00fc Kensa&#8217;n\u0131n yaratt\u0131\u011f\u0131 Alev Kapan\u0131 Flaymar ile m\u00fccadele ediyorlar. Alev h\u00e2lindeki bu devle ba\u015fa \u00e7\u0131kamayaca\u011f\u0131n\u0131 anlayan Tom, y\u00fczy\u0131llard\u0131r hareketsiz duran ta\u015ftan bir heykelle, Gardiyan&#8217;la birlikte Flaymar&#8217;a sald\u0131r\u0131yor&#8230; <\/p>\n","protected":false},"excerpt":{"rendered":"<p>Yepyeni Canavar Pe\u015finde maceras\u0131na ho\u015f geldiniz: KRALLI\u011eIN KADER\u0130- ALEV KAPANI FLAYMAR Tom ve Elenna bu kez B\u00fcy\u00fcc\u00fc Kensa&#8217;n\u0131n yaratt\u0131\u011f\u0131 Alev Kapan\u0131 Flaymar ile m\u00fccadele ediyorlar. Alev<span class=\"excerpt-hellip\"> [\u2026]<\/span><\/p>\n","protected":false},"featured_media":0,"template":"","meta":{"_monsterinsights_skip_tracking":false,"_monsterinsights_sitenote_active":false,"_monsterinsights_sitenote_note":"","_monsterinsights_sitenote_category":0},"product_brand":[],"product_cat":[12275,12274],"product_tag":[],"class_list":{"0":"post-736974","1":"product","2":"type-product","3":"status-publish","5":"product_cat-6-12-yas-kitaplari","6":"product_cat-cocuk-ve-genclik-kitaplari","7":"pa_cilt-ciltsiz","8":"pa_tur-kitap","9":"pa_yayinevi-beyaz-balina-yayinlari","10":"pa_yazar-adam-blade","12":"first","13":"instock","14":"sale","15":"shipping-taxable","16":"purchasable","17":"product-type-simple"},"_links":{"self":[{"href":"https:\/\/roveyayinevi.com.tr\/index.php\/wp-json\/wp\/v2\/product\/736974","targetHints":{"allow":["GET"]}}],"collection":[{"href":"https:\/\/roveyayinevi.com.tr\/index.php\/wp-json\/wp\/v2\/product"}],"about":[{"href":"https:\/\/roveyayinevi.com.tr\/index.php\/wp-json\/wp\/v2\/types\/product"}],"wp:attachment":[{"href":"https:\/\/roveyayinevi.com.tr\/index.php\/wp-json\/wp\/v2\/media?parent=736974"}],"wp:term":[{"taxonomy":"product_brand","embeddable":true,"href":"https:\/\/roveyayinevi.com.tr\/index.php\/wp-json\/wp\/v2\/product_brand?post=736974"},{"taxonomy":"product_cat","embeddable":true,"href":"https:\/\/roveyayinevi.com.tr\/index.php\/wp-json\/wp\/v2\/product_cat?post=736974"},{"taxonomy":"product_tag","embeddable":true,"href":"https:\/\/roveyayinevi.com.tr\/index.php\/wp-json\/wp\/v2\/product_tag?post=736974"}],"curies":[{"name":"wp","href":"https:\/\/api.w.org\/{rel}","templated":true}]}}