{"id":736973,"date":"2025-08-27T23:18:48","date_gmt":"2025-08-27T20:18:48","guid":{"rendered":"https:\/\/roveyayinevi.com.tr\/index.php\/urun\/dostluk-ormani-11-tarcin-zarifpatinin-sirri\/"},"modified":"2026-04-16T02:45:59","modified_gmt":"2026-04-15T23:45:59","slug":"dostluk-ormani-11-tarcin-zarifpatinin-sirri","status":"publish","type":"product","link":"https:\/\/roveyayinevi.com.tr\/index.php\/urun\/dostluk-ormani-11-tarcin-zarifpatinin-sirri\/","title":{"rendered":"Dostluk Orman\u0131 11 &#8211; Tar\u00e7\u0131n Zarifpati&#8217;nin S\u0131rr\u0131"},"content":{"rendered":"<p>S\u0131r tutabilir misin? Lale ile Ceren, iki iyi arkada\u015f. \u0130kisi de hayvanlar\u0131 \u00e7ok seviyor. Dostluk Orman\u0131&#8217;n\u0131 ke\u015ffettikleri zaman hayalleri ger\u00e7ek oluyor. \u00c7\u00fcnk\u00fc bu gizli d\u00fcnyada ya\u015fayan hayvanlar konu\u015fabiliyor!   K\u00f6t\u00fc cad\u0131 Grizelda bu kez b\u00fcy\u00fc g\u00fcc\u00fcn\u00fc Tar\u00e7\u0131n Zarifpati \u00fczerinde kulland\u0131. Zavall\u0131 Tar\u00e7\u0131n etraf\u0131 da\u011f\u0131tmaya ve Dostluk Orman\u0131&#8217;ndaki parlak e\u015fyalar\u0131 al\u0131p bir yere y\u0131\u011fmaya ba\u015flad\u0131. Lale ve Ceren, Tar\u00e7\u0131n&#8217;\u0131n s\u0131rr\u0131n\u0131 \u00f6\u011frenip bu b\u00fcy\u00fcy\u00fc bozabilecekler mi? <\/p>\n","protected":false},"excerpt":{"rendered":"<p>S\u0131r tutabilir misin? Lale ile Ceren, iki iyi arkada\u015f. \u0130kisi de hayvanlar\u0131 \u00e7ok seviyor. Dostluk Orman\u0131&#8217;n\u0131 ke\u015ffettikleri zaman hayalleri ger\u00e7ek oluyor. \u00c7\u00fcnk\u00fc bu gizli d\u00fcnyada ya\u015fayan<span class=\"excerpt-hellip\"> [\u2026]<\/span><\/p>\n","protected":false},"featured_media":0,"template":"","meta":{"_monsterinsights_skip_tracking":false,"_monsterinsights_sitenote_active":false,"_monsterinsights_sitenote_note":"","_monsterinsights_sitenote_category":0},"product_brand":[],"product_cat":[12274,12284],"product_tag":[],"class_list":{"0":"post-736973","1":"product","2":"type-product","3":"status-publish","5":"product_cat-cocuk-ve-genclik-kitaplari","6":"product_cat-hikayeler","7":"pa_cilt-ciltsiz","8":"pa_tur-kitap","9":"pa_yayinevi-beyaz-balina-yayinlari","10":"pa_yazar-daisy-meadows","12":"first","13":"instock","14":"sale","15":"shipping-taxable","16":"purchasable","17":"product-type-simple"},"_links":{"self":[{"href":"https:\/\/roveyayinevi.com.tr\/index.php\/wp-json\/wp\/v2\/product\/736973","targetHints":{"allow":["GET"]}}],"collection":[{"href":"https:\/\/roveyayinevi.com.tr\/index.php\/wp-json\/wp\/v2\/product"}],"about":[{"href":"https:\/\/roveyayinevi.com.tr\/index.php\/wp-json\/wp\/v2\/types\/product"}],"wp:attachment":[{"href":"https:\/\/roveyayinevi.com.tr\/index.php\/wp-json\/wp\/v2\/media?parent=736973"}],"wp:term":[{"taxonomy":"product_brand","embeddable":true,"href":"https:\/\/roveyayinevi.com.tr\/index.php\/wp-json\/wp\/v2\/product_brand?post=736973"},{"taxonomy":"product_cat","embeddable":true,"href":"https:\/\/roveyayinevi.com.tr\/index.php\/wp-json\/wp\/v2\/product_cat?post=736973"},{"taxonomy":"product_tag","embeddable":true,"href":"https:\/\/roveyayinevi.com.tr\/index.php\/wp-json\/wp\/v2\/product_tag?post=736973"}],"curies":[{"name":"wp","href":"https:\/\/api.w.org\/{rel}","templated":true}]}}