{"id":736966,"date":"2025-08-27T23:18:40","date_gmt":"2025-08-27T20:18:40","guid":{"rendered":"https:\/\/roveyayinevi.com.tr\/index.php\/urun\/bir-asagilama-araci-olarak-cop\/"},"modified":"2026-04-16T02:45:59","modified_gmt":"2026-04-15T23:45:59","slug":"bir-asagilama-araci-olarak-cop","status":"publish","type":"product","link":"https:\/\/roveyayinevi.com.tr\/index.php\/urun\/bir-asagilama-araci-olarak-cop\/","title":{"rendered":"Bir A\u015fa\u011f\u0131lama Arac\u0131 Olarak \u00c7\u00f6p"},"content":{"rendered":"<p>\u00d6mer Faruk yine \u201chamle\u201d yap\u0131yor! \u0130\u00e7erisinde ya\u015fad\u0131\u011f\u0131m\u0131z, s\u00fcrekli kriz \u00fcreten \u201cyanl\u0131\u015f toplum\u201dun nas\u0131l bu noktaya evrildi\u011fini anlamaya, bug\u00fcn\u00fcn patinaj yapan gerek\u00e7elerinde oyalanmak yerine \u201cTanr\u0131 Devleti\u201d ve \u201cD\u00fcnya Devleti\u201dnin aras\u0131ndaki hem gerilime ve hem de i\u015f birli\u011fine dikkat \u00e7ekiyor. Bu \u201cd\u00fc\u015fman karde\u015fler\u201din g\u00f6r\u00fcn\u00fcrde \u00e7at\u0131\u015fmalar\u0131na ra\u011fmen, asl\u0131nda, \u201c\u00f6ng\u00f6r\u00fclemez ve ele ge\u00e7irilemez olan\u201ddan s\u00f6z ald\u0131klar\u0131na, hi\u00e7bir yasaya ba\u011fl\u0131 olmad\u0131klar\u0131na ama her s\u00f6ylediklerinin yasa olarak kabul edilmesini dayatt\u0131klar\u0131na, bunu sa\u011flamak i\u00e7in de s\u00fcrekli yeni a\u015fa\u011f\u0131lama mekanizmalar\u0131 kurup, \u00e7\u00f6p \u00fcrettiklerine de dikkat \u00e7ekiyor.   Hayata \u0130kiz Kuleler\u2019den, tap\u0131naklardan, saraylardan, parlamentolardan, \u00fcniversitelerden ya da k\u0131\u015flalardan de\u011fil de; ba\u015flang\u0131\u00e7 ve sona, \u00fcretim ve t\u00fcketime, temiz ve kirliye, severek dokunmaya ve i\u011frenerek at\u0131lmaya yak\u0131ndan tan\u0131kl\u0131k eden vajina, penis ve an\u00fcs aras\u0131ndan, perineden bakmay\u0131 \u00f6neriyor. B\u00f6ylece, \u201ca\u015fa\u011f\u0131lama\u201d ve \u201c\u00e7\u00f6p\u201d\u00fcn bize ait oldu\u011fu ger\u00e7e\u011fini kabul edece\u011fimizi, i\u00e7erisinde ya\u015fad\u0131\u011f\u0131m\u0131z i\u00e7in bahane de \u00fcretemeyece\u011fimizi belirtiyor. \u00c7\u00fcnk\u00fc \u015fimdiye kadar kulak verdi\u011fimiz \u00fcretim, b\u00fcy\u00fcme, tap\u0131nak, duvar, g\u00f6kdelen, d\u00fczenli ordu i\u00e7erisinden bi\u00e7imlenen perspektif bizi \u201csonsuz k\u00f6t\u00fcl\u00fck\u201de ve \u201cson\u201da ta\u015f\u0131yor. Art\u0131k a\u015fa\u011f\u0131lad\u0131klar\u0131m\u0131z, t\u00fckettiklerimiz ve \u00e7\u00f6p olarak yaftalad\u0131klar\u0131m\u0131z\u0131 dikkate alarak, \u00f6ng\u00f6r\u00fclemeyenden s\u00f6z ederek, ele ge\u00e7irilemez bir \u201cs\u0131r\u201d edinmeye dikkat ederek d\u00fc\u015f\u00fcnce ve pratik \u00fcretmemiz gerekti\u011finin alt\u0131n\u0131 \u00e7iziyor.     Kulak verilmesi gereken bir hamle metni\u2026   \u201c\u00d6mer Faruk Bir A\u015fa\u011f\u0131lama Arac\u0131 Olarak \u00c7\u00f6p\u2019te bir\u00e7ok \u015feyi if\u015fa ediyor. A\u00e7\u0131\u011fa \u00e7\u0131kar\u0131yor. G\u00f6r\u00fcn\u00fcr k\u0131l\u0131yor. Ba\u015fka bir \u00f6ncelikler listesi \u00f6neriyor. Kendimize ve d\u00fcnyaya daha farkl\u0131 bir bak\u0131\u015f geli\u015ftirmeye \u00e7al\u0131\u015f\u0131yor. Yani if\u015fa ederken ayn\u0131 zamanda in\u015fa ediyor. Zemini, \u00e7er\u00e7eveyi de\u011fi\u015ftirmeyi deniyor. Elbette her if\u015fa bir in\u015fa olmayabilir. Ama \u00f6zellikle baz\u0131 toplumlarda if\u015fa etmeden in\u015fa da edemezsiniz.\u201d Besim. F. Dellalo\u011flu <\/p>\n","protected":false},"excerpt":{"rendered":"<p>\u00d6mer Faruk yine \u201chamle\u201d yap\u0131yor! \u0130\u00e7erisinde ya\u015fad\u0131\u011f\u0131m\u0131z, s\u00fcrekli kriz \u00fcreten \u201cyanl\u0131\u015f toplum\u201dun nas\u0131l bu noktaya evrildi\u011fini anlamaya, bug\u00fcn\u00fcn patinaj yapan gerek\u00e7elerinde oyalanmak yerine \u201cTanr\u0131 Devleti\u201d ve<span class=\"excerpt-hellip\"> [\u2026]<\/span><\/p>\n","protected":false},"featured_media":0,"template":"","meta":{"_monsterinsights_skip_tracking":false,"_monsterinsights_sitenote_active":false,"_monsterinsights_sitenote_note":"","_monsterinsights_sitenote_category":0},"product_brand":[],"product_cat":[12777,12291],"product_tag":[],"class_list":{"0":"post-736966","1":"product","2":"type-product","3":"status-publish","5":"product_cat-deneme","6":"product_cat-edebiyat","7":"pa_cilt-ciltsiz","8":"pa_tur-kitap","9":"pa_yayinevi-yeni-insan-yayinlari","10":"pa_yazar-omer-faruk","12":"first","13":"instock","14":"sale","15":"shipping-taxable","16":"purchasable","17":"product-type-simple"},"_links":{"self":[{"href":"https:\/\/roveyayinevi.com.tr\/index.php\/wp-json\/wp\/v2\/product\/736966","targetHints":{"allow":["GET"]}}],"collection":[{"href":"https:\/\/roveyayinevi.com.tr\/index.php\/wp-json\/wp\/v2\/product"}],"about":[{"href":"https:\/\/roveyayinevi.com.tr\/index.php\/wp-json\/wp\/v2\/types\/product"}],"wp:attachment":[{"href":"https:\/\/roveyayinevi.com.tr\/index.php\/wp-json\/wp\/v2\/media?parent=736966"}],"wp:term":[{"taxonomy":"product_brand","embeddable":true,"href":"https:\/\/roveyayinevi.com.tr\/index.php\/wp-json\/wp\/v2\/product_brand?post=736966"},{"taxonomy":"product_cat","embeddable":true,"href":"https:\/\/roveyayinevi.com.tr\/index.php\/wp-json\/wp\/v2\/product_cat?post=736966"},{"taxonomy":"product_tag","embeddable":true,"href":"https:\/\/roveyayinevi.com.tr\/index.php\/wp-json\/wp\/v2\/product_tag?post=736966"}],"curies":[{"name":"wp","href":"https:\/\/api.w.org\/{rel}","templated":true}]}}