{"id":736964,"date":"2025-08-27T23:18:39","date_gmt":"2025-08-27T20:18:39","guid":{"rendered":"https:\/\/roveyayinevi.com.tr\/index.php\/urun\/altin-girdap\/"},"modified":"2026-04-16T02:45:59","modified_gmt":"2026-04-15T23:45:59","slug":"altin-girdap","status":"publish","type":"product","link":"https:\/\/roveyayinevi.com.tr\/index.php\/urun\/altin-girdap\/","title":{"rendered":"Alt\u0131n Girdap"},"content":{"rendered":"<p>Yazar\u0131m\u0131z gazeteci \u0130brahim G\u00fcnd\u00fcz, bir \u00f6nceki kitab\u0131 \u201cAlt\u0131n \u00d6l\u00fcm\u201d\u00fcn devam\u0131 niteli\u011finde olan  \u201cAlt\u0131n Girdap\u201d kitab\u0131n\u0131n yaz\u0131lma amac\u0131n\u0131 \u015fu \u015fekilde a\u00e7\u0131kl\u0131yor;   \u201c\u2026T\u00fcrkiye\u2019de ad\u0131na madencilik denilen bir ya\u011fma-talan d\u00fczeni y\u0131k\u0131c\u0131 etkisini art\u0131rarak devam ediyor\u2026 T\u00fcrkiye \u00e7ok tehlikeli bir yol ayr\u0131m\u0131nda. Birileri \u00fclkenin da\u011flar\u0131n\u0131, ormanlar\u0131n\u0131, yaylalar\u0131n\u0131, meralar\u0131n\u0131, k\u00f6ylerini, su kaynaklar\u0131n\u0131 \u201cmeta\u201d olarak g\u00f6r\u00fcp sat\u0131l\u0131\u011fa \u00e7\u0131karm\u0131\u015f durumda. Bunu da millete, \u201ci\u015f, istihdam, ekonomi\u201d diye pazarl\u0131yorlar. Onlar\u0131n \u201ci\u015f\u201d dedi\u011fi milletin k\u00f6y\u00fcn\u00fcn y\u0131k\u0131lmas\u0131; onlar\u0131n \u201cistihdam\u201d dedi\u011fi y\u00fcz binlerce a\u011fac\u0131n bir \u00e7\u0131rp\u0131da i\u00e7indeki trilyonlarca canl\u0131yla birlikte yok edilmesi; onlar\u0131n \u201cekonomi\u201d dedi\u011fi bu \u00fclkenin can damarlar\u0131 olan yaylalar\u0131n-meralar\u0131n ve su kaynaklar\u0131n\u0131n ac\u0131mas\u0131zca zehirlenmesi. Bu bir ekonomi de\u011fil olsa olsa \u201cekok\u0131r\u0131m\u201d olabilir\u2026 Alt\u0131n Girdap, Alt\u0131n \u00d6l\u00fcm\u2019\u00fcn eksiklerini tamamlamay\u0131, can\u0131 yanan vatanda\u015flar\u0131m\u0131za yol g\u00f6stermeyi; bu alanda \u00e7al\u0131\u015fma y\u00fcr\u00fcten gazetecilere, akademisyenlere \u0131\u015f\u0131k tutmay\u0131 ama\u00e7lad\u0131. S\u00f6ylenen kuyruklu yalanlara, anlat\u0131lan masallara kar\u015f\u0131 insanlar\u0131m\u0131z\u0131n ger\u00e7ekleri \u00f6\u011frenmesi ve neyle kar\u015f\u0131 kar\u015f\u0131ya olduklar\u0131n\u0131 anlamalar\u0131 i\u00e7in yaz\u0131ld\u0131\u2026\u201d          Neler var kitap da; \u00b7         Siyan\u00fcr lobisi i\u00e7in ricac\u0131 olan AKP\u2019li \u00fcst d\u00fczey aktif siyaset\u00e7i kim? Kimin okul arkada\u015f\u0131? \u00b7         14 maddede T\u00fcrkiye\u2019nin talan edilme hik\u00e2yesi\u2026 \u00b7         \u00c7evre ve \u015eehircilik Bakan\u0131n\u0131 \u201c\u00e7evresiz hale sokan\u201d ak\u0131llara durgunluk veren a\u00e7\u0131klamalar\u0131 ve \u00e7evre politikalar\u0131m\u0131z\u2026 \u00b7         Ekok\u0131r\u0131m nedir? Ekok\u0131r\u0131m yasa \u00f6nerisi neleri ihtiva ediyor? T\u00fcrkiye\u2019nin son 15 y\u0131lda zirve yapan ekok\u0131r\u0131m karnesinde neler var? Ekok\u0131r\u0131m\u0131n insanl\u0131\u011fa kar\u015f\u0131 i\u015flenen be\u015finci su\u00e7 olarak kabul edilmesi durumunda hangi siyaset\u00e7ilerin Uluslararas\u0131 Ceza Mahkemesinde yarg\u0131lanmas\u0131 muhtemeldir? \u00b7         T\u00fcrkiye\u2019nin ye\u015fil ku\u015fa\u011f\u0131 Artvin\u2019in, Ordu\u2019nun, Mu\u011fla\u2019n\u0131n, Kazda\u011flar\u0131\u2019n\u0131n y\u00fczde ka\u00e7\u0131 madencilik ad\u0131 alt\u0131nda ya\u011fma talana a\u00e7\u0131ld\u0131? Son \u00fc\u00e7 y\u0131lda yeni ka\u00e7 madene ruhsat verildi? Ne kadar d\u00f6n\u00fcm orman yok edildi? T\u00fcrkiye \u00e7\u00f6lle\u015fiyor mu? \u00b7         B\u00f6lge halk\u0131n\u0131 ikna i\u00e7in k\u00f6pr\u00fc in\u015fa ettiren, yetkili-etkili milletvekilleri, b\u00fcrokratlar ve yerel y\u00f6neticiler i\u00e7in ABD\u2019ye turistik gezi d\u00fczenleyen, dava a\u00e7mamak kayd\u0131yla 100 k\u00f6yl\u00fcye 130 bin lira da\u011f\u0131tan Kanadal\u0131 \u015firket ve T\u00fcrk orta\u011f\u0131 kim? \u00b7         \u015eirket logosunda eski Yunan ve Bizans sembolleri olup Erzincan da\u011flar\u0131ndaki maden ocaklar\u0131nda bu logo ile flamalar\u0131n\u0131 dalgaland\u0131ran yabanc\u0131 \u015firket ve T\u00fcrk orta\u011f\u0131 kim? Bu \u015firketler Erzincanl\u0131 \u00fc\u00e7 vatanda\u015f\u0131m\u0131za ni\u00e7in dava a\u00e7t\u0131lar? \u00b7         Leziz me\u015fhur Erzincan Tulum peynirini, Ordu\u2019nun Giresun\u2019un f\u0131nd\u0131\u011f\u0131n\u0131, Bal\u0131kesir\u2019in, \u00c7anakkale\u2019nin zeytinini bekleyen b\u00fcy\u00fck tehlike nedir? UNESCO\u2019nun D\u00fcnya Miras\u0131 Listesi\u2019ndeki Kapadokya ni\u00e7in tehdit alt\u0131nda? \u00b7         Hangi k\u00f6yler madencilik ve termik santraller ad\u0131na haritadan silindi? \u00b7   Ve daha bir\u00e7ok can al\u0131c\u0131 konu\u2026 \u0130yi okumalar diliyoruz.<\/p>\n","protected":false},"excerpt":{"rendered":"<p>Yazar\u0131m\u0131z gazeteci \u0130brahim G\u00fcnd\u00fcz, bir \u00f6nceki kitab\u0131 \u201cAlt\u0131n \u00d6l\u00fcm\u201d\u00fcn devam\u0131 niteli\u011finde olan \u201cAlt\u0131n Girdap\u201d kitab\u0131n\u0131n yaz\u0131lma amac\u0131n\u0131 \u015fu \u015fekilde a\u00e7\u0131kl\u0131yor; \u201c\u2026T\u00fcrkiye\u2019de ad\u0131na madencilik denilen bir ya\u011fma-talan<span class=\"excerpt-hellip\"> [\u2026]<\/span><\/p>\n","protected":false},"featured_media":0,"template":"","meta":{"_monsterinsights_skip_tracking":false,"_monsterinsights_sitenote_active":false,"_monsterinsights_sitenote_note":"","_monsterinsights_sitenote_category":0},"product_brand":[],"product_cat":[13590,12337],"product_tag":[],"class_list":{"0":"post-736964","1":"product","2":"type-product","3":"status-publish","5":"product_cat-arastirma-inceleme-politika-siyaset","6":"product_cat-politika-siyaset","7":"pa_cilt-ciltsiz","8":"pa_tur-kitap","9":"pa_yayinevi-galeati-yayincilik","10":"pa_yazar-ibrahim-gunduz","12":"first","13":"instock","14":"sale","15":"shipping-taxable","16":"purchasable","17":"product-type-simple"},"_links":{"self":[{"href":"https:\/\/roveyayinevi.com.tr\/index.php\/wp-json\/wp\/v2\/product\/736964","targetHints":{"allow":["GET"]}}],"collection":[{"href":"https:\/\/roveyayinevi.com.tr\/index.php\/wp-json\/wp\/v2\/product"}],"about":[{"href":"https:\/\/roveyayinevi.com.tr\/index.php\/wp-json\/wp\/v2\/types\/product"}],"wp:attachment":[{"href":"https:\/\/roveyayinevi.com.tr\/index.php\/wp-json\/wp\/v2\/media?parent=736964"}],"wp:term":[{"taxonomy":"product_brand","embeddable":true,"href":"https:\/\/roveyayinevi.com.tr\/index.php\/wp-json\/wp\/v2\/product_brand?post=736964"},{"taxonomy":"product_cat","embeddable":true,"href":"https:\/\/roveyayinevi.com.tr\/index.php\/wp-json\/wp\/v2\/product_cat?post=736964"},{"taxonomy":"product_tag","embeddable":true,"href":"https:\/\/roveyayinevi.com.tr\/index.php\/wp-json\/wp\/v2\/product_tag?post=736964"}],"curies":[{"name":"wp","href":"https:\/\/api.w.org\/{rel}","templated":true}]}}