{"id":736963,"date":"2025-08-27T23:18:37","date_gmt":"2025-08-27T20:18:37","guid":{"rendered":"https:\/\/roveyayinevi.com.tr\/index.php\/urun\/denizin-uzun-tacyapragi\/"},"modified":"2026-04-08T02:54:19","modified_gmt":"2026-04-07T23:54:19","slug":"denizin-uzun-tacyapragi","status":"publish","type":"product","link":"https:\/\/roveyayinevi.com.tr\/index.php\/urun\/denizin-uzun-tacyapragi\/","title":{"rendered":"Denizin Uzun Ta\u00e7yapra\u011f\u0131"},"content":{"rendered":"<p>Benim hayat\u0131m bir dizi deniz yolculu\u011fuyla ge\u00e7ti, bu d\u00fcnyada oradan oraya dola\u015ft\u0131m. Derin k\u00f6klerim oldu\u011funu bilmeden hep bir yabanc\u0131 oldum\u2026 Ruhum da denizlerde yolculuk etti. Ama bunlar\u0131n \u00fczerine d\u00fc\u015f\u00fcn\u00fcp ta\u015f\u0131nman\u0131n yarar\u0131 yok gibi geliyor bana; bunu \u00e7ok \u00f6nce yapmal\u0131yd\u0131m.   \u0130spanya \u0130\u00e7sava\u015f\u0131 s\u0131ras\u0131nda gen\u00e7 doktor V\u00edctor Dalmau ile piyanist Roser Bruguera, Barselona\u2019dan ka\u00e7arak \u015eili\u2019nin yolunu tutarlar. Avrupa sava\u015flar\u0131n pen\u00e7esinde k\u0131vran\u0131rken V\u00edctor ile Roser \u00fclkelerinde bir t\u00fcrl\u00fc kavu\u015famad\u0131klar\u0131 huzur ve bar\u0131\u015f\u0131 \u015fair Pablo Neruda\u2019n\u0131n \u201cuzun ta\u00e7yapra\u011f\u0131\u201d diye tan\u0131mlad\u0131\u011f\u0131 \u015eili\u2019de bulurlar. Ta ki 1973\u2019te Salvador Allende\u2019yi deviren asker\u00ee darbeye kadar\u2026   Denizin Uzun Ta\u00e7yapra\u011f\u0131\u2019nda Isabel Allende 20. y\u00fczy\u0131lda Avrupa ve Latin Amerika\u2019y\u0131 \u015fekillendiren tarih\u00ee olaylar\u0131n insani yans\u0131malar\u0131n\u0131 unutulmaz karakterler \u00fczerinden aktar\u0131yor. <\/p>\n","protected":false},"excerpt":{"rendered":"<p>Benim hayat\u0131m bir dizi deniz yolculu\u011fuyla ge\u00e7ti, bu d\u00fcnyada oradan oraya dola\u015ft\u0131m. Derin k\u00f6klerim oldu\u011funu bilmeden hep bir yabanc\u0131 oldum\u2026 Ruhum da denizlerde yolculuk etti. Ama<span class=\"excerpt-hellip\"> [\u2026]<\/span><\/p>\n","protected":false},"featured_media":0,"template":"","meta":{"_monsterinsights_skip_tracking":false,"_monsterinsights_sitenote_active":false,"_monsterinsights_sitenote_note":"","_monsterinsights_sitenote_category":0},"product_brand":[],"product_cat":[12291,12711],"product_tag":[],"class_list":{"0":"post-736963","1":"product","2":"type-product","3":"status-publish","5":"product_cat-edebiyat","6":"product_cat-roman-oyku","7":"pa_cilt-ciltsiz","8":"pa_tur-kitap","9":"pa_yayinevi-can-yayinlari","10":"pa_yazar-isabel-allende","12":"first","13":"instock","14":"sale","15":"shipping-taxable","16":"purchasable","17":"product-type-simple"},"_links":{"self":[{"href":"https:\/\/roveyayinevi.com.tr\/index.php\/wp-json\/wp\/v2\/product\/736963","targetHints":{"allow":["GET"]}}],"collection":[{"href":"https:\/\/roveyayinevi.com.tr\/index.php\/wp-json\/wp\/v2\/product"}],"about":[{"href":"https:\/\/roveyayinevi.com.tr\/index.php\/wp-json\/wp\/v2\/types\/product"}],"wp:attachment":[{"href":"https:\/\/roveyayinevi.com.tr\/index.php\/wp-json\/wp\/v2\/media?parent=736963"}],"wp:term":[{"taxonomy":"product_brand","embeddable":true,"href":"https:\/\/roveyayinevi.com.tr\/index.php\/wp-json\/wp\/v2\/product_brand?post=736963"},{"taxonomy":"product_cat","embeddable":true,"href":"https:\/\/roveyayinevi.com.tr\/index.php\/wp-json\/wp\/v2\/product_cat?post=736963"},{"taxonomy":"product_tag","embeddable":true,"href":"https:\/\/roveyayinevi.com.tr\/index.php\/wp-json\/wp\/v2\/product_tag?post=736963"}],"curies":[{"name":"wp","href":"https:\/\/api.w.org\/{rel}","templated":true}]}}