{"id":736960,"date":"2025-08-27T23:18:34","date_gmt":"2025-08-27T20:18:34","guid":{"rendered":"https:\/\/roveyayinevi.com.tr\/index.php\/urun\/erkek-psikolojisini-anlamak\/"},"modified":"2026-04-16T02:45:59","modified_gmt":"2026-04-15T23:45:59","slug":"erkek-psikolojisini-anlamak","status":"publish","type":"product","link":"https:\/\/roveyayinevi.com.tr\/index.php\/urun\/erkek-psikolojisini-anlamak\/","title":{"rendered":"Erkek Psikolojisini Anlamak"},"content":{"rendered":"<p>Olgun erkekli\u011fe giden yoldaki \u00f6nemli noktalar nelerdir? Erkekler nas\u0131l olgunla\u015f\u0131rlar? Kendi kimliklerini geli\u015ftirmeye nas\u0131l ge\u00e7i\u015f yaparlar? Erkek olmak ne demektir? Peki bir erke\u011fin di\u015fil bile\u015fenleri nelerdir?   \u00c7ocukluktan ger\u00e7ek erkekli\u011fe ge\u00e7i\u015fin \u00e7etin bir m\u00fccadele oldu\u011fu ve y\u00fczy\u0131llar boyunca ataerkinin erkekler \u00fczerindeki bask\u0131s\u0131 tart\u0131\u015f\u0131ladursun; Robert A. Johnson Parsifal\u2019in Kutsal Kase miti arac\u0131l\u0131\u011f\u0131yla erkek kimli\u011fine dair b\u00fcy\u00fcleyici bir bak\u0131\u015f a\u00e7\u0131s\u0131 sunuyor. \u00c7\u0131\u011f\u0131r a\u00e7an \u00e7al\u0131\u015fmas\u0131 G\u00f6lgene Sahip \u00c7\u0131k ile sizi ki\u015fili\u011finizin derinlerine g\u00f6t\u00fcren, karanl\u0131k y\u00f6nlerinizi ke\u015ffettiren, kendinize objektif bir g\u00f6zle bakman\u0131z\u0131 sa\u011flayan ve belki de hayat\u0131n\u0131z\u0131n anlam\u0131n\u0131 bulman\u0131z i\u00e7in \u00f6nayak olan Robert A. Johnson, Erkek Psikolojisini Anlamak ile kad\u0131n dinamiklerinin erkekleri nas\u0131l etkiledi\u011fini \u00e7arp\u0131c\u0131 bir ke\u015fifle g\u00f6zler \u00f6n\u00fcne seriyor. Kar\u015f\u0131l\u0131kl\u0131 olarak birbirinizi anlayabilmeyi umuyor; kad\u0131nlardaki eril, erkeklerdeki di\u015fil bile\u015fenleri merak ediyor; kendinizle, kar\u015f\u0131 cinsinizle ve aran\u0131zdaki ili\u015fkiyle ilgili farkl\u0131 bir yolculu\u011fa \u00e7\u0131kmak istiyorsan\u0131z bu seri tam size g\u00f6re! <\/p>\n","protected":false},"excerpt":{"rendered":"<p>Olgun erkekli\u011fe giden yoldaki \u00f6nemli noktalar nelerdir? Erkekler nas\u0131l olgunla\u015f\u0131rlar? Kendi kimliklerini geli\u015ftirmeye nas\u0131l ge\u00e7i\u015f yaparlar? Erkek olmak ne demektir? Peki bir erke\u011fin di\u015fil bile\u015fenleri nelerdir?<span class=\"excerpt-hellip\"> [\u2026]<\/span><\/p>\n","protected":false},"featured_media":0,"template":"","meta":{"_monsterinsights_skip_tracking":false,"_monsterinsights_sitenote_active":false,"_monsterinsights_sitenote_note":"","_monsterinsights_sitenote_category":0},"product_brand":[],"product_cat":[20502,12357],"product_tag":[],"class_list":{"0":"post-736960","1":"product","2":"type-product","3":"status-publish","5":"product_cat-basvuru-kitaplari-psikoloji","6":"product_cat-psikoloji","7":"pa_cilt-ciltsiz","8":"pa_tur-kitap","9":"pa_yayinevi-okuyan-us-yayin","10":"pa_yazar-robert-a-johnson","12":"first","13":"instock","14":"sale","15":"shipping-taxable","16":"purchasable","17":"product-type-simple"},"_links":{"self":[{"href":"https:\/\/roveyayinevi.com.tr\/index.php\/wp-json\/wp\/v2\/product\/736960","targetHints":{"allow":["GET"]}}],"collection":[{"href":"https:\/\/roveyayinevi.com.tr\/index.php\/wp-json\/wp\/v2\/product"}],"about":[{"href":"https:\/\/roveyayinevi.com.tr\/index.php\/wp-json\/wp\/v2\/types\/product"}],"wp:attachment":[{"href":"https:\/\/roveyayinevi.com.tr\/index.php\/wp-json\/wp\/v2\/media?parent=736960"}],"wp:term":[{"taxonomy":"product_brand","embeddable":true,"href":"https:\/\/roveyayinevi.com.tr\/index.php\/wp-json\/wp\/v2\/product_brand?post=736960"},{"taxonomy":"product_cat","embeddable":true,"href":"https:\/\/roveyayinevi.com.tr\/index.php\/wp-json\/wp\/v2\/product_cat?post=736960"},{"taxonomy":"product_tag","embeddable":true,"href":"https:\/\/roveyayinevi.com.tr\/index.php\/wp-json\/wp\/v2\/product_tag?post=736960"}],"curies":[{"name":"wp","href":"https:\/\/api.w.org\/{rel}","templated":true}]}}