{"id":736959,"date":"2025-08-27T23:18:33","date_gmt":"2025-08-27T20:18:33","guid":{"rendered":"https:\/\/roveyayinevi.com.tr\/index.php\/urun\/askin-psikolojisini-anlamak\/"},"modified":"2026-04-16T02:45:59","modified_gmt":"2026-04-15T23:45:59","slug":"askin-psikolojisini-anlamak","status":"publish","type":"product","link":"https:\/\/roveyayinevi.com.tr\/index.php\/urun\/askin-psikolojisini-anlamak\/","title":{"rendered":"A\u015fk\u0131n Psikolojisini Anlamak"},"content":{"rendered":"<p>A\u015fk nedir? Romantik a\u015fk\u0131n k\u00f6kenleri nelerdir? Hem kad\u0131n hem de erke\u011fin bilin\u00e7d\u0131\u015f\u0131nda yer alan a\u015fka dair d\u00fc\u015f\u00fcnceler nas\u0131l ortaya \u00e7\u0131kar? A\u015fk nas\u0131l olmal\u0131d\u0131r? A\u015fk\u0131n psikolojisi ne anlama gelir?   T\u00fcm toplumlar\u0131n y\u00fczy\u0131llard\u0131r anlam\u0131n\u0131 arad\u0131\u011f\u0131 ve hakk\u0131nda ayd\u0131nlat\u0131c\u0131 bir a\u00e7\u0131klamaya ihtiya\u00e7 duydu\u011fu a\u015fk ve a\u015fk\u0131n psikolojisi, Jung felsefesinden yola \u00e7\u0131kan Robert A. Johnson\u2019\u0131n kalemiyle ve eski mit Tristan ve Isolde arac\u0131l\u0131\u011f\u0131yla ete kemi\u011fe b\u00fcr\u00fcn\u00fcyor. \u00c7\u0131\u011f\u0131r a\u00e7an \u00e7al\u0131\u015fmas\u0131 G\u00f6lgene Sahip \u00c7\u0131k ile sizi ki\u015fili\u011finizin derinlerine g\u00f6t\u00fcren, karanl\u0131k y\u00f6nlerinizi ke\u015ffettiren, kendinize objektif bir g\u00f6zle bakman\u0131z\u0131 sa\u011flayan ve belki de hayat\u0131n\u0131z\u0131n anlam\u0131n\u0131 bulman\u0131z i\u00e7in \u00f6nayak olan Robert A. Johnson, A\u015fk\u0131n Psikolojisini Anlamak ile romantik a\u015fk\u0131n varolu\u015funu ve anlam\u0131n\u0131 sorguluyor; a\u015fkla ilgili mitlere dair \u00e7o\u011fu kez i\u00e7ine d\u00fc\u015ft\u00fc\u011f\u00fcm\u00fcz yan\u0131lsamalar\u0131 k\u0131rarak, a\u015fk\u0131n psikolojisi \u00fczerine titiz bir \u00e7al\u0131\u015fmaya imza at\u0131yor. Kar\u015f\u0131l\u0131kl\u0131 olarak birbirinizi anlayabilmeyi umuyor; kad\u0131nlardaki eril, erkeklerdeki di\u015fil bile\u015fenleri merak ediyor; kendinizle, kar\u015f\u0131 cinsinizle ve aran\u0131zdaki ili\u015fkiyle ilgili farkl\u0131 bir yolculu\u011fa \u00e7\u0131kmak istiyorsan\u0131z bu seri tam size g\u00f6re! <\/p>\n","protected":false},"excerpt":{"rendered":"<p>A\u015fk nedir? Romantik a\u015fk\u0131n k\u00f6kenleri nelerdir? Hem kad\u0131n hem de erke\u011fin bilin\u00e7d\u0131\u015f\u0131nda yer alan a\u015fka dair d\u00fc\u015f\u00fcnceler nas\u0131l ortaya \u00e7\u0131kar? A\u015fk nas\u0131l olmal\u0131d\u0131r? A\u015fk\u0131n psikolojisi ne<span class=\"excerpt-hellip\"> [\u2026]<\/span><\/p>\n","protected":false},"featured_media":0,"template":"","meta":{"_monsterinsights_skip_tracking":false,"_monsterinsights_sitenote_active":false,"_monsterinsights_sitenote_note":"","_monsterinsights_sitenote_category":0},"product_brand":[],"product_cat":[20502,12357],"product_tag":[],"class_list":{"0":"post-736959","1":"product","2":"type-product","3":"status-publish","5":"product_cat-basvuru-kitaplari-psikoloji","6":"product_cat-psikoloji","7":"pa_cilt-ciltsiz","8":"pa_tur-kitap","9":"pa_yayinevi-okuyan-us-yayin","10":"pa_yazar-robert-a-johnson","12":"first","13":"instock","14":"sale","15":"shipping-taxable","16":"purchasable","17":"product-type-simple"},"_links":{"self":[{"href":"https:\/\/roveyayinevi.com.tr\/index.php\/wp-json\/wp\/v2\/product\/736959","targetHints":{"allow":["GET"]}}],"collection":[{"href":"https:\/\/roveyayinevi.com.tr\/index.php\/wp-json\/wp\/v2\/product"}],"about":[{"href":"https:\/\/roveyayinevi.com.tr\/index.php\/wp-json\/wp\/v2\/types\/product"}],"wp:attachment":[{"href":"https:\/\/roveyayinevi.com.tr\/index.php\/wp-json\/wp\/v2\/media?parent=736959"}],"wp:term":[{"taxonomy":"product_brand","embeddable":true,"href":"https:\/\/roveyayinevi.com.tr\/index.php\/wp-json\/wp\/v2\/product_brand?post=736959"},{"taxonomy":"product_cat","embeddable":true,"href":"https:\/\/roveyayinevi.com.tr\/index.php\/wp-json\/wp\/v2\/product_cat?post=736959"},{"taxonomy":"product_tag","embeddable":true,"href":"https:\/\/roveyayinevi.com.tr\/index.php\/wp-json\/wp\/v2\/product_tag?post=736959"}],"curies":[{"name":"wp","href":"https:\/\/api.w.org\/{rel}","templated":true}]}}