{"id":736958,"date":"2025-08-27T23:18:32","date_gmt":"2025-08-27T20:18:32","guid":{"rendered":"https:\/\/roveyayinevi.com.tr\/index.php\/urun\/kadin-psikolojisini-anlamak\/"},"modified":"2026-04-16T02:45:58","modified_gmt":"2026-04-15T23:45:58","slug":"kadin-psikolojisini-anlamak","status":"publish","type":"product","link":"https:\/\/roveyayinevi.com.tr\/index.php\/urun\/kadin-psikolojisini-anlamak\/","title":{"rendered":"Kad\u0131n Psikolojisini Anlamak"},"content":{"rendered":"<p>Olgun kad\u0131nl\u0131\u011fa giden yol nedir? Kad\u0131nlar nas\u0131l olgunla\u015f\u0131rlar? Kendi kimliklerini geli\u015ftirmeye nas\u0131l ge\u00e7i\u015f yaparlar? Kad\u0131n olmak ne demektir? Peki bir kad\u0131n\u0131n eril bile\u015fenleri nelerdir?   Pek \u00e7ok yazar ve d\u00fc\u015f\u00fcn\u00fcr taraf\u0131ndan Eros ve Psykhe antik mitinin, bir kad\u0131n\u0131n bireyselle\u015fmesinin hikayesi oldu\u011fu d\u00fc\u015f\u00fcn\u00fclm\u00fc\u015ft\u00fcr ancak Robert A. Johnson bu eski hikayeye dair farkl\u0131 bir bak\u0131\u015f a\u00e7\u0131s\u0131 geli\u015ftiriyor. \u00c7\u0131\u011f\u0131r a\u00e7an \u00e7al\u0131\u015fmas\u0131 G\u00f6lgene Sahip \u00c7\u0131k ile sizi ki\u015fili\u011finizin derinlerine g\u00f6t\u00fcren, karanl\u0131k y\u00f6nlerinizi ke\u015ffettiren, kendinize objektif bir g\u00f6zle bakman\u0131z\u0131 sa\u011flayan ve belki de hayat\u0131n\u0131z\u0131n anlam\u0131n\u0131 bulman\u0131z i\u00e7in \u00f6nayak olan Robert A. Johnson, Kad\u0131n Psikolojisi Anlamak ile Eros ve Psykhe mitini derinlemesine inceliyor ve hikayenin sat\u0131r aralar\u0131n\u0131 ayd\u0131nlatarak kad\u0131n olman\u0131n ne anlama geldi\u011fine dair \u00e7arp\u0131c\u0131 bir ke\u015ffe imza at\u0131yor. Kar\u015f\u0131l\u0131kl\u0131 olarak birbirinizi anlayabilmeyi umuyor; kad\u0131nlardaki eril, erkeklerdeki di\u015fil bile\u015fenleri merak ediyor; kendinizle, kar\u015f\u0131 cinsinizle ve aran\u0131zdaki ili\u015fkiyle ilgili farkl\u0131 bir yolculu\u011fa \u00e7\u0131kmak istiyorsan\u0131z bu seri tam size g\u00f6re! <\/p>\n","protected":false},"excerpt":{"rendered":"<p>Olgun kad\u0131nl\u0131\u011fa giden yol nedir? Kad\u0131nlar nas\u0131l olgunla\u015f\u0131rlar? Kendi kimliklerini geli\u015ftirmeye nas\u0131l ge\u00e7i\u015f yaparlar? Kad\u0131n olmak ne demektir? Peki bir kad\u0131n\u0131n eril bile\u015fenleri nelerdir? Pek \u00e7ok<span class=\"excerpt-hellip\"> [\u2026]<\/span><\/p>\n","protected":false},"featured_media":0,"template":"","meta":{"_monsterinsights_skip_tracking":false,"_monsterinsights_sitenote_active":false,"_monsterinsights_sitenote_note":"","_monsterinsights_sitenote_category":0},"product_brand":[],"product_cat":[20502,12357],"product_tag":[],"class_list":{"0":"post-736958","1":"product","2":"type-product","3":"status-publish","5":"product_cat-basvuru-kitaplari-psikoloji","6":"product_cat-psikoloji","7":"pa_cilt-ciltsiz","8":"pa_tur-kitap","9":"pa_yayinevi-okuyan-us-yayin","10":"pa_yazar-robert-a-johnson","12":"first","13":"instock","14":"sale","15":"shipping-taxable","16":"purchasable","17":"product-type-simple"},"_links":{"self":[{"href":"https:\/\/roveyayinevi.com.tr\/index.php\/wp-json\/wp\/v2\/product\/736958","targetHints":{"allow":["GET"]}}],"collection":[{"href":"https:\/\/roveyayinevi.com.tr\/index.php\/wp-json\/wp\/v2\/product"}],"about":[{"href":"https:\/\/roveyayinevi.com.tr\/index.php\/wp-json\/wp\/v2\/types\/product"}],"wp:attachment":[{"href":"https:\/\/roveyayinevi.com.tr\/index.php\/wp-json\/wp\/v2\/media?parent=736958"}],"wp:term":[{"taxonomy":"product_brand","embeddable":true,"href":"https:\/\/roveyayinevi.com.tr\/index.php\/wp-json\/wp\/v2\/product_brand?post=736958"},{"taxonomy":"product_cat","embeddable":true,"href":"https:\/\/roveyayinevi.com.tr\/index.php\/wp-json\/wp\/v2\/product_cat?post=736958"},{"taxonomy":"product_tag","embeddable":true,"href":"https:\/\/roveyayinevi.com.tr\/index.php\/wp-json\/wp\/v2\/product_tag?post=736958"}],"curies":[{"name":"wp","href":"https:\/\/api.w.org\/{rel}","templated":true}]}}