{"id":736954,"date":"2025-08-27T23:18:27","date_gmt":"2025-08-27T20:18:27","guid":{"rendered":"https:\/\/roveyayinevi.com.tr\/index.php\/urun\/istasyon-2\/"},"modified":"2026-04-16T02:45:58","modified_gmt":"2026-04-15T23:45:58","slug":"istasyon-2","status":"publish","type":"product","link":"https:\/\/roveyayinevi.com.tr\/index.php\/urun\/istasyon-2\/","title":{"rendered":"\u0130stasyon"},"content":{"rendered":"<p>Vedalar\u0131n yeri de\u011fil midir istasyonlar? Beraber ya\u015fanan, ge\u00e7mi\u015fin ve ya\u015fanmak istenen gelece\u011fin terkedili\u015fi\u2026 Kavu\u015fmalar\u0131n yeri de\u011fil midir istasyonlar? Hesapl\u0131 bir ayr\u0131l\u0131k \u00f6zleminin, bekleyene sanc\u0131 i\u00e7erisinde dakikalar\u0131 sayd\u0131ran\u2026 S\u0131f\u0131rdan ba\u015flayanlar\u0131n yeri de\u011fil midir istasyonlar? Ne yolcu edeni vard\u0131r ne gidece\u011fi yerde kar\u015f\u0131layan\u0131\u2026 Giden kendine gider, gitti\u011fi yerde kar\u015f\u0131layan yine kendisi. Bu istasyonda, cam kenar\u0131na oturup ba\u015f\u0131n\u0131z\u0131 yaslad\u0131\u011f\u0131n\u0131zda de\u011fi\u015fen yol manzaras\u0131 e\u015fli\u011finde d\u00fc\u015f\u00fcn\u00fcp hayaller kuraca\u011f\u0131n\u0131z otob\u00fcsler yok. G\u00fcvertesine \u00e7\u0131kt\u0131\u011f\u0131n\u0131zda dalgalar\u0131n k\u00f6p\u00fc\u011f\u00fcn\u00fc izlerken s\u0131y\u0131r\u0131p ataca\u011f\u0131n\u0131z ac\u0131lar\u0131n i\u00e7erisinde bir mart\u0131 sesine g\u00fcl\u00fcmseyece\u011finiz gemiler de yok. Bu istasyonda t\u00fcrk\u00fclerin kara treni de yok. \u00c7\u00fcnk\u00fc bu istasyonda vedalar yok, kavu\u015fmalar da. Bir mecburiyet yeri bu istasyon\u2026<\/p>\n","protected":false},"excerpt":{"rendered":"<p>Vedalar\u0131n yeri de\u011fil midir istasyonlar? Beraber ya\u015fanan, ge\u00e7mi\u015fin ve ya\u015fanmak istenen gelece\u011fin terkedili\u015fi\u2026 Kavu\u015fmalar\u0131n yeri de\u011fil midir istasyonlar? Hesapl\u0131 bir ayr\u0131l\u0131k \u00f6zleminin, bekleyene sanc\u0131 i\u00e7erisinde dakikalar\u0131<span class=\"excerpt-hellip\"> [\u2026]<\/span><\/p>\n","protected":false},"featured_media":0,"template":"","meta":{"_monsterinsights_skip_tracking":false,"_monsterinsights_sitenote_active":false,"_monsterinsights_sitenote_note":"","_monsterinsights_sitenote_category":0},"product_brand":[],"product_cat":[12291,12711],"product_tag":[],"class_list":{"0":"post-736954","1":"product","2":"type-product","3":"status-publish","5":"product_cat-edebiyat","6":"product_cat-roman-oyku","7":"pa_cilt-ciltsiz","8":"pa_tur-kitap","9":"pa_yayinevi-vaveyla-yayincilik","10":"pa_yazar-cigdem-koroglu","12":"first","13":"instock","14":"sale","15":"shipping-taxable","16":"purchasable","17":"product-type-simple"},"_links":{"self":[{"href":"https:\/\/roveyayinevi.com.tr\/index.php\/wp-json\/wp\/v2\/product\/736954","targetHints":{"allow":["GET"]}}],"collection":[{"href":"https:\/\/roveyayinevi.com.tr\/index.php\/wp-json\/wp\/v2\/product"}],"about":[{"href":"https:\/\/roveyayinevi.com.tr\/index.php\/wp-json\/wp\/v2\/types\/product"}],"wp:attachment":[{"href":"https:\/\/roveyayinevi.com.tr\/index.php\/wp-json\/wp\/v2\/media?parent=736954"}],"wp:term":[{"taxonomy":"product_brand","embeddable":true,"href":"https:\/\/roveyayinevi.com.tr\/index.php\/wp-json\/wp\/v2\/product_brand?post=736954"},{"taxonomy":"product_cat","embeddable":true,"href":"https:\/\/roveyayinevi.com.tr\/index.php\/wp-json\/wp\/v2\/product_cat?post=736954"},{"taxonomy":"product_tag","embeddable":true,"href":"https:\/\/roveyayinevi.com.tr\/index.php\/wp-json\/wp\/v2\/product_tag?post=736954"}],"curies":[{"name":"wp","href":"https:\/\/api.w.org\/{rel}","templated":true}]}}