{"id":736953,"date":"2025-08-27T23:18:26","date_gmt":"2025-08-27T20:18:26","guid":{"rendered":"https:\/\/roveyayinevi.com.tr\/index.php\/urun\/adela-tann-hayallerini-arayan-palyaco-cocuk-kitaplari-seti-2-kitap\/"},"modified":"2026-04-16T02:45:58","modified_gmt":"2026-04-15T23:45:58","slug":"adela-tann-hayallerini-arayan-palyaco-cocuk-kitaplari-seti-2-kitap","status":"publish","type":"product","link":"https:\/\/roveyayinevi.com.tr\/index.php\/urun\/adela-tann-hayallerini-arayan-palyaco-cocuk-kitaplari-seti-2-kitap\/","title":{"rendered":"Adela Tann &#8211; Hayallerini Arayan Palya\u00e7o \u00c7ocuk Kitaplar\u0131 Seti (2 Kitap)"},"content":{"rendered":"<p>ADELA TANN Daha geleli ka\u00e7 y\u0131l olmu\u015ftu ki ya\u015fam\u0131n sonuna b\u00f6yle h\u0131zl\u0131 ula\u015fm\u0131\u015ft\u0131? On yedi ya\u015f\u0131ndayd\u0131 ve d\u00f6rt ay\u0131 kalm\u0131\u015ft\u0131. Yaln\u0131zca d\u00f6rt. Sonra yery\u00fcz\u00fcnde olmayacak, bir s\u00fcre sonra da unutulacakt\u0131. Yapabilece\u011fi en iyi \u015fey kalan ya\u015fam\u0131n\u0131 en g\u00fczel bi\u00e7imde ge\u00e7irmek\u2026 Son aylar\u0131n\u0131 bir g\u00fcnl\u00fc\u011fe yazacakt\u0131, belki bir iz kal\u0131rd\u0131 ard\u0131nda.Kap\u0131da kimden geldi\u011fi belli olmayan bir paket, i\u00e7inde ise bir not ve bir kitap! Anla\u015f\u0131lan gizemli biri kalan s\u00fcresini unutulmaz k\u0131lacakt\u0131. \u0130yi de bu ki\u015fi onun \u00f6lece\u011fini nereden biliyor ve neden ona Adel diye sesleniyordu? Merak\u2026 Daha \u00f6nce olmad\u0131\u011f\u0131 gibi y\u00fcrekli davranacak, onu bulacak, kim oldu\u011funu \u00f6\u011frenecekti. Gecenin karanl\u0131\u011f\u0131nda o adrese tek ba\u015f\u0131na gitmek zorunda olsa da.Ve ger\u00e7e\u011fi tam yakalayacakken yeniden g\u00f6zleri kararm\u0131\u015ft\u0131. D\u00fc\u015fle ger\u00e7ek aras\u0131nda bir alg\u0131 sava\u015f\u0131 ba\u015flam\u0131\u015ft\u0131 art\u0131k. \u00d6\u011frendikleri ise onu bamba\u015fka bir ya\u015fama s\u00fcr\u00fckleyecekti.Baz\u0131 bilinmezler bilinmedi\u011fi s\u00fcrece g\u00fcvendesinizdir.  HAYALLER\u0130N\u0130 ARAYAN PALYA\u00c7O Palya\u00e7o Papi, alt\u0131 ya\u015f\u0131ndan beri bu sirkte ailesi ile birlikte \u00e7al\u0131\u015f\u0131yordu. Palya\u00e7o Papi \u00e7ok hareketli, merakl\u0131 ve biraz da yaramaz bir palya\u00e7oydu. Papi&#8217;nin hayali d\u00fcnyan\u0131n en iyi palya\u00e7osu olmakt\u0131&#8230; <\/p>\n","protected":false},"excerpt":{"rendered":"<p>ADELA TANN Daha geleli ka\u00e7 y\u0131l olmu\u015ftu ki ya\u015fam\u0131n sonuna b\u00f6yle h\u0131zl\u0131 ula\u015fm\u0131\u015ft\u0131? On yedi ya\u015f\u0131ndayd\u0131 ve d\u00f6rt ay\u0131 kalm\u0131\u015ft\u0131. Yaln\u0131zca d\u00f6rt. Sonra yery\u00fcz\u00fcnde olmayacak, bir<span class=\"excerpt-hellip\"> [\u2026]<\/span><\/p>\n","protected":false},"featured_media":0,"template":"","meta":{"_monsterinsights_skip_tracking":false,"_monsterinsights_sitenote_active":false,"_monsterinsights_sitenote_note":"","_monsterinsights_sitenote_category":0},"product_brand":[],"product_cat":[12274,12284],"product_tag":[],"class_list":{"0":"post-736953","1":"product","2":"type-product","3":"status-publish","5":"product_cat-cocuk-ve-genclik-kitaplari","6":"product_cat-hikayeler","7":"pa_cilt-ciltsiz","8":"pa_tur-kitap","9":"pa_yayinevi-kitap-muptelasi-yayinlari","10":"pa_yazar-nalan-yilmaz-beyza-unlu","12":"first","13":"instock","14":"sale","15":"shipping-taxable","16":"purchasable","17":"product-type-simple"},"_links":{"self":[{"href":"https:\/\/roveyayinevi.com.tr\/index.php\/wp-json\/wp\/v2\/product\/736953","targetHints":{"allow":["GET"]}}],"collection":[{"href":"https:\/\/roveyayinevi.com.tr\/index.php\/wp-json\/wp\/v2\/product"}],"about":[{"href":"https:\/\/roveyayinevi.com.tr\/index.php\/wp-json\/wp\/v2\/types\/product"}],"wp:attachment":[{"href":"https:\/\/roveyayinevi.com.tr\/index.php\/wp-json\/wp\/v2\/media?parent=736953"}],"wp:term":[{"taxonomy":"product_brand","embeddable":true,"href":"https:\/\/roveyayinevi.com.tr\/index.php\/wp-json\/wp\/v2\/product_brand?post=736953"},{"taxonomy":"product_cat","embeddable":true,"href":"https:\/\/roveyayinevi.com.tr\/index.php\/wp-json\/wp\/v2\/product_cat?post=736953"},{"taxonomy":"product_tag","embeddable":true,"href":"https:\/\/roveyayinevi.com.tr\/index.php\/wp-json\/wp\/v2\/product_tag?post=736953"}],"curies":[{"name":"wp","href":"https:\/\/api.w.org\/{rel}","templated":true}]}}