{"id":736952,"date":"2025-08-27T23:18:25","date_gmt":"2025-08-27T20:18:25","guid":{"rendered":"https:\/\/roveyayinevi.com.tr\/index.php\/urun\/fatsa-cingirt-kayasi\/"},"modified":"2025-12-30T10:48:49","modified_gmt":"2025-12-30T07:48:49","slug":"fatsa-cingirt-kayasi","status":"publish","type":"product","link":"https:\/\/roveyayinevi.com.tr\/index.php\/urun\/fatsa-cingirt-kayasi\/","title":{"rendered":"Fatsa C\u0131ng\u0131rt Kayas\u0131"},"content":{"rendered":"<p>\u0130nsano\u011flunun ya\u015fam\u0131n\u0131 s\u00fcrd\u00fcrebilmesi i\u00e7in en temel ihtiya\u00e7lar\u0131ndan biri beslenme gereksinimidir. Yeme-i\u00e7me al\u0131\u015fkanl\u0131klar\u0131 k\u00fclt\u00fcrel bir unsur olarak toplumdan topluma de\u011fi\u015fen, dolay\u0131s\u0131yla g\u00fcndelik ya\u015fam i\u00e7inde izlerini buldu\u011fumuz beslenme\/mutfak k\u00fclt\u00fcr\u00fcn\u00fc olu\u015fturur. Bu k\u00fclt\u00fcr\u00fcn anla\u015f\u0131lmas\u0131nda; yiyeceklerin haz\u0131rlanmas\u0131, pi\u015firilmesi, depolanmas\u0131 gibi kap kacaklar ve masa \u00fcst\u00fc seti olarak tan\u0131mlanan servis kaplar\u0131\/tabak, \u00e7anak, s\u00fcrahi vb. farkl\u0131 kullan\u0131m ama\u00e7lar\u0131na hizmet eden kaplar\u0131n kullan\u0131m\u0131 devreye girer. Bu ba\u011flamda pi\u015fmi\u015f toprak mutfak\/masa\u00fcst\u00fc kaplar\u0131n\u0131n Antik \u00c7a\u011f yerle\u015fimlerimdeki varl\u0131\u011f\u0131, mutfak\/beslenme k\u00fclt\u00fcr\u00fcn\u00fcn ayd\u0131nlat\u0131lmas\u0131na arac\u0131 olan, Antik \u00c7a\u011fda g\u00fcndelik ya\u015fama dair \u00f6nemli ipu\u00e7lar\u0131 sunan arkeolojik kan\u0131tlar\u0131 olu\u015fturur. Fatsa C\u0131ng\u0131rt Kayas\u0131\u2019nda y\u00fcr\u00fct\u00fclen arkeolojik \u00e7al\u0131\u015fmalardan elde edilen g\u00fcnl\u00fck kullan\u0131m kaplar\u0131 \u0131\u015f\u0131\u011f\u0131nda Antik \u00c7a\u011f\u2019da Karadeniz mutfak\/beslenme k\u00fclt\u00fcr\u00fcn\u00fcn izleri ile g\u00fcn\u00fcm\u00fcz gastronomisine yans\u0131malar\u0131n\u0131n ser\u00fcveni; Arkeolojik materyal, Antik \u00c7a\u011f yazarlar\u0131n\u0131n kay\u0131tlar\u0131nda ge\u00e7en ifadeler ve g\u00fcncel \u00e7al\u0131\u015fmalarla harmanlanarak bu kitapta sunulmaktad\u0131r.<\/p>\n","protected":false},"excerpt":{"rendered":"<p>\u0130nsano\u011flunun ya\u015fam\u0131n\u0131 s\u00fcrd\u00fcrebilmesi i\u00e7in en temel ihtiya\u00e7lar\u0131ndan biri beslenme gereksinimidir. Yeme-i\u00e7me al\u0131\u015fkanl\u0131klar\u0131 k\u00fclt\u00fcrel bir unsur olarak toplumdan topluma de\u011fi\u015fen, dolay\u0131s\u0131yla g\u00fcndelik ya\u015fam i\u00e7inde izlerini buldu\u011fumuz beslenme\/mutfak<span class=\"excerpt-hellip\"> [\u2026]<\/span><\/p>\n","protected":false},"featured_media":0,"template":"","meta":{"_monsterinsights_skip_tracking":false,"_monsterinsights_sitenote_active":false,"_monsterinsights_sitenote_note":"","_monsterinsights_sitenote_category":0},"product_brand":[],"product_cat":[52477,52478],"product_tag":[],"class_list":{"0":"post-736952","1":"product","2":"type-product","3":"status-publish","5":"product_cat-arastirma","6":"product_cat-arkeoloji","7":"pa_cilt-ciltli","8":"pa_tur-kitap","9":"pa_yayinevi-bilgin-kultur-sanat","10":"pa_yazar-ayse-fatma-erol-safiye-aydin","12":"first","13":"instock","14":"sale","15":"shipping-taxable","16":"purchasable","17":"product-type-simple"},"_links":{"self":[{"href":"https:\/\/roveyayinevi.com.tr\/index.php\/wp-json\/wp\/v2\/product\/736952","targetHints":{"allow":["GET"]}}],"collection":[{"href":"https:\/\/roveyayinevi.com.tr\/index.php\/wp-json\/wp\/v2\/product"}],"about":[{"href":"https:\/\/roveyayinevi.com.tr\/index.php\/wp-json\/wp\/v2\/types\/product"}],"wp:attachment":[{"href":"https:\/\/roveyayinevi.com.tr\/index.php\/wp-json\/wp\/v2\/media?parent=736952"}],"wp:term":[{"taxonomy":"product_brand","embeddable":true,"href":"https:\/\/roveyayinevi.com.tr\/index.php\/wp-json\/wp\/v2\/product_brand?post=736952"},{"taxonomy":"product_cat","embeddable":true,"href":"https:\/\/roveyayinevi.com.tr\/index.php\/wp-json\/wp\/v2\/product_cat?post=736952"},{"taxonomy":"product_tag","embeddable":true,"href":"https:\/\/roveyayinevi.com.tr\/index.php\/wp-json\/wp\/v2\/product_tag?post=736952"}],"curies":[{"name":"wp","href":"https:\/\/api.w.org\/{rel}","templated":true}]}}