{"id":736950,"date":"2025-08-27T23:18:23","date_gmt":"2025-08-27T20:18:23","guid":{"rendered":"https:\/\/roveyayinevi.com.tr\/index.php\/urun\/buyuyemeyenler\/"},"modified":"2026-04-16T02:45:58","modified_gmt":"2026-04-15T23:45:58","slug":"buyuyemeyenler","status":"publish","type":"product","link":"https:\/\/roveyayinevi.com.tr\/index.php\/urun\/buyuyemeyenler\/","title":{"rendered":"B\u00fcy\u00fcyemeyenler"},"content":{"rendered":"<p>Bu bir \u201cki\u015fisel geli\u015fememe\u201d kitab\u0131.   Melis Dani\u015fmend, bizi tan\u0131d\u0131k bir hik\u00e2yeye ka\u00e7\u0131r\u0131yor B\u00fcy\u00fcyemeyenler\u2019de. A\u015fkta \u015fans\u0131n\u0131n ba\u015f a\u015fa\u011f\u0131 gitti\u011fini g\u00f6renler, ailesiyle \u00e7at\u0131\u015f\u0131rken art\u0131k bar\u0131\u015fma vaktinin geldi\u011fini fark edenler, \u201ckariyer se\u00e7imi\u201dni g\u00f6zden ge\u00e7irenler, yani kendi i\u00e7 d\u00fcnyas\u0131na d\u00f6nerek hesapla\u015fmaya cesaret eden, ama bunu g\u00fclerek, kendiyle dalga ge\u00e7erek, etraf\u0131n\u0131 da zekice i\u011fneleyerek yapabilenlerin kitab\u0131 bu.   Bo\u015fand\u0131ktan sonra evini kapat\u0131p bu kez bir yeti\u015fkin olarak ailesinin yan\u0131na d\u00f6nmek zorunda kalan, plazalar d\u00fcnyas\u0131 yerine m\u00fczik ve bas\u0131n sekt\u00f6r\u00fcnde ini\u015fli \u00e7\u0131k\u0131\u015fl\u0131 bir m\u00fccadele veren Melis Dani\u015fmend\u2019in hik\u00e2yesi, pandemi sonras\u0131nda belki de bir\u00e7o\u011fumuza her zamankinden daha yak\u0131n gelecek. Ama B\u00fcy\u00fcyemeyenler bundan da fazlas\u0131&#8230;   \u201cKaybedenlerin, tekrar tekrar kaybetme se\u00e7imine\/kaderine tutulanlar\u0131n, \u015fanss\u0131z hissedenlerin, kafas\u0131 hep dolular\u0131n, her zaman soru soranlar\u0131n, bir sesin pe\u015finden giden ama onun hangi y\u00f6nden geldi\u011fini ve ne s\u00f6ylendi\u011fini tam olarak bilmedi\u011fi halde y\u00fcr\u00fcmeye devam edenlerin&#8230; Ama en \u00e7ok da, asla hi\u00e7bir \u015fekilde b\u00fcy\u00fcyemeyenlerin, bunu istemeyenlerin \u00f6yk\u00fcs\u00fc.   \u00c7\u00fcnk\u00fc bazen kaybetmek de normal. Kaybetmek de \u00e7ok s\u0131radan. Hatta kaybetmek g\u00fczel.   E\u011fer \u00f6yleyse, merhaba.   Sen de bir \u2018b\u00fcy\u00fcyemeyen\u2019sin&#8230;\u201d<\/p>\n","protected":false},"excerpt":{"rendered":"<p>Bu bir \u201cki\u015fisel geli\u015fememe\u201d kitab\u0131. Melis Dani\u015fmend, bizi tan\u0131d\u0131k bir hik\u00e2yeye ka\u00e7\u0131r\u0131yor B\u00fcy\u00fcyemeyenler\u2019de. A\u015fkta \u015fans\u0131n\u0131n ba\u015f a\u015fa\u011f\u0131 gitti\u011fini g\u00f6renler, ailesiyle \u00e7at\u0131\u015f\u0131rken art\u0131k bar\u0131\u015fma vaktinin geldi\u011fini fark<span class=\"excerpt-hellip\"> [\u2026]<\/span><\/p>\n","protected":false},"featured_media":0,"template":"","meta":{"_monsterinsights_skip_tracking":false,"_monsterinsights_sitenote_active":false,"_monsterinsights_sitenote_note":"","_monsterinsights_sitenote_category":0},"product_brand":[],"product_cat":[18545,12291],"product_tag":[],"class_list":{"0":"post-736950","1":"product","2":"type-product","3":"status-publish","5":"product_cat-anlati","6":"product_cat-edebiyat","7":"pa_cilt-ciltsiz","8":"pa_tur-kitap","9":"pa_yayinevi-mundi","10":"pa_yazar-melis-danismend","12":"first","13":"instock","14":"sale","15":"shipping-taxable","16":"purchasable","17":"product-type-simple"},"_links":{"self":[{"href":"https:\/\/roveyayinevi.com.tr\/index.php\/wp-json\/wp\/v2\/product\/736950","targetHints":{"allow":["GET"]}}],"collection":[{"href":"https:\/\/roveyayinevi.com.tr\/index.php\/wp-json\/wp\/v2\/product"}],"about":[{"href":"https:\/\/roveyayinevi.com.tr\/index.php\/wp-json\/wp\/v2\/types\/product"}],"wp:attachment":[{"href":"https:\/\/roveyayinevi.com.tr\/index.php\/wp-json\/wp\/v2\/media?parent=736950"}],"wp:term":[{"taxonomy":"product_brand","embeddable":true,"href":"https:\/\/roveyayinevi.com.tr\/index.php\/wp-json\/wp\/v2\/product_brand?post=736950"},{"taxonomy":"product_cat","embeddable":true,"href":"https:\/\/roveyayinevi.com.tr\/index.php\/wp-json\/wp\/v2\/product_cat?post=736950"},{"taxonomy":"product_tag","embeddable":true,"href":"https:\/\/roveyayinevi.com.tr\/index.php\/wp-json\/wp\/v2\/product_tag?post=736950"}],"curies":[{"name":"wp","href":"https:\/\/api.w.org\/{rel}","templated":true}]}}