{"id":736949,"date":"2025-08-27T23:18:22","date_gmt":"2025-08-27T20:18:22","guid":{"rendered":"https:\/\/roveyayinevi.com.tr\/index.php\/urun\/hayvanlarin-yasam-dongusu\/"},"modified":"2026-04-16T02:45:58","modified_gmt":"2026-04-15T23:45:58","slug":"hayvanlarin-yasam-dongusu","status":"publish","type":"product","link":"https:\/\/roveyayinevi.com.tr\/index.php\/urun\/hayvanlarin-yasam-dongusu\/","title":{"rendered":"Hayvanlar\u0131n Ya\u015fam D\u00f6ng\u00fcs\u00fc"},"content":{"rendered":"<p>K\u0131r k\u0131rlang\u0131\u00e7lar\u0131 yuvalar\u0131n\u0131 nas\u0131l yapar? Bir ahtapot yumurtalar\u0131n\u0131 nereye b\u0131rak\u0131r? \u015ei\u015fe burunlu yunuslar yavrular\u0131n\u0131 b\u00fcy\u00fct\u00fcrken onlara neler \u00f6\u011fretir? Bir boz ay\u0131n\u0131n yavrular\u0131 ne zaman do\u011far? Hangi hayvanlar ba\u015fkala\u015f\u0131m ge\u00e7irir? Bir ye\u015fil deniz kaplumba\u011fas\u0131 ka\u00e7 y\u0131l ya\u015far? Her hayvan\u0131n ya\u015fam d\u00f6ng\u00fcs\u00fc ayn\u0131 m\u0131d\u0131r? Hepsi bu kitapta&#8230;<\/p>\n","protected":false},"excerpt":{"rendered":"<p>K\u0131r k\u0131rlang\u0131\u00e7lar\u0131 yuvalar\u0131n\u0131 nas\u0131l yapar? Bir ahtapot yumurtalar\u0131n\u0131 nereye b\u0131rak\u0131r? \u015ei\u015fe burunlu yunuslar yavrular\u0131n\u0131 b\u00fcy\u00fct\u00fcrken onlara neler \u00f6\u011fretir? Bir boz ay\u0131n\u0131n yavrular\u0131 ne zaman do\u011far? Hangi<span class=\"excerpt-hellip\"> [\u2026]<\/span><\/p>\n","protected":false},"featured_media":0,"template":"","meta":{"_monsterinsights_skip_tracking":false,"_monsterinsights_sitenote_active":false,"_monsterinsights_sitenote_note":"","_monsterinsights_sitenote_category":0},"product_brand":[],"product_cat":[13829,12274],"product_tag":[],"class_list":{"0":"post-736949","1":"product","2":"type-product","3":"status-publish","5":"product_cat-bilimsel-kitaplar","6":"product_cat-cocuk-ve-genclik-kitaplari","7":"pa_cilt-ciltsiz","8":"pa_tur-kitap","9":"pa_yayinevi-elma-cocuk","10":"pa_yazar-takimyildiz","12":"first","13":"instock","14":"sale","15":"shipping-taxable","16":"purchasable","17":"product-type-simple"},"_links":{"self":[{"href":"https:\/\/roveyayinevi.com.tr\/index.php\/wp-json\/wp\/v2\/product\/736949","targetHints":{"allow":["GET"]}}],"collection":[{"href":"https:\/\/roveyayinevi.com.tr\/index.php\/wp-json\/wp\/v2\/product"}],"about":[{"href":"https:\/\/roveyayinevi.com.tr\/index.php\/wp-json\/wp\/v2\/types\/product"}],"wp:attachment":[{"href":"https:\/\/roveyayinevi.com.tr\/index.php\/wp-json\/wp\/v2\/media?parent=736949"}],"wp:term":[{"taxonomy":"product_brand","embeddable":true,"href":"https:\/\/roveyayinevi.com.tr\/index.php\/wp-json\/wp\/v2\/product_brand?post=736949"},{"taxonomy":"product_cat","embeddable":true,"href":"https:\/\/roveyayinevi.com.tr\/index.php\/wp-json\/wp\/v2\/product_cat?post=736949"},{"taxonomy":"product_tag","embeddable":true,"href":"https:\/\/roveyayinevi.com.tr\/index.php\/wp-json\/wp\/v2\/product_tag?post=736949"}],"curies":[{"name":"wp","href":"https:\/\/api.w.org\/{rel}","templated":true}]}}