{"id":736948,"date":"2025-08-27T23:18:21","date_gmt":"2025-08-27T20:18:21","guid":{"rendered":"https:\/\/roveyayinevi.com.tr\/index.php\/urun\/evrendeki-en-kucuk-isiklar\/"},"modified":"2026-04-16T02:45:58","modified_gmt":"2026-04-15T23:45:58","slug":"evrendeki-en-kucuk-isiklar","status":"publish","type":"product","link":"https:\/\/roveyayinevi.com.tr\/index.php\/urun\/evrendeki-en-kucuk-isiklar\/","title":{"rendered":"Evrendeki En K\u00fc\u00e7\u00fck I\u015f\u0131klar"},"content":{"rendered":"<p>\u201cHer gezegenin y\u0131ld\u0131z\u0131 yoktur. Baz\u0131lar\u0131 herhangi bir g\u00fcne\u015f sisteminde yer almaz. Tek ba\u015f\u0131nad\u0131r onlar. Ba\u015f\u0131bo\u015f gezegen denir adlar\u0131na.\u201d Kocas\u0131n\u0131n \u00f6l\u00fcm\u00fcn\u00fcn ard\u0131ndan, bir yandan galaksimizin \u00f6tesinde ya\u015fam bulmaya \u00e7al\u0131\u015f\u0131rken bir yandan da kendi ya\u015fam\u0131n\u0131 ba\u015ftan in\u015fa etmek zorunda kalan ve bu s\u00fcre\u00e7te yery\u00fcz\u00fcnde kurulan ba\u011flar\u0131n g\u00fcc\u00fcn\u00fc ke\u015ffeden bir kad\u0131n\u0131n, \u00fcnl\u00fc astrofizik\u00e7i Sara Seager\u2019\u0131n ger\u00e7ek ve b\u00fcy\u00fcl\u00fc hik\u00e2yesi.  Say\u0131s\u0131z y\u0131ld\u0131z ve say\u0131s\u0131z olas\u0131l\u0131kla dolu g\u00f6ky\u00fcz\u00fcne on ya\u015f\u0131nda vurulmu\u015ftu Sara Seager. Y\u0131llar\u0131n\u0131 \u00f6tegezegenlere, ya\u015fam bar\u0131nd\u0131ran ve eri\u015filmesi hayal gibi g\u00f6r\u00fcnen uzak d\u00fcnyalar\u0131 bulmaya adad\u0131 ve gezegen biliminin parlayan y\u0131ld\u0131zlar\u0131ndan biri oldu. Ama kocas\u0131n\u0131n ani \u00f6l\u00fcm\u00fcyle her \u015fey de\u011fi\u015fti. K\u0131rk ya\u015f\u0131nda, iki k\u00fc\u00e7\u00fck o\u011flan ve elinde kocas\u0131n\u0131n manav al\u0131\u015fveri\u015fi gibi g\u00fcndelik \u2013ama o g\u00fcne kadar kendisi MIT\u2019nin astrofizik laboratuvar\u0131n\u0131 y\u00f6netirken kocas\u0131n\u0131n \u00fcstlendi\u011fi\u2013 i\u015fler i\u00e7in yaz\u0131p b\u0131rakt\u0131\u011f\u0131 notlarla kalakalm\u0131\u015ft\u0131. Hayat\u0131nda ilk kez kendini evrende yapayaln\u0131z hissetti. Sara Seager bu delicesine d\u00fcr\u00fcst an\u0131 kitab\u0131nda, ya\u015fam\u0131na yeniden y\u00f6n veri\u015finin t\u00f6kezlemelerle dolu hik\u00e2yesini payla\u015f\u0131yor bizlerle. <\/p>\n","protected":false},"excerpt":{"rendered":"<p>\u201cHer gezegenin y\u0131ld\u0131z\u0131 yoktur. Baz\u0131lar\u0131 herhangi bir g\u00fcne\u015f sisteminde yer almaz. Tek ba\u015f\u0131nad\u0131r onlar. Ba\u015f\u0131bo\u015f gezegen denir adlar\u0131na.\u201d Kocas\u0131n\u0131n \u00f6l\u00fcm\u00fcn\u00fcn ard\u0131ndan, bir yandan galaksimizin \u00f6tesinde ya\u015fam<span class=\"excerpt-hellip\"> [\u2026]<\/span><\/p>\n","protected":false},"featured_media":0,"template":"","meta":{"_monsterinsights_skip_tracking":false,"_monsterinsights_sitenote_active":false,"_monsterinsights_sitenote_note":"","_monsterinsights_sitenote_category":0},"product_brand":[],"product_cat":[12291,12711],"product_tag":[],"class_list":{"0":"post-736948","1":"product","2":"type-product","3":"status-publish","5":"product_cat-edebiyat","6":"product_cat-roman-oyku","7":"pa_cilt-ciltsiz","8":"pa_tur-kitap","9":"pa_yayinevi-domingo-yayinevi","10":"pa_yazar-sara-seager","12":"first","13":"instock","14":"sale","15":"shipping-taxable","16":"purchasable","17":"product-type-simple"},"_links":{"self":[{"href":"https:\/\/roveyayinevi.com.tr\/index.php\/wp-json\/wp\/v2\/product\/736948","targetHints":{"allow":["GET"]}}],"collection":[{"href":"https:\/\/roveyayinevi.com.tr\/index.php\/wp-json\/wp\/v2\/product"}],"about":[{"href":"https:\/\/roveyayinevi.com.tr\/index.php\/wp-json\/wp\/v2\/types\/product"}],"wp:attachment":[{"href":"https:\/\/roveyayinevi.com.tr\/index.php\/wp-json\/wp\/v2\/media?parent=736948"}],"wp:term":[{"taxonomy":"product_brand","embeddable":true,"href":"https:\/\/roveyayinevi.com.tr\/index.php\/wp-json\/wp\/v2\/product_brand?post=736948"},{"taxonomy":"product_cat","embeddable":true,"href":"https:\/\/roveyayinevi.com.tr\/index.php\/wp-json\/wp\/v2\/product_cat?post=736948"},{"taxonomy":"product_tag","embeddable":true,"href":"https:\/\/roveyayinevi.com.tr\/index.php\/wp-json\/wp\/v2\/product_tag?post=736948"}],"curies":[{"name":"wp","href":"https:\/\/api.w.org\/{rel}","templated":true}]}}