{"id":736946,"date":"2025-08-27T23:18:18","date_gmt":"2025-08-27T20:18:18","guid":{"rendered":"https:\/\/roveyayinevi.com.tr\/index.php\/urun\/deniz\/"},"modified":"2025-11-21T07:33:20","modified_gmt":"2025-11-21T04:33:20","slug":"deniz","status":"publish","type":"product","link":"https:\/\/roveyayinevi.com.tr\/index.php\/urun\/deniz\/","title":{"rendered":"Deniz"},"content":{"rendered":"<p>\u201c\u015eimdiye kadar yazd\u0131\u011f\u0131 en iyi roman&#8230; \u0130nsan\u0131 kendinden ge\u00e7iren o ne tad\u0131na doyum olmaz c\u00fcmleler \u00f6yle.\u201d \u2013Daily Telegraph   2005 MAN BOOKER \u00d6D\u00dcL\u00dc   John Banville, a\u015fk, kaybetmek ve belle\u011fin \u00f6ng\u00f6r\u00fclemeyen g\u00fcc\u00fc hakk\u0131ndaki bu zekice kotar\u0131lm\u0131\u015f roman\u0131nda okurunu orta ya\u015fl\u0131 \u0130rlandal\u0131 Max Morden ile tan\u0131\u015ft\u0131r\u0131yor. Yak\u0131n zamanda kaybetti\u011fi, aralar\u0131nda mesafeli bir ili\u015fki olan kar\u0131s\u0131n\u0131n \u00f6l\u00fcm\u00fcyle ba\u015f edebilmek i\u00e7in \u00e7ocuklu\u011funda tatillerini ge\u00e7irdi\u011fi sahil kasabas\u0131na geri d\u00f6nm\u00fc\u015ft\u00fcr Max Morden. Orada, gen\u00e7li\u011finde tan\u0131d\u0131\u011f\u0131 ve zenginli\u011finin b\u00fcy\u00fcs\u00fcne kap\u0131ld\u0131\u011f\u0131, onu hayat\u0131ndaki ilk a\u015fkla ve ilk \u00f6l\u00fcmle tan\u0131\u015ft\u0131ran s\u0131ra d\u0131\u015f\u0131 Graces ailesini de hat\u0131rlar. Ancak Max\u2019\u0131n belle\u011finin derinliklerinden bulup \u00e7\u0131kard\u0131\u011f\u0131 an\u0131lar\u0131n tamam\u0131 ger\u00e7ek midir, yoksa bir k\u0131sm\u0131n\u0131 kendisi mi yaratm\u0131\u015ft\u0131r? Bellek sahibine ihanet mi etmektedir? Hat\u0131rlama ile uydurmay\u0131 birbirinden ay\u0131ran s\u0131n\u0131r ne kadar de\u011fi\u015fkendir? Deniz, g\u00fcn\u00fcm\u00fcz \u0130rlanda edebiyat\u0131n\u0131n en se\u00e7kin yazar\u0131n\u0131n en etkileyici romanlar\u0131n\u0131n ba\u015f\u0131nda geliyor. <\/p>\n","protected":false},"excerpt":{"rendered":"<p>\u201c\u015eimdiye kadar yazd\u0131\u011f\u0131 en iyi roman&#8230; \u0130nsan\u0131 kendinden ge\u00e7iren o ne tad\u0131na doyum olmaz c\u00fcmleler \u00f6yle.\u201d \u2013Daily Telegraph 2005 MAN BOOKER \u00d6D\u00dcL\u00dc John Banville, a\u015fk, kaybetmek<span class=\"excerpt-hellip\"> [\u2026]<\/span><\/p>\n","protected":false},"featured_media":0,"template":"","meta":{"_monsterinsights_skip_tracking":false,"_monsterinsights_sitenote_active":false,"_monsterinsights_sitenote_note":"","_monsterinsights_sitenote_category":0},"product_brand":[],"product_cat":[12291,12711],"product_tag":[],"class_list":{"0":"post-736946","1":"product","2":"type-product","3":"status-publish","5":"product_cat-edebiyat","6":"product_cat-roman-oyku","7":"pa_cilt-ciltsiz","8":"pa_tur-kitap","9":"pa_yayinevi-sia-kitap","10":"pa_yazar-john-banville","12":"first","13":"instock","14":"sale","15":"shipping-taxable","16":"purchasable","17":"product-type-simple"},"_links":{"self":[{"href":"https:\/\/roveyayinevi.com.tr\/index.php\/wp-json\/wp\/v2\/product\/736946","targetHints":{"allow":["GET"]}}],"collection":[{"href":"https:\/\/roveyayinevi.com.tr\/index.php\/wp-json\/wp\/v2\/product"}],"about":[{"href":"https:\/\/roveyayinevi.com.tr\/index.php\/wp-json\/wp\/v2\/types\/product"}],"wp:attachment":[{"href":"https:\/\/roveyayinevi.com.tr\/index.php\/wp-json\/wp\/v2\/media?parent=736946"}],"wp:term":[{"taxonomy":"product_brand","embeddable":true,"href":"https:\/\/roveyayinevi.com.tr\/index.php\/wp-json\/wp\/v2\/product_brand?post=736946"},{"taxonomy":"product_cat","embeddable":true,"href":"https:\/\/roveyayinevi.com.tr\/index.php\/wp-json\/wp\/v2\/product_cat?post=736946"},{"taxonomy":"product_tag","embeddable":true,"href":"https:\/\/roveyayinevi.com.tr\/index.php\/wp-json\/wp\/v2\/product_tag?post=736946"}],"curies":[{"name":"wp","href":"https:\/\/api.w.org\/{rel}","templated":true}]}}