{"id":736943,"date":"2025-08-27T23:18:15","date_gmt":"2025-08-27T20:18:15","guid":{"rendered":"https:\/\/roveyayinevi.com.tr\/index.php\/urun\/daglarin-ezgisi\/"},"modified":"2026-04-05T02:52:30","modified_gmt":"2026-04-04T23:52:30","slug":"daglarin-ezgisi","status":"publish","type":"product","link":"https:\/\/roveyayinevi.com.tr\/index.php\/urun\/daglarin-ezgisi\/","title":{"rendered":"Da\u011flar\u0131n Ezgisi"},"content":{"rendered":"<p>Sevgi ve cesaret, en b\u00fcy\u00fck yaralar\u0131 bile sarmaya yeter mi?   1920\u2019li y\u0131llarda d\u00fcnyaya gelen Tr\u1ea7n Di\u1ec7u Lan, ayr\u0131cal\u0131kl\u0131 bir ailenin t\u00fcm imk\u00e2nlar\u0131na sahip olarak e\u011fitimli ve g\u00fc\u00e7l\u00fc bir kad\u0131n olarak yeti\u015fmi\u015ftir. B\u00fcy\u00fck fikirleri, idealleri, hayalleri ve t\u00fcm bunlar\u0131 hayata ge\u00e7irebilecek sars\u0131lmaz bir iradesi vard\u0131r. G\u00fcn\u00fcn birinde sadece g\u00f6zlerine bakarak bile akl\u0131n\u0131 okuyabilen, y\u00fcre\u011finin derinliklerine yava\u015f\u00e7a s\u0131z\u0131p orada kendine taht kuran H\u00f9ng ile yollar\u0131 kesi\u015fti\u011finde ise, hayat\u0131 daha da masals\u0131 bir h\u00e2l al\u0131r. Art\u0131k kesinlikle \u00e7ok \u015fansl\u0131 oldu\u011funa, hayat\u0131n ona hep g\u00fczel y\u00fcz\u00fcn\u00fc g\u00f6sterece\u011fine emindir, ta ki Vietnam\u2019\u0131n \u00fczerine ilk karabulutlar \u00e7\u00f6kene kadar.   Vatan\u0131, Japon istilas\u0131 s\u0131ras\u0131nda yabanc\u0131 askerlerin ayaklar\u0131 alt\u0131nda bin par\u00e7aya b\u00f6l\u00fcn\u00fcrken, Di\u1ec7u Lan da parampar\u00e7a olan ailesinin ve hayallerinin k\u00fclleriyle kendine yepyeni bir kader yazmaya \u00e7al\u0131\u015f\u0131r. \u00d6te yandan hayat da en az Di\u1ec7u Lan kadar inat\u00e7\u0131d\u0131r. Her seferinde \u00e7i\u00e7ek a\u00e7an umutlar\u0131 ac\u0131mas\u0131z bir kas\u0131rgayla yeniden k\u0131r\u0131l\u0131rken, y\u0131llar sonra ayn\u0131 yazg\u0131 \u00e7ocuklar\u0131n\u0131n ve torunlar\u0131n\u0131n da yakas\u0131na yap\u0131\u015f\u0131r. \u00c7ocuklar\u0131, bir anda patlak veren Vietnam Sava\u015f\u0131\u2019na kat\u0131lmak \u00fczere evden ayr\u0131l\u0131nca, ya\u015fl\u0131 bir kad\u0131n olarak bu kez torunu H\u01b0\u01a1ng\u2019la tek ba\u015f\u0131na hayatta kalmak ve hayatta tutmak i\u00e7in var g\u00fcc\u00fcyle m\u00fccadele edecek ve \u00e2deta umudun, cesaretin sars\u0131lmaz kalesi h\u00e2line gelecektir.   Ger\u00e7ek hayatlardan ilham al\u0131narak kurgulanan Da\u011flar\u0131n Ezgisi, okurken sizi duygudan duyguya s\u00fcr\u00fckleyecek ger\u00e7ek bir ba\u015fyap\u0131t.   \u201cDa\u011flar\u0131n Ezgisi, daima haf\u0131zamda kalacak muhte\u015fem bir kitap.\u201d Elif \u015eafak <\/p>\n","protected":false},"excerpt":{"rendered":"<p>Sevgi ve cesaret, en b\u00fcy\u00fck yaralar\u0131 bile sarmaya yeter mi? 1920\u2019li y\u0131llarda d\u00fcnyaya gelen Tr\u1ea7n Di\u1ec7u Lan, ayr\u0131cal\u0131kl\u0131 bir ailenin t\u00fcm imk\u00e2nlar\u0131na sahip olarak e\u011fitimli ve<span class=\"excerpt-hellip\"> [\u2026]<\/span><\/p>\n","protected":false},"featured_media":0,"template":"","meta":{"_monsterinsights_skip_tracking":false,"_monsterinsights_sitenote_active":false,"_monsterinsights_sitenote_note":"","_monsterinsights_sitenote_category":0},"product_brand":[],"product_cat":[12291,12711],"product_tag":[],"class_list":{"0":"post-736943","1":"product","2":"type-product","3":"status-publish","5":"product_cat-edebiyat","6":"product_cat-roman-oyku","7":"pa_cilt-ciltsiz","8":"pa_tur-kitap","9":"pa_yayinevi-arkadya-yayinlari","10":"pa_yazar-nguyen-phan-que-mai","12":"first","13":"instock","14":"sale","15":"shipping-taxable","16":"purchasable","17":"product-type-simple"},"_links":{"self":[{"href":"https:\/\/roveyayinevi.com.tr\/index.php\/wp-json\/wp\/v2\/product\/736943","targetHints":{"allow":["GET"]}}],"collection":[{"href":"https:\/\/roveyayinevi.com.tr\/index.php\/wp-json\/wp\/v2\/product"}],"about":[{"href":"https:\/\/roveyayinevi.com.tr\/index.php\/wp-json\/wp\/v2\/types\/product"}],"wp:attachment":[{"href":"https:\/\/roveyayinevi.com.tr\/index.php\/wp-json\/wp\/v2\/media?parent=736943"}],"wp:term":[{"taxonomy":"product_brand","embeddable":true,"href":"https:\/\/roveyayinevi.com.tr\/index.php\/wp-json\/wp\/v2\/product_brand?post=736943"},{"taxonomy":"product_cat","embeddable":true,"href":"https:\/\/roveyayinevi.com.tr\/index.php\/wp-json\/wp\/v2\/product_cat?post=736943"},{"taxonomy":"product_tag","embeddable":true,"href":"https:\/\/roveyayinevi.com.tr\/index.php\/wp-json\/wp\/v2\/product_tag?post=736943"}],"curies":[{"name":"wp","href":"https:\/\/api.w.org\/{rel}","templated":true}]}}