{"id":736942,"date":"2025-08-27T23:18:14","date_gmt":"2025-08-27T20:18:14","guid":{"rendered":"https:\/\/roveyayinevi.com.tr\/index.php\/urun\/karsi-kaldirimdaki-adam\/"},"modified":"2026-04-16T02:45:58","modified_gmt":"2026-04-15T23:45:58","slug":"karsi-kaldirimdaki-adam","status":"publish","type":"product","link":"https:\/\/roveyayinevi.com.tr\/index.php\/urun\/karsi-kaldirimdaki-adam\/","title":{"rendered":"Kar\u015f\u0131 Kald\u0131r\u0131mdaki Adam"},"content":{"rendered":"<p>En b\u00fcy\u00fck hayalini gurura, vicdan\u0131n\u0131 a\u015fka yenik d\u00fc\u015f\u00fcrme!   Gidemezsin! A\u015fk\u0131n seni elleri ceplerinde, kar\u015f\u0131 kald\u0131r\u0131mda beklerken, sen binlerce kilometre \u00f6teye u\u00e7amazs\u0131n. Seni ona sar\u0131lmaktan al\u0131koyan \u00e7ok daha ba\u015fka, b\u00fcy\u00fck bir \u015fey yoksa e\u011fer&#8230;   Vazge\u00e7emezsin! Hayat\u0131n\u0131n en b\u00fcy\u00fck hayaline kavu\u015fma \u00fcmidin varsa, o yoldan geri d\u00f6nemezsin. Gururun seni ele ge\u00e7irmediyse e\u011fer&#8230;   O hatay\u0131 yapamazs\u0131n! Kar\u015f\u0131 Penceredeki Kad\u0131n\u2019san, sadece ba\u015fkas\u0131n\u0131n hayat\u0131n\u0131 ya\u015famaz, g\u00f6n\u00fcll\u00fc k\u00f6leli\u011fe evet demez, seni sen olmaktan al\u0131koyan \u015feylere izin vermezsin. Bu senin ka\u00e7\u0131\u015f\u0131n de\u011filse e\u011fer&#8230;   O riski g\u00f6ze alamazs\u0131n! \u00c7ok istesen de otoriteye kar\u015f\u0131 duramazs\u0131n. Delirmemi\u015fsen e\u011fer&#8230;   Bu romanda Meyra, \u201cYap\u0131lamaz!\u201d denen her \u015feyi yapar ve kendi do\u011frular\u0131n\u0131n pe\u015finden gider. Ancak aya\u011f\u0131na kadar gelmi\u015f en b\u00fcy\u00fck hayalinin yan\u0131ndan ge\u00e7ip gitmesine izin verecek midir acaba? <\/p>\n","protected":false},"excerpt":{"rendered":"<p>En b\u00fcy\u00fck hayalini gurura, vicdan\u0131n\u0131 a\u015fka yenik d\u00fc\u015f\u00fcrme! Gidemezsin! A\u015fk\u0131n seni elleri ceplerinde, kar\u015f\u0131 kald\u0131r\u0131mda beklerken, sen binlerce kilometre \u00f6teye u\u00e7amazs\u0131n. Seni ona sar\u0131lmaktan al\u0131koyan \u00e7ok<span class=\"excerpt-hellip\"> [\u2026]<\/span><\/p>\n","protected":false},"featured_media":0,"template":"","meta":{"_monsterinsights_skip_tracking":false,"_monsterinsights_sitenote_active":false,"_monsterinsights_sitenote_note":"","_monsterinsights_sitenote_category":0},"product_brand":[],"product_cat":[12291,12711],"product_tag":[],"class_list":{"0":"post-736942","1":"product","2":"type-product","3":"status-publish","5":"product_cat-edebiyat","6":"product_cat-roman-oyku","7":"pa_cilt-ciltsiz","8":"pa_tur-kitap","9":"pa_yayinevi-destek-yayinlari","10":"pa_yazar-selda-terek","12":"first","13":"instock","14":"sale","15":"shipping-taxable","16":"purchasable","17":"product-type-simple"},"_links":{"self":[{"href":"https:\/\/roveyayinevi.com.tr\/index.php\/wp-json\/wp\/v2\/product\/736942","targetHints":{"allow":["GET"]}}],"collection":[{"href":"https:\/\/roveyayinevi.com.tr\/index.php\/wp-json\/wp\/v2\/product"}],"about":[{"href":"https:\/\/roveyayinevi.com.tr\/index.php\/wp-json\/wp\/v2\/types\/product"}],"wp:attachment":[{"href":"https:\/\/roveyayinevi.com.tr\/index.php\/wp-json\/wp\/v2\/media?parent=736942"}],"wp:term":[{"taxonomy":"product_brand","embeddable":true,"href":"https:\/\/roveyayinevi.com.tr\/index.php\/wp-json\/wp\/v2\/product_brand?post=736942"},{"taxonomy":"product_cat","embeddable":true,"href":"https:\/\/roveyayinevi.com.tr\/index.php\/wp-json\/wp\/v2\/product_cat?post=736942"},{"taxonomy":"product_tag","embeddable":true,"href":"https:\/\/roveyayinevi.com.tr\/index.php\/wp-json\/wp\/v2\/product_tag?post=736942"}],"curies":[{"name":"wp","href":"https:\/\/api.w.org\/{rel}","templated":true}]}}