{"id":736941,"date":"2025-08-27T23:18:13","date_gmt":"2025-08-27T20:18:13","guid":{"rendered":"https:\/\/roveyayinevi.com.tr\/index.php\/urun\/sevgiyi-surdurme-sanati\/"},"modified":"2026-04-16T02:45:58","modified_gmt":"2026-04-15T23:45:58","slug":"sevgiyi-surdurme-sanati","status":"publish","type":"product","link":"https:\/\/roveyayinevi.com.tr\/index.php\/urun\/sevgiyi-surdurme-sanati\/","title":{"rendered":"Sevgiyi S\u00fcrd\u00fcrme Sanat\u0131"},"content":{"rendered":"<p>Her \u00e7ift kendi ili\u015fkisinin uzman\u0131d\u0131r. Hayat yolunu tek ba\u015f\u0131m\u0131za ad\u0131mlamay\u0131z, bu yolda bize sevdi\u011fimiz insan da e\u015flik eder. Peki hayat\u0131m\u0131z\u0131n temelini olu\u015fturan ili\u015fkimiz i\u00e7in ne kadar emek veririz? Sevdi\u011fimiz insan\u0131n duygular\u0131n\u0131, ili\u015fkimizin gereksinim duydu\u011fu ihtiya\u00e7lar\u0131 fark edebilir miyiz? Her \u015feyde oldu\u011fu gibi ili\u015fkilerde de yeni \u00e7a\u011f yeni \u00e7\u00f6z\u00fcmler gerektirir. \u015eimdiye dek sevgiye dair \u00f6\u011frendiklerinizi yeniden g\u00f6zden ge\u00e7irmeye, yeni \u00f6nerileri hayat\u0131n\u0131za katarken eskilerin de\u011ferini hat\u0131rlamaya haz\u0131r m\u0131s\u0131n\u0131z? Prof. Dr. Alfons Vansteenwegen ve Psikolog-Psikoterapist Emel \u0130\u015fci, SEVG\u0130Y\u0130 S\u00dcRD\u00dcRME SANATI kitab\u0131nda ili\u015fki yolunda t\u00f6kezleyen binlerce \u00e7ifte yard\u0131mc\u0131 olmu\u015f kullan\u0131\u015fl\u0131 ve mucizevi \u00f6neriler sunuyor. \u0130li\u015fkinizde ihtiya\u00e7 duydu\u011funuz de\u011fi\u015fimi ger\u00e7ekle\u015ftirmek i\u00e7in ger\u00e7ek hayattan \u00f6rneklerle dolu bu kitap ili\u015fkinizi derin ve al\u0131\u015f\u0131k olmad\u0131\u011f\u0131n\u0131z bir boyutta de\u011ferlendirme \u015fans\u0131 yarat\u0131yor. Elinizdeki k\u0131lavuz sevgiyi her g\u00fcn ya\u015famak i\u00e7in de\u011ferli bir yat\u0131r\u0131m, siz yeter ki sevgi i\u00e7in hak etti\u011fi eme\u011fi vermek isteyin.   \u2022 \u0130li\u015fkide ya\u015fanan olumlu ve olumsuz duygular\u0131 nas\u0131l ifade etmek gerekir? \u2022 \u0130li\u015fkide cinselli\u011fin \u00f6nemi nedir? \u2022 Uzun zamand\u0131r devam eden bir ili\u015fkide de\u011fi\u015fim m\u00fcmk\u00fcn m\u00fcd\u00fcr? M\u00fcmk\u00fcnse bu nas\u0131l ger\u00e7ekle\u015fir? \u2022 \u00c7at\u0131\u015fmalar\u0131 ve fikir ayr\u0131l\u0131klar\u0131n\u0131 en verimli \u015fekilde ele alma kurallar\u0131 nelerdir? \u00c7ok i\u015fe yarayan yap\u0131c\u0131 pazarl\u0131k y\u00f6ntemleri nas\u0131l uygulan\u0131r? Hangi ileti\u015fim tarz\u0131, ne zaman ters etki g\u00f6sterir? \u2022 Ayr\u0131lmak hangi durumlarda iyi bir \u00e7\u00f6z\u00fcmd\u00fcr? \u2022 \u0130li\u015fkinin b\u00fcy\u00fcleyici ve e\u015fde\u011fer kalmas\u0131 i\u00e7in gerekenler nelerdir? <\/p>\n","protected":false},"excerpt":{"rendered":"<p>Her \u00e7ift kendi ili\u015fkisinin uzman\u0131d\u0131r. Hayat yolunu tek ba\u015f\u0131m\u0131za ad\u0131mlamay\u0131z, bu yolda bize sevdi\u011fimiz insan da e\u015flik eder. Peki hayat\u0131m\u0131z\u0131n temelini olu\u015fturan ili\u015fkimiz i\u00e7in ne kadar<span class=\"excerpt-hellip\"> [\u2026]<\/span><\/p>\n","protected":false},"featured_media":0,"template":"","meta":{"_monsterinsights_skip_tracking":false,"_monsterinsights_sitenote_active":false,"_monsterinsights_sitenote_note":"","_monsterinsights_sitenote_category":0},"product_brand":[],"product_cat":[12364,12376],"product_tag":[],"class_list":{"0":"post-736941","1":"product","2":"type-product","3":"status-publish","5":"product_cat-genel-konular","6":"product_cat-kisisel-gelisim","7":"pa_cilt-ciltsiz","8":"pa_tur-kitap","9":"pa_yayinevi-destek-yayinlari","10":"pa_yazar-alfons-vansteenwegen-emel-isci","12":"first","13":"instock","14":"sale","15":"shipping-taxable","16":"purchasable","17":"product-type-simple"},"_links":{"self":[{"href":"https:\/\/roveyayinevi.com.tr\/index.php\/wp-json\/wp\/v2\/product\/736941","targetHints":{"allow":["GET"]}}],"collection":[{"href":"https:\/\/roveyayinevi.com.tr\/index.php\/wp-json\/wp\/v2\/product"}],"about":[{"href":"https:\/\/roveyayinevi.com.tr\/index.php\/wp-json\/wp\/v2\/types\/product"}],"wp:attachment":[{"href":"https:\/\/roveyayinevi.com.tr\/index.php\/wp-json\/wp\/v2\/media?parent=736941"}],"wp:term":[{"taxonomy":"product_brand","embeddable":true,"href":"https:\/\/roveyayinevi.com.tr\/index.php\/wp-json\/wp\/v2\/product_brand?post=736941"},{"taxonomy":"product_cat","embeddable":true,"href":"https:\/\/roveyayinevi.com.tr\/index.php\/wp-json\/wp\/v2\/product_cat?post=736941"},{"taxonomy":"product_tag","embeddable":true,"href":"https:\/\/roveyayinevi.com.tr\/index.php\/wp-json\/wp\/v2\/product_tag?post=736941"}],"curies":[{"name":"wp","href":"https:\/\/api.w.org\/{rel}","templated":true}]}}