{"id":736939,"date":"2025-08-27T23:18:11","date_gmt":"2025-08-27T20:18:11","guid":{"rendered":"https:\/\/roveyayinevi.com.tr\/index.php\/urun\/hermeneutik-ve-tin-bilimleri\/"},"modified":"2026-04-16T02:45:58","modified_gmt":"2026-04-15T23:45:58","slug":"hermeneutik-ve-tin-bilimleri","status":"publish","type":"product","link":"https:\/\/roveyayinevi.com.tr\/index.php\/urun\/hermeneutik-ve-tin-bilimleri\/","title":{"rendered":"Hermeneutik ve Tin Bilimleri"},"content":{"rendered":"<p>\u0130nsan tini, bir nevi tarihin kuma\u015f\u0131d\u0131r, insan\u0131n duygu ve d\u00fc\u015f\u00fcncesinden \u00e7\u0131km\u0131\u015f ve tarihsellik kazanm\u0131\u015f olan her \u015feydir.  Ancak bu tin kendisini \u00f6ylece a\u00e7\u0131\u011fa vurmaz; ta\u015flarda, jestlerde, s\u00f6zc\u00fcklerde ve eylemlerde, a\u00e7\u0131mlanmay\u0131 yani yorumlanmay\u0131 beklemektedir. Bu nedenledir ki Dilthey hermeneuti\u011fi veya yorumbilimi, \u2018filolojik virt\u00fc\u00f6zl\u00fck\u2019 olarak tan\u0131mlar. Anlama ve a\u00e7\u0131mlama daima bizzat ya\u015famdan etkilenir ve ya\u015fam\u0131 etkiler. \u00d6rne\u011fin sanat, ya\u015fam deneyimine dayan\u0131r; hem cenneti hem cehennemi, ya\u015fam ger\u00e7ekli\u011finin renkleriyle resmeder. Bu kitap Alman filozof Wilhelm Dilthey\u2019\u0131n tin bilimleri, yorumbilim ve sanat anlay\u0131\u015f\u0131na giri\u015f olarak yazm\u0131\u015f oldu\u011fu temel metinlerinden olu\u015fmaktad\u0131r. Tin bilimlerinin konusu ve y\u00f6ntemi; hermenueti\u011fin do\u011fu\u015fu; sanatta tekilli\u011fin anlam\u0131 kitapta ele al\u0131nan temel konulardand\u0131r. Yine bu kitap, Schleiermacher, Schiller ve Schlegel de\u011finileriyle k\u0131sa bir hermenuetik tarihi de sunmaktad\u0131r.<\/p>\n","protected":false},"excerpt":{"rendered":"<p>\u0130nsan tini, bir nevi tarihin kuma\u015f\u0131d\u0131r, insan\u0131n duygu ve d\u00fc\u015f\u00fcncesinden \u00e7\u0131km\u0131\u015f ve tarihsellik kazanm\u0131\u015f olan her \u015feydir. Ancak bu tin kendisini \u00f6ylece a\u00e7\u0131\u011fa vurmaz; ta\u015flarda, jestlerde,<span class=\"excerpt-hellip\"> [\u2026]<\/span><\/p>\n","protected":false},"featured_media":0,"template":"","meta":{"_monsterinsights_skip_tracking":false,"_monsterinsights_sitenote_active":false,"_monsterinsights_sitenote_note":"","_monsterinsights_sitenote_category":0},"product_brand":[],"product_cat":[12389,12388],"product_tag":[],"class_list":{"0":"post-736939","1":"product","2":"type-product","3":"status-publish","5":"product_cat-diger-felsefe","6":"product_cat-felsefe","7":"pa_cilt-ciltsiz","8":"pa_tur-kitap","9":"pa_yayinevi-fol-kitap","10":"pa_yazar-wilhelm-dilthey","12":"first","13":"instock","14":"sale","15":"shipping-taxable","16":"purchasable","17":"product-type-simple"},"_links":{"self":[{"href":"https:\/\/roveyayinevi.com.tr\/index.php\/wp-json\/wp\/v2\/product\/736939","targetHints":{"allow":["GET"]}}],"collection":[{"href":"https:\/\/roveyayinevi.com.tr\/index.php\/wp-json\/wp\/v2\/product"}],"about":[{"href":"https:\/\/roveyayinevi.com.tr\/index.php\/wp-json\/wp\/v2\/types\/product"}],"wp:attachment":[{"href":"https:\/\/roveyayinevi.com.tr\/index.php\/wp-json\/wp\/v2\/media?parent=736939"}],"wp:term":[{"taxonomy":"product_brand","embeddable":true,"href":"https:\/\/roveyayinevi.com.tr\/index.php\/wp-json\/wp\/v2\/product_brand?post=736939"},{"taxonomy":"product_cat","embeddable":true,"href":"https:\/\/roveyayinevi.com.tr\/index.php\/wp-json\/wp\/v2\/product_cat?post=736939"},{"taxonomy":"product_tag","embeddable":true,"href":"https:\/\/roveyayinevi.com.tr\/index.php\/wp-json\/wp\/v2\/product_tag?post=736939"}],"curies":[{"name":"wp","href":"https:\/\/api.w.org\/{rel}","templated":true}]}}