{"id":736938,"date":"2025-08-27T23:18:10","date_gmt":"2025-08-27T20:18:10","guid":{"rendered":"https:\/\/roveyayinevi.com.tr\/index.php\/urun\/griden-beyaza\/"},"modified":"2026-04-07T02:53:49","modified_gmt":"2026-04-06T23:53:49","slug":"griden-beyaza","status":"publish","type":"product","link":"https:\/\/roveyayinevi.com.tr\/index.php\/urun\/griden-beyaza\/","title":{"rendered":"Griden Beyaza"},"content":{"rendered":"<p>Gri rahat bir renktir. G\u00f6z\u00fc yormaz. Beyaz gibi ayd\u0131nl\u0131k de\u011filse de siyah gibi karanl\u0131k da de\u011fildir. Orta karar bir hali vard\u0131r, zahmet vermez, konforludur. Tehlikesi de tam buradad\u0131r. Kolay al\u0131\u015f\u0131rs\u0131n\u0131z ona, dura\u011fand\u0131r; sizi herhangi bir eylem i\u00e7in te\u015fvik etmez, bir alana sabitler. Gri alan\u0131n\u0131z kimi zaman sizi al\u0131koyan \u00e7ekingenli\u011finiz, fanatizminiz veya arkada\u015f ortam\u0131n\u0131z kimi zaman ise saatlerinizi harcad\u0131\u011f\u0131n\u0131z uyku veya sosyal medya olabilir. Yani kim nerede gere\u011finden fazla zaman ve enerji kaybediyorsa onun gri alan\u0131 oras\u0131d\u0131r ve orada hayallere, hedeflere yer yoktur. Peki onlar nerededir? Beyaz alanda\u2026 Ancak Griden Beyaza bir yolculuk yapt\u0131\u011f\u0131n\u0131z takdirde kalbinizin derinliklerinde bir hazine gibi saklad\u0131\u011f\u0131n\u0131z hayallerinizi ortaya \u00e7\u0131karabilir, kabiliyetinizi ke\u015ffedip onu bir cevher gibi i\u015fleyebilirsiniz. Gelece\u011finizi tayin etmek, \u00f6n\u00fcn\u00fczdeki t\u00fcm s\u0131navlar\u0131 verebilmek i\u00e7in korksan\u0131z, zorlansan\u0131z dahi yola \u00e7\u0131k\u0131p m\u00fccadele etmeniz, hayallerinizin ger\u00e7ekle\u015fece\u011fi an\u0131 d\u00fc\u015fleyerek ad\u0131m ad\u0131m ilerlemeniz gerekir. Yolunuza \u00e7i\u00e7ekler serilece\u011fini vadetmiyorum aksine yol tuzaklarla dolu&#8230; Ama merak etmeyin, yolculu\u011funuzun rotas\u0131n\u0131 do\u011fru bir \u015fekilde tespit edebilmeniz i\u00e7in bu kitap size rehberlik edecek. Hayallerinize ula\u015fma yolunda ihtiya\u00e7 duydu\u011funuz i\u00e7eri\u011fi -motivasyon, hedef belirleme, planlama, verimli \u00e7al\u0131\u015fma, irade ve zaman y\u00f6netimi konular\u0131n\u0131- bu kitapta bulabileceksiniz. Haydi, direksiyonun ba\u015f\u0131na ge\u00e7 tayfam, art\u0131k kaptan olma vakti! Gri yollar\u0131 terk edip beyaz hayallerin i\u00e7in sonuna kadar m\u00fccadele et. <\/p>\n","protected":false},"excerpt":{"rendered":"<p>Gri rahat bir renktir. G\u00f6z\u00fc yormaz. Beyaz gibi ayd\u0131nl\u0131k de\u011filse de siyah gibi karanl\u0131k da de\u011fildir. Orta karar bir hali vard\u0131r, zahmet vermez, konforludur. Tehlikesi de<span class=\"excerpt-hellip\"> [\u2026]<\/span><\/p>\n","protected":false},"featured_media":0,"template":"","meta":{"_monsterinsights_skip_tracking":false,"_monsterinsights_sitenote_active":false,"_monsterinsights_sitenote_note":"","_monsterinsights_sitenote_category":0},"product_brand":[],"product_cat":[12364,12376],"product_tag":[],"class_list":{"0":"post-736938","1":"product","2":"type-product","3":"status-publish","5":"product_cat-genel-konular","6":"product_cat-kisisel-gelisim","7":"pa_cilt-ciltsiz","8":"pa_tur-kitap","9":"pa_yayinevi-profil-kitap","10":"pa_yazar-gokhan-muftuoglu","12":"first","13":"instock","14":"sale","15":"shipping-taxable","16":"purchasable","17":"product-type-simple"},"_links":{"self":[{"href":"https:\/\/roveyayinevi.com.tr\/index.php\/wp-json\/wp\/v2\/product\/736938","targetHints":{"allow":["GET"]}}],"collection":[{"href":"https:\/\/roveyayinevi.com.tr\/index.php\/wp-json\/wp\/v2\/product"}],"about":[{"href":"https:\/\/roveyayinevi.com.tr\/index.php\/wp-json\/wp\/v2\/types\/product"}],"wp:attachment":[{"href":"https:\/\/roveyayinevi.com.tr\/index.php\/wp-json\/wp\/v2\/media?parent=736938"}],"wp:term":[{"taxonomy":"product_brand","embeddable":true,"href":"https:\/\/roveyayinevi.com.tr\/index.php\/wp-json\/wp\/v2\/product_brand?post=736938"},{"taxonomy":"product_cat","embeddable":true,"href":"https:\/\/roveyayinevi.com.tr\/index.php\/wp-json\/wp\/v2\/product_cat?post=736938"},{"taxonomy":"product_tag","embeddable":true,"href":"https:\/\/roveyayinevi.com.tr\/index.php\/wp-json\/wp\/v2\/product_tag?post=736938"}],"curies":[{"name":"wp","href":"https:\/\/api.w.org\/{rel}","templated":true}]}}