{"id":736936,"date":"2025-08-27T23:18:09","date_gmt":"2025-08-27T20:18:09","guid":{"rendered":"https:\/\/roveyayinevi.com.tr\/index.php\/urun\/akran-zorbaligi\/"},"modified":"2026-04-16T02:45:57","modified_gmt":"2026-04-15T23:45:57","slug":"akran-zorbaligi","status":"publish","type":"product","link":"https:\/\/roveyayinevi.com.tr\/index.php\/urun\/akran-zorbaligi\/","title":{"rendered":"Akran Zorbal\u0131\u011f\u0131"},"content":{"rendered":"<p>AKRAN ZORBALI\u011eI \u00c7ocu\u011funuz okulda arkada\u015flar\u0131yla sorun ya\u015f\u0131yor mu? \u00d6zellikle zorbal\u0131kla, \u015fiddetle, tehditle, d\u0131\u015flanmakla, a\u015fa\u011f\u0131lanmakla veya ba\u015fka t\u00fcrden bir k\u00f6t\u00fc muameleyle kar\u015f\u0131la\u015f\u0131yor mu? Belki fark\u0131nda de\u011filsiniz, belki \u00e7ocu\u011funuz size anlatmaktan ka\u00e7\u0131n\u0131yor ama pek \u00e7ok \u00e7ocuk okulda veya akranlar\u0131yla birlikte oldu\u011fu \u00e7e\u015fitli sosyal ortamlarda \u201cakran zorbal\u0131\u011f\u0131\u201d diye tan\u0131mlanan davran\u0131\u015flarla kar\u015f\u0131la\u015fmaktad\u0131r. \u00c7ocu\u011fun psikolojik sorunlar ya\u015famas\u0131na, i\u00e7e kapanmas\u0131na, \u00f6zsayg\u0131s\u0131n\u0131n ve \u00f6zg\u00fcveninin sars\u0131lmas\u0131na, sosyal becerilerinin geli\u015fmemesine yol a\u00e7an bu zorbal\u0131\u011f\u0131n engellenmesi \u015fartt\u0131r. \u00c7ocu\u011funuz bu zorbal\u0131\u011f\u0131n kurban\u0131 da faili de olsa yard\u0131ma ihtiyac\u0131 vard\u0131r. Deneyimli \u00fc\u00e7 e\u011fitim ve \u00e7ocuk psikologu taraf\u0131ndan haz\u0131rlanan bu kitap hem \u00e7ocuk hem de ailesi i\u00e7in \u00e7ok stresli ve kritik olan bu s\u00fcreci y\u00f6netmek i\u00e7in bir rehber niteli\u011fini ta\u015f\u0131yor. \u00c7ocuklara yard\u0131mc\u0131 olmak i\u00e7in bilimsel de\u011feri kan\u0131tlanm\u0131\u015f yol ve y\u00f6ntemler sunarken ebeveynleri ve ilgili herkesi ayd\u0131nlat\u0131yor. Art\u0131k daha iyi biliniyor ki, \u00e7ocuklukta ya\u015fanan psikolojik sorunlar yeti\u015fkinlikte de \u00e7e\u015fitli s\u0131k\u0131nt\u0131lara, ciddi sa\u011fl\u0131k sorunlar\u0131na kaynakl\u0131k etmektedir. Dolay\u0131s\u0131yla ebeveynler, \u00f6\u011fretmenler ve ilgili herkes bu konuda \u00fczerine d\u00fc\u015feni yaparak daha sa\u011fl\u0131kl\u0131, \u00f6zsayg\u0131s\u0131 ve \u00f6zg\u00fcveni y\u00fcksek ku\u015faklar\u0131n yeti\u015fmesi i\u00e7in \u00e7abalamal\u0131d\u0131r.<\/p>\n","protected":false},"excerpt":{"rendered":"<p>AKRAN ZORBALI\u011eI \u00c7ocu\u011funuz okulda arkada\u015flar\u0131yla sorun ya\u015f\u0131yor mu? \u00d6zellikle zorbal\u0131kla, \u015fiddetle, tehditle, d\u0131\u015flanmakla, a\u015fa\u011f\u0131lanmakla veya ba\u015fka t\u00fcrden bir k\u00f6t\u00fc muameleyle kar\u015f\u0131la\u015f\u0131yor mu? Belki fark\u0131nda de\u011filsiniz, belki<span class=\"excerpt-hellip\"> [\u2026]<\/span><\/p>\n","protected":false},"featured_media":0,"template":"","meta":{"_monsterinsights_skip_tracking":false,"_monsterinsights_sitenote_active":false,"_monsterinsights_sitenote_note":"","_monsterinsights_sitenote_category":0},"product_brand":[],"product_cat":[12831,12324],"product_tag":[],"class_list":{"0":"post-736936","1":"product","2":"type-product","3":"status-publish","5":"product_cat-aile-ve-cocuk","6":"product_cat-sosyoloji","7":"pa_cilt-ciltsiz","8":"pa_tur-kitap","9":"pa_yayinevi-kuraldisi-yayinevi","10":"pa_yazar-kuraldisi-yayinevi-kolektif","12":"first","13":"instock","14":"sale","15":"shipping-taxable","16":"purchasable","17":"product-type-simple"},"_links":{"self":[{"href":"https:\/\/roveyayinevi.com.tr\/index.php\/wp-json\/wp\/v2\/product\/736936","targetHints":{"allow":["GET"]}}],"collection":[{"href":"https:\/\/roveyayinevi.com.tr\/index.php\/wp-json\/wp\/v2\/product"}],"about":[{"href":"https:\/\/roveyayinevi.com.tr\/index.php\/wp-json\/wp\/v2\/types\/product"}],"wp:attachment":[{"href":"https:\/\/roveyayinevi.com.tr\/index.php\/wp-json\/wp\/v2\/media?parent=736936"}],"wp:term":[{"taxonomy":"product_brand","embeddable":true,"href":"https:\/\/roveyayinevi.com.tr\/index.php\/wp-json\/wp\/v2\/product_brand?post=736936"},{"taxonomy":"product_cat","embeddable":true,"href":"https:\/\/roveyayinevi.com.tr\/index.php\/wp-json\/wp\/v2\/product_cat?post=736936"},{"taxonomy":"product_tag","embeddable":true,"href":"https:\/\/roveyayinevi.com.tr\/index.php\/wp-json\/wp\/v2\/product_tag?post=736936"}],"curies":[{"name":"wp","href":"https:\/\/api.w.org\/{rel}","templated":true}]}}