{"id":736935,"date":"2025-08-27T23:18:08","date_gmt":"2025-08-27T20:18:08","guid":{"rendered":"https:\/\/roveyayinevi.com.tr\/index.php\/urun\/kaderimiz-kalbimizden-dokulsun\/"},"modified":"2026-04-16T02:45:57","modified_gmt":"2026-04-15T23:45:57","slug":"kaderimiz-kalbimizden-dokulsun","status":"publish","type":"product","link":"https:\/\/roveyayinevi.com.tr\/index.php\/urun\/kaderimiz-kalbimizden-dokulsun\/","title":{"rendered":"Kaderimiz Kalbimizden D\u00f6k\u00fcls\u00fcn"},"content":{"rendered":"<p>\u201c\u0130nsan istedi\u011fi her \u015feyin \u00e7aresini, istemediklerinin ise mazeretini \u00fcretir. Ula\u015f\u0131lmaz ve zor hedef yoktur, eri\u015filmez oldu\u011funu sand\u0131\u011f\u0131m\u0131z yan\u0131lsamalar vard\u0131r.\u201d   Duygu ve d\u00fc\u015f\u00fcnceler arac\u0131l\u0131\u011f\u0131yla kendimizi ke\u015ffedip iyile\u015fmemiz m\u00fcmk\u00fcn m\u00fc? Hayattaki rotam\u0131z\u0131 belirlerken duygular\u0131m\u0131z\u0131n rehberli\u011fine g\u00fcvenebilir miyiz?Bu kitab\u0131n her sat\u0131r\u0131 size iyi gelecek.Uzm. Psikolog Cevher S\u00f6nmez en iyi yol arkada\u015f\u0131m\u0131z\u0131n duygular oldu\u011fu ger\u00e7e\u011fiyle y\u00fczle\u015fmemizi sa\u011fl\u0131yor. Duygusal ac\u0131dan duygusal uyan\u0131\u015fa, d\u00fc\u015f\u00fcncelerle hayat\u0131 y\u00f6netmekten duygusal akort ayarlar\u0131na kadar bir\u00e7ok konuyu okurlar\u0131yla payla\u015f\u0131yor.Varl\u0131\u011f\u0131 ba\u015fl\u0131 ba\u015f\u0131na mucize olan insan\u0131n duygular\u0131 da varolu\u015fu gibi bir mucize\u2026Kaderimiz Kalbimizden D\u00f6k\u00fcls\u00fcn her duygunun \u00f6zel oldu\u011funu, ya\u015fam\u0131n dengesiyle d\u00fczeninin, karar ve tercihlerimiz sayesinde \u015fekillendi\u011fini anlat\u0131yor. <\/p>\n","protected":false},"excerpt":{"rendered":"<p>\u201c\u0130nsan istedi\u011fi her \u015feyin \u00e7aresini, istemediklerinin ise mazeretini \u00fcretir. Ula\u015f\u0131lmaz ve zor hedef yoktur, eri\u015filmez oldu\u011funu sand\u0131\u011f\u0131m\u0131z yan\u0131lsamalar vard\u0131r.\u201d Duygu ve d\u00fc\u015f\u00fcnceler arac\u0131l\u0131\u011f\u0131yla kendimizi ke\u015ffedip iyile\u015fmemiz<span class=\"excerpt-hellip\"> [\u2026]<\/span><\/p>\n","protected":false},"featured_media":0,"template":"","meta":{"_monsterinsights_skip_tracking":false,"_monsterinsights_sitenote_active":false,"_monsterinsights_sitenote_note":"","_monsterinsights_sitenote_category":0},"product_brand":[],"product_cat":[12755,12357],"product_tag":[],"class_list":{"0":"post-736935","1":"product","2":"type-product","3":"status-publish","5":"product_cat-gelisim-psikolojisi","6":"product_cat-psikoloji","7":"pa_cilt-ciltsiz","8":"pa_tur-kitap","9":"pa_yayinevi-nemesis-kitap","10":"pa_yazar-cevher-sonmez","12":"first","13":"instock","14":"sale","15":"shipping-taxable","16":"purchasable","17":"product-type-simple"},"_links":{"self":[{"href":"https:\/\/roveyayinevi.com.tr\/index.php\/wp-json\/wp\/v2\/product\/736935","targetHints":{"allow":["GET"]}}],"collection":[{"href":"https:\/\/roveyayinevi.com.tr\/index.php\/wp-json\/wp\/v2\/product"}],"about":[{"href":"https:\/\/roveyayinevi.com.tr\/index.php\/wp-json\/wp\/v2\/types\/product"}],"wp:attachment":[{"href":"https:\/\/roveyayinevi.com.tr\/index.php\/wp-json\/wp\/v2\/media?parent=736935"}],"wp:term":[{"taxonomy":"product_brand","embeddable":true,"href":"https:\/\/roveyayinevi.com.tr\/index.php\/wp-json\/wp\/v2\/product_brand?post=736935"},{"taxonomy":"product_cat","embeddable":true,"href":"https:\/\/roveyayinevi.com.tr\/index.php\/wp-json\/wp\/v2\/product_cat?post=736935"},{"taxonomy":"product_tag","embeddable":true,"href":"https:\/\/roveyayinevi.com.tr\/index.php\/wp-json\/wp\/v2\/product_tag?post=736935"}],"curies":[{"name":"wp","href":"https:\/\/api.w.org\/{rel}","templated":true}]}}